{"id":201315,"date":"2025-03-20T15:13:10","date_gmt":"2025-03-20T15:13:10","guid":{"rendered":"https:\/\/aromasentia.com\/product\/grapefruit-organic-essential-oil-10ml\/"},"modified":"2025-06-22T03:36:11","modified_gmt":"2025-06-22T03:36:11","slug":"oekologisk-grapefrugt-aeterisk-olie-aeterisk-olie-10ml","status":"publish","type":"product","link":"https:\/\/aromasentia.com\/da\/oekologisk-grapefrugt-aeterisk-olie-aeterisk-olie-10ml\/","title":{"rendered":"\u00d8kologisk Grapefrugt \u00c6terisk Olie \u00c6terisk Olie 10ml"},"content":{"rendered":"<p><strong>Latinsk navn:<\/strong> Citrus Paradisi<br \/><strong>Anvendt plantedel:<\/strong> Frugtskal<br \/><strong>Kilde:<\/strong>Argentina<br \/><strong>Ekstraktionsmetode:<\/strong> Koldpresning<\/p>\n<p><strong>\u00d8kologisk \u00e6terisk grapefrugtolie<\/strong>har forskellige egenskaber, der kan tilbyde en r\u00e6kke sundhedsm\u00e6ssige fordele &#8211; herunder reduceret blodtryk og stressniveau. Fortalere for olien, der stammer fra skr\u00e6llen af Citrus paradisi-frugten, foresl\u00e5r, at det at ind\u00e5nde oliens syrlige duft kan hj\u00e6lpe med at l\u00f8fte dit hum\u00f8r og tilbyde en r\u00e6kke fordele.<\/p>\n<p>Ind\u00e5nding af aromaen af \u00e6terisk grapefrugtolie (eller absorption af \u00e6terisk grapefrugtolie gennem huden) menes at overf\u00f8re beskeder til en hjerneregion, der er involveret i at kontrollere f\u00f8lelser. Denne hjerneregion, kendt som det limbiske system, p\u00e5virker ogs\u00e5 nervesystemet. Fortalere for aromaterapi antyder, at \u00e6teriske olier kan p\u00e5virke en r\u00e6kke biologiske faktorer, herunder puls, stressniveau, blodtryk, vejrtr\u00e6kning og immunfunktion.<\/p>\n<p>\u00c6terisk olie af grapefrugt bruges ogs\u00e5 til at reducere stress, stimulere blodcirkulationen, \u00f8ge energi, forbedre hum\u00f8ret og forbedre ford\u00f8jelsen.<\/p>\n","protected":false},"excerpt":{"rendered":"<p>Latinsk navn: Citrus ParadisiAnvendt plantedel: FrugtskalKilde:ArgentinaEkstraktionsmetode: Koldpresning \u00d8kologisk \u00e6terisk grapefrugtoliehar forskellige egenskaber, der kan tilbyde en r\u00e6kke sundhedsm\u00e6ssige fordele &#8211; herunder reduceret blodtryk og stressniveau. Fortalere for olien, der stammer fra skr\u00e6llen af Citrus paradisi-frugten, foresl\u00e5r, at det at ind\u00e5nde oliens syrlige duft kan hj\u00e6lpe med at l\u00f8fte dit hum\u00f8r og tilbyde en r\u00e6kke fordele. [&hellip;]<\/p>\n","protected":false},"featured_media":267375,"comment_status":"closed","ping_status":"open","template":"","meta":{"_angie_page":false},"product_brand":[27094],"product_cat":[7647,6153,26816,25839,25950,26655],"product_tag":[],"class_list":{"0":"post-201315","1":"product","2":"type-product","3":"status-publish","4":"has-post-thumbnail","6":"product_brand-ancient-wisdom","7":"product_cat-aeteriske-olier","8":"product_cat-aromaterapi-og-rumdufte","9":"product_cat-citrus","10":"product_cat-dufte-aromaer","11":"product_cat-grapefrugt","12":"product_cat-okologiske-aeteriske-olier","13":"pa_collection-10ml-organic-essential-oils-da","14":"pa_made-in-argentina","15":"pa_size-10ml","17":"first","18":"instock","19":"purchasable","20":"product-type-simple"},"supplier_id":null,"supplier_sku":"OrgEO-15","barcode":null,"atum_controlled":true,"out_stock_date":null,"out_stock_threshold":null,"inheritable":false,"inbound_stock":null,"stock_on_hold":0,"sold_today":0,"sales_last_days":0,"reserved_stock":null,"customer_returns":null,"warehouse_damage":null,"lost_in_post":null,"other_logs":null,"out_stock_days":0,"lost_sales":0,"has_location":null,"update_date":"2026-04-27T07:16:58","atum_locations":[],"atum_stock_status":"instock","restock_status":false,"low_stock_amount":"","sales_update_date":"2026-02-06T00:00:47","calc_backorders":null,"_links":{"self":[{"href":"https:\/\/aromasentia.com\/da\/wp-json\/wp\/v2\/product\/201315","targetHints":{"allow":["GET"]}}],"collection":[{"href":"https:\/\/aromasentia.com\/da\/wp-json\/wp\/v2\/product"}],"about":[{"href":"https:\/\/aromasentia.com\/da\/wp-json\/wp\/v2\/types\/product"}],"replies":[{"embeddable":true,"href":"https:\/\/aromasentia.com\/da\/wp-json\/wp\/v2\/comments?post=201315"}],"version-history":[{"count":0,"href":"https:\/\/aromasentia.com\/da\/wp-json\/wp\/v2\/product\/201315\/revisions"}],"wp:featuredmedia":[{"embeddable":true,"href":"https:\/\/aromasentia.com\/da\/wp-json\/wp\/v2\/media\/267375"}],"wp:attachment":[{"href":"https:\/\/aromasentia.com\/da\/wp-json\/wp\/v2\/media?parent=201315"}],"wp:term":[{"taxonomy":"product_brand","embeddable":true,"href":"https:\/\/aromasentia.com\/da\/wp-json\/wp\/v2\/product_brand?post=201315"},{"taxonomy":"product_cat","embeddable":true,"href":"https:\/\/aromasentia.com\/da\/wp-json\/wp\/v2\/product_cat?post=201315"},{"taxonomy":"product_tag","embeddable":true,"href":"https:\/\/aromasentia.com\/da\/wp-json\/wp\/v2\/product_tag?post=201315"}],"curies":[{"name":"wp","href":"https:\/\/api.w.org\/{rel}","templated":true}]}}