{"id":201314,"date":"2025-03-20T15:13:10","date_gmt":"2025-03-20T15:13:10","guid":{"rendered":"https:\/\/aromasentia.com\/product\/clary-sage-organic-essential-oil-10ml\/"},"modified":"2025-06-22T03:36:10","modified_gmt":"2025-06-22T03:36:10","slug":"oekologisk-clary-salvie-aeterisk-olie-10ml","status":"publish","type":"product","link":"https:\/\/aromasentia.com\/da\/oekologisk-clary-salvie-aeterisk-olie-10ml\/","title":{"rendered":"\u00d8kologisk Clary Salvie \u00c6terisk Olie 10ml"},"content":{"rendered":"<p><strong>Latinsk navn:<\/strong> Salvia Sclarea<br \/><strong>Anvendt plantedel:<\/strong> Toppe og blade<br \/><strong>Kilde:<\/strong> Ungarn<br \/><strong>Ekstraktionsmetode:<\/strong> Dampdestillation<\/p>\n<p><strong>\u00d8kologisk \u00e6terisk olie af muskatellersalvie<\/strong> udvindes ved dampdestillation fra blomstertoppene og bladene p\u00e5 Salvia sclarea. Den er hjemmeh\u00f8rende i Sydeuropa og dyrkes for sin olie i Frankrig og Rusland. Den st\u00f8rste fordel ved denne olie er dens beroligende indflydelse p\u00e5 nerverne og er is\u00e6r nyttig til kvindelige klager og lidelser. Den siges ogs\u00e5 at hj\u00e6lpe med hudproblemer som akne, bylder og s\u00e5r og lindrer smertefulde muskler og led.<\/p>\n<p>Muskatellersalvie er nyttig for dem, der lider af depression, stress og s\u00f8vnl\u00f8shed. Den er blevet brugt til at hj\u00e6lpe med kvinders problemer som smertefulde menstruationer, uregelm\u00e6ssig menstruation og under f\u00f8dsel. I overgangsalderen menes denne olie at reducere hedeture, nattesved, hjertebanken, irritabilitet samt hovedpine og svimmelhed. Det er blevet brugt som et elskovsmiddel. Det er ogs\u00e5 godt for ford\u00f8jelsen og nyrerne. Muskatelleriolie b\u00f8r undg\u00e5s ved indtagelse af alkohol, da det kan \u00f8ge beruselsen. Brug i sm\u00e5 m\u00e6ngder, da en stor dosis kan give hovedpine.<\/p>\n<p>I middelalderen var muskatelleri kendt som Oculus Christi, hvilket bet\u00f8d &#8220;Kristi \u00f8je&#8221;. Det var en h\u00f8jt v\u00e6rdsat medicin lige siden. I Jamaica blev den brugt af lokalbefolkningen til at rense og k\u00f8le s\u00e5r og mod bet\u00e6ndelse i \u00f8jnene. Det er en dyr olie og har v\u00e6ret en vigtig og nyttig olie i aromaterapi og naturmedicin i lang tid.<\/p>\n","protected":false},"excerpt":{"rendered":"<p>Latinsk navn: Salvia SclareaAnvendt plantedel: Toppe og bladeKilde: UngarnEkstraktionsmetode: Dampdestillation \u00d8kologisk \u00e6terisk olie af muskatellersalvie udvindes ved dampdestillation fra blomstertoppene og bladene p\u00e5 Salvia sclarea. Den er hjemmeh\u00f8rende i Sydeuropa og dyrkes for sin olie i Frankrig og Rusland. Den st\u00f8rste fordel ved denne olie er dens beroligende indflydelse p\u00e5 nerverne og er is\u00e6r nyttig [&hellip;]<\/p>\n","protected":false},"featured_media":267366,"comment_status":"closed","ping_status":"open","template":"","meta":[],"product_brand":[27094],"product_cat":[7647,6153,25839,25937,26655,26858],"product_tag":[],"class_list":{"0":"post-201314","1":"product","2":"type-product","3":"status-publish","4":"has-post-thumbnail","6":"product_brand-ancient-wisdom","7":"product_cat-aeteriske-olier","8":"product_cat-aromaterapi-og-rumdufte","9":"product_cat-dufte-aromaer","10":"product_cat-muskatelsalvie","11":"product_cat-okologiske-aeteriske-olier","12":"product_cat-urte-aromatisk","13":"pa_collection-10ml-organic-essential-oils-da","14":"pa_made-in-frankrig","15":"pa_size-10ml","17":"first","18":"instock","19":"purchasable","20":"product-type-simple"},"supplier_id":null,"supplier_sku":"OrgEO-14","barcode":null,"atum_controlled":true,"out_stock_date":null,"out_stock_threshold":null,"inheritable":false,"inbound_stock":null,"stock_on_hold":0,"sold_today":0,"sales_last_days":0,"reserved_stock":null,"customer_returns":null,"warehouse_damage":null,"lost_in_post":null,"other_logs":null,"out_stock_days":0,"lost_sales":0,"has_location":null,"update_date":"2026-02-06T00:02:26","atum_locations":[],"atum_stock_status":"instock","restock_status":false,"low_stock_amount":"","sales_update_date":"2026-02-06T00:02:26","calc_backorders":null,"_links":{"self":[{"href":"https:\/\/aromasentia.com\/da\/wp-json\/wp\/v2\/product\/201314","targetHints":{"allow":["GET"]}}],"collection":[{"href":"https:\/\/aromasentia.com\/da\/wp-json\/wp\/v2\/product"}],"about":[{"href":"https:\/\/aromasentia.com\/da\/wp-json\/wp\/v2\/types\/product"}],"replies":[{"embeddable":true,"href":"https:\/\/aromasentia.com\/da\/wp-json\/wp\/v2\/comments?post=201314"}],"version-history":[{"count":0,"href":"https:\/\/aromasentia.com\/da\/wp-json\/wp\/v2\/product\/201314\/revisions"}],"wp:featuredmedia":[{"embeddable":true,"href":"https:\/\/aromasentia.com\/da\/wp-json\/wp\/v2\/media\/267366"}],"wp:attachment":[{"href":"https:\/\/aromasentia.com\/da\/wp-json\/wp\/v2\/media?parent=201314"}],"wp:term":[{"taxonomy":"product_brand","embeddable":true,"href":"https:\/\/aromasentia.com\/da\/wp-json\/wp\/v2\/product_brand?post=201314"},{"taxonomy":"product_cat","embeddable":true,"href":"https:\/\/aromasentia.com\/da\/wp-json\/wp\/v2\/product_cat?post=201314"},{"taxonomy":"product_tag","embeddable":true,"href":"https:\/\/aromasentia.com\/da\/wp-json\/wp\/v2\/product_tag?post=201314"}],"curies":[{"name":"wp","href":"https:\/\/api.w.org\/{rel}","templated":true}]}}