{"id":201313,"date":"2025-03-20T15:13:10","date_gmt":"2025-03-20T15:13:10","guid":{"rendered":"https:\/\/aromasentia.com\/product\/bergamot-organic-essential-oil-10ml\/"},"modified":"2025-06-22T03:36:10","modified_gmt":"2025-06-22T03:36:10","slug":"oekologisk-bergamot-aeterisk-olie-10ml","status":"publish","type":"product","link":"https:\/\/aromasentia.com\/da\/oekologisk-bergamot-aeterisk-olie-10ml\/","title":{"rendered":"\u00d8kologisk Bergamot \u00c6terisk Olie 10ml"},"content":{"rendered":"<p><strong>Latinsk navn:<\/strong> Citrus Bergamia<br \/><strong>Anvendt plantedel:<\/strong>Frugtskal<br \/><strong>Kilde:<\/strong> Middelhavsomr\u00e5det<br \/><strong>Ekstraktionsmetode:<\/strong>Kold udpresning<\/p>\n<p>Bergamot \u00e6terisk olie udvindes ved udpresning fra b\u00e5de modne og umodne frugter fra bergamot-appelsintr\u00e6et. Denne \u00e6teriske olie, der dufter citrusagtigt, men s\u00f8dt, er fantastisk til at skabe en afslappet og glad f\u00f8lelse. Den er nyttig til behandling af urinvejsinfektioner, hudproblemer og styrker leverens, miltens og mavens funktioner.<\/p>\n<p><strong>Bergamot \u00f8kologisk \u00e6terisk olie<\/strong> bruges i aromaterapi til at behandle depression, stress, sp\u00e6ndinger, lav selvtillid, frygt og hysteri. Den er nyttig til at helbrede hudinfektioner som generelle s\u00e5r, psoriasis, fork\u00f8lelsess\u00e5r og eksem. Denne olie siges at hj\u00e6lpe dem, der lider af SAD (s\u00e6sonbetinget lidelse), PMS, tvangsspisning, f\u00f8dselsdepression, fork\u00f8lelse og influenza. Bergamotolie er en favorit inden for aromaterapi og bruges i vaporisatorer, massage og blandes i badevandet. Eksperter r\u00e5der til forsigtighed ved brug af denne olie p\u00e5 f\u00f8lsom hud, hvis den uds\u00e6ttes for sollys efter p\u00e5f\u00f8ring, da dette kan for\u00e5rsage forbr\u00e6ndinger. Holdes v\u00e6k fra solen, hvis denne olie har v\u00e6ret brugt p\u00e5 huden.<\/p>\n<p>Navnet Bergamot stammer fra byen Bergamo i Lombardiet, Italien, hvor olien f\u00f8rst blev solgt. Den er blevet dyrket siden det 16. \u00e5rhundrede i Middelhavslandene som Italien og Gr\u00e6kenland. Den har v\u00e6ret brugt i parfume- og f\u00f8devareindustrien (Earl Grey-te) i lang tid. Mens \u00e6terisk olie er begyndt at blive udvundet for nylig, har frugten, dens essens og smag v\u00e6ret brugt i traditionel medicin i hundreder af \u00e5r.<\/p>\n","protected":false},"excerpt":{"rendered":"<p>Latinsk navn: Citrus BergamiaAnvendt plantedel:FrugtskalKilde: Middelhavsomr\u00e5detEkstraktionsmetode:Kold udpresning Bergamot \u00e6terisk olie udvindes ved udpresning fra b\u00e5de modne og umodne frugter fra bergamot-appelsintr\u00e6et. Denne \u00e6teriske olie, der dufter citrusagtigt, men s\u00f8dt, er fantastisk til at skabe en afslappet og glad f\u00f8lelse. Den er nyttig til behandling af urinvejsinfektioner, hudproblemer og styrker leverens, miltens og mavens funktioner. Bergamot [&hellip;]<\/p>\n","protected":false},"featured_media":267357,"comment_status":"closed","ping_status":"open","template":"","meta":{"_angie_page":false},"product_brand":[27094],"product_cat":[7647,6153,25928,26816,25839,26655],"product_tag":[],"class_list":{"0":"post-201313","1":"product","2":"type-product","3":"status-publish","4":"has-post-thumbnail","6":"product_brand-ancient-wisdom","7":"product_cat-aeteriske-olier","8":"product_cat-aromaterapi-og-rumdufte","9":"product_cat-bergamot","10":"product_cat-citrus","11":"product_cat-dufte-aromaer","12":"product_cat-okologiske-aeteriske-olier","13":"pa_collection-10ml-organic-essential-oils-da","14":"pa_made-in-italien","15":"pa_size-10ml","17":"first","18":"instock","19":"purchasable","20":"product-type-simple"},"supplier_id":null,"supplier_sku":"OrgEO-13","barcode":null,"atum_controlled":true,"out_stock_date":null,"out_stock_threshold":null,"inheritable":false,"inbound_stock":null,"stock_on_hold":0,"sold_today":0,"sales_last_days":0,"reserved_stock":null,"customer_returns":null,"warehouse_damage":null,"lost_in_post":null,"other_logs":null,"out_stock_days":0,"lost_sales":0,"has_location":null,"update_date":"2026-04-27T07:16:58","atum_locations":[],"atum_stock_status":"instock","restock_status":false,"low_stock_amount":"","sales_update_date":"2026-01-30T01:24:40","calc_backorders":null,"_links":{"self":[{"href":"https:\/\/aromasentia.com\/da\/wp-json\/wp\/v2\/product\/201313","targetHints":{"allow":["GET"]}}],"collection":[{"href":"https:\/\/aromasentia.com\/da\/wp-json\/wp\/v2\/product"}],"about":[{"href":"https:\/\/aromasentia.com\/da\/wp-json\/wp\/v2\/types\/product"}],"replies":[{"embeddable":true,"href":"https:\/\/aromasentia.com\/da\/wp-json\/wp\/v2\/comments?post=201313"}],"version-history":[{"count":0,"href":"https:\/\/aromasentia.com\/da\/wp-json\/wp\/v2\/product\/201313\/revisions"}],"wp:featuredmedia":[{"embeddable":true,"href":"https:\/\/aromasentia.com\/da\/wp-json\/wp\/v2\/media\/267357"}],"wp:attachment":[{"href":"https:\/\/aromasentia.com\/da\/wp-json\/wp\/v2\/media?parent=201313"}],"wp:term":[{"taxonomy":"product_brand","embeddable":true,"href":"https:\/\/aromasentia.com\/da\/wp-json\/wp\/v2\/product_brand?post=201313"},{"taxonomy":"product_cat","embeddable":true,"href":"https:\/\/aromasentia.com\/da\/wp-json\/wp\/v2\/product_cat?post=201313"},{"taxonomy":"product_tag","embeddable":true,"href":"https:\/\/aromasentia.com\/da\/wp-json\/wp\/v2\/product_tag?post=201313"}],"curies":[{"name":"wp","href":"https:\/\/api.w.org\/{rel}","templated":true}]}}