{"id":201308,"date":"2025-03-20T15:13:10","date_gmt":"2025-03-20T15:13:10","guid":{"rendered":"https:\/\/aromasentia.com\/product\/rosemary-organic-essential-oil-10ml\/"},"modified":"2025-06-22T03:36:08","modified_gmt":"2025-06-22T03:36:08","slug":"oekologisk-rosmarin-aeterisk-olie-10ml","status":"publish","type":"product","link":"https:\/\/aromasentia.com\/da\/oekologisk-rosmarin-aeterisk-olie-10ml\/","title":{"rendered":"\u00d8kologisk Rosmarin \u00c6terisk Olie 10ml"},"content":{"rendered":"<p><strong>Latinsk navn:<\/strong> Rosmarinus Officinalis<br \/><strong>Anvendt plantedel:<\/strong> Blomstertoppe<br \/><strong>Kilde:<\/strong> Italien<br \/><strong>Ekstraktionsmetode:<\/strong><strong> <\/strong>Dampdestillation<\/p>\n<p><strong>Den \u00f8kologiske \u00e6teriske olie fra rosmarinurten<\/strong>dampdestilleres fra plantens blomster, st\u00e6ngler og blade. If\u00f8lge den britiske farmakop\u00e9 er olien destilleret fra blomstertoppene bedre end den, der udvindes fra st\u00e6nglen og bladene, hvilket er der, hvor n\u00e6sten al kommerciel olie siges at v\u00e6re destilleret. Duften af rosmarin \u00e6terisk olie er tr\u00e6agtig og urteagtig og bruges i aromaterapi til at opfriske og stimulere sindet.<\/p>\n<p>Denne olie er nyttig til at behandle s\u00e5r, forbr\u00e6ndinger, fork\u00f8lelse, influenza, tr\u00e6thed, ford\u00f8jelsesproblemer, hovedpine, astma, bronkitis, gigt, gigt, lever- og galdebl\u00e6reproblemer, v\u00e6skeophobning og d\u00e5rlig blodcirkulation. Til massage blandes rosmarinolie ofte med en eller to baseolier, s\u00e5som mandel-, abrikoskerne- eller hasseln\u00f8ddeolie. Det er godt for h\u00e5ret, da det siges at \u00f8ge blodcirkulationen til hovedbunden og fremme h\u00e5rv\u00e6kst. Brug aldrig denne olie indvortes, og undg\u00e5 den, hvis du er gravid eller lider af forh\u00f8jet blodtryk eller epilepsi.<\/p>\n<p>Rosmarin var velkendt og brugt i oldtiden. Man mente, at det forbedrede hukommelsen, s\u00e5 det blev et symbol p\u00e5 troskab og blev brugt i bryllupper, begravelser og andre religi\u00f8se ceremonier. En kvist rosmarin blev smukt bundet med b\u00e5nd og givet til bryllupsg\u00e6sterne som et symbol p\u00e5 k\u00e6rlighed og loyalitet. &#8216;Ungarns vand&#8217;, lavet af friske rosmarintoppe, der var lagt i bl\u00f8d i vin i et par dage, blev lavet til Ungarns dronning og siges at have kureret hende for lammelse.<\/p>\n","protected":false},"excerpt":{"rendered":"<p>Latinsk navn: Rosmarinus OfficinalisAnvendt plantedel: BlomstertoppeKilde: ItalienEkstraktionsmetode: Dampdestillation Den \u00f8kologiske \u00e6teriske olie fra rosmarinurtendampdestilleres fra plantens blomster, st\u00e6ngler og blade. If\u00f8lge den britiske farmakop\u00e9 er olien destilleret fra blomstertoppene bedre end den, der udvindes fra st\u00e6nglen og bladene, hvilket er der, hvor n\u00e6sten al kommerciel olie siges at v\u00e6re destilleret. Duften af rosmarin \u00e6terisk olie [&hellip;]<\/p>\n","protected":false},"featured_media":267312,"comment_status":"closed","ping_status":"open","template":"","meta":{"_angie_page":false},"product_brand":[27094],"product_cat":[7647,6153,25839,26655,25987,26858],"product_tag":[],"class_list":{"0":"post-201308","1":"product","2":"type-product","3":"status-publish","4":"has-post-thumbnail","6":"product_brand-ancient-wisdom","7":"product_cat-aeteriske-olier","8":"product_cat-aromaterapi-og-rumdufte","9":"product_cat-dufte-aromaer","10":"product_cat-okologiske-aeteriske-olier","11":"product_cat-rosmarin","12":"product_cat-urte-aromatisk","13":"pa_collection-10ml-organic-essential-oils-da","14":"pa_made-in-tunesien","15":"pa_size-10ml","17":"first","18":"instock","19":"purchasable","20":"product-type-simple"},"supplier_id":null,"supplier_sku":"OrgEO-08","barcode":null,"atum_controlled":true,"out_stock_date":null,"out_stock_threshold":null,"inheritable":false,"inbound_stock":0,"stock_on_hold":0,"sold_today":0,"sales_last_days":0,"reserved_stock":0,"customer_returns":0,"warehouse_damage":0,"lost_in_post":0,"other_logs":0,"out_stock_days":0,"lost_sales":0,"has_location":false,"update_date":"2026-04-27T07:16:58","atum_locations":[],"atum_stock_status":"instock","restock_status":false,"low_stock_amount":"","sales_update_date":"2025-09-05T00:17:30","calc_backorders":null,"_links":{"self":[{"href":"https:\/\/aromasentia.com\/da\/wp-json\/wp\/v2\/product\/201308","targetHints":{"allow":["GET"]}}],"collection":[{"href":"https:\/\/aromasentia.com\/da\/wp-json\/wp\/v2\/product"}],"about":[{"href":"https:\/\/aromasentia.com\/da\/wp-json\/wp\/v2\/types\/product"}],"replies":[{"embeddable":true,"href":"https:\/\/aromasentia.com\/da\/wp-json\/wp\/v2\/comments?post=201308"}],"version-history":[{"count":0,"href":"https:\/\/aromasentia.com\/da\/wp-json\/wp\/v2\/product\/201308\/revisions"}],"wp:featuredmedia":[{"embeddable":true,"href":"https:\/\/aromasentia.com\/da\/wp-json\/wp\/v2\/media\/267312"}],"wp:attachment":[{"href":"https:\/\/aromasentia.com\/da\/wp-json\/wp\/v2\/media?parent=201308"}],"wp:term":[{"taxonomy":"product_brand","embeddable":true,"href":"https:\/\/aromasentia.com\/da\/wp-json\/wp\/v2\/product_brand?post=201308"},{"taxonomy":"product_cat","embeddable":true,"href":"https:\/\/aromasentia.com\/da\/wp-json\/wp\/v2\/product_cat?post=201308"},{"taxonomy":"product_tag","embeddable":true,"href":"https:\/\/aromasentia.com\/da\/wp-json\/wp\/v2\/product_tag?post=201308"}],"curies":[{"name":"wp","href":"https:\/\/api.w.org\/{rel}","templated":true}]}}