{"id":201306,"date":"2025-03-20T15:13:10","date_gmt":"2025-03-20T15:13:10","guid":{"rendered":"https:\/\/aromasentia.com\/product\/peppermint-organic-essential-oil-10ml\/"},"modified":"2025-06-22T03:36:07","modified_gmt":"2025-06-22T03:36:07","slug":"oekologisk-pebermynte-aeterisk-olie-10ml","status":"publish","type":"product","link":"https:\/\/aromasentia.com\/da\/oekologisk-pebermynte-aeterisk-olie-10ml\/","title":{"rendered":"\u00d8kologisk Pebermynte \u00c6terisk Olie 10ml"},"content":{"rendered":"<p><strong>Latinsk navn:<\/strong> Mentha Piperita<br \/><strong>Anvendt plantedel:<\/strong>Blomstrende urt<br \/><strong>Kilde:<\/strong> Storbritannien<br \/><strong>Ekstraktionsmetode:<\/strong>Dampdestillation<\/p>\n<p><strong>Pebermynte &nbsp;\u00d8kologisk \u00e6terisk olie&nbsp;<\/strong>siges at v\u00e6re god mod lidelser som astma, kolik, feber, luft i maven, hovedpine, kvalme, brystkongestion og svimmelhed. Denne olie siges at v\u00e6re fremragende mod mental tr\u00e6thed og depression, forfriskende og stimulerende med sit mentolindhold. Den er god for huden og bruges i lotions til behandling af solskoldning, kl\u00f8e eller bet\u00e6ndelse i huden. Den hj\u00e6lper med at bek\u00e6mpe d\u00e5rlig \u00e5nde og tandk\u00f8dsinfektioner, n\u00e5r den bruges i mundskyllevand. N\u00e5r den bruges i en oliefyr, er den ikke kun terapeutisk, den holder ogs\u00e5 myg og andre insekter v\u00e6k.<\/p>\n<p>Pebermynte er hjemmeh\u00f8rende i Middelhavet, men dyrkes nu i andre lande i Europa, Amerika og Asien. Opdagelser beviser, at pebermynte har v\u00e6ret brugt siden oldtiden i Egypten, Gr\u00e6kenland, Rom, Kina og Japan. If\u00f8lge gr\u00e6sk myte blev en nymfe ved navn Mentha i et vredesanfald forvandlet til en mynteplante af sin elskers kone Persefone. If\u00f8lge Plinius blev pebermynte brugt til at krone gr\u00e6kerne og romerne under fester. Den har v\u00e6ret brugt medicinsk i England i de sidste par \u00e5rhundreder.<\/p>\n","protected":false},"excerpt":{"rendered":"<p>Latinsk navn: Mentha PiperitaAnvendt plantedel:Blomstrende urtKilde: StorbritannienEkstraktionsmetode:Dampdestillation Pebermynte &nbsp;\u00d8kologisk \u00e6terisk olie&nbsp;siges at v\u00e6re god mod lidelser som astma, kolik, feber, luft i maven, hovedpine, kvalme, brystkongestion og svimmelhed. Denne olie siges at v\u00e6re fremragende mod mental tr\u00e6thed og depression, forfriskende og stimulerende med sit mentolindhold. Den er god for huden og bruges i lotions til [&hellip;]<\/p>\n","protected":false},"featured_media":267294,"comment_status":"closed","ping_status":"open","template":"","meta":[],"product_brand":[27094],"product_cat":[7647,6153,25839,26872,26655,25978],"product_tag":[],"class_list":{"0":"post-201306","1":"product","2":"type-product","3":"status-publish","4":"has-post-thumbnail","6":"product_brand-ancient-wisdom","7":"product_cat-aeteriske-olier","8":"product_cat-aromaterapi-og-rumdufte","9":"product_cat-dufte-aromaer","10":"product_cat-mynte","11":"product_cat-okologiske-aeteriske-olier","12":"product_cat-pebermynte","13":"pa_collection-10ml-organic-essential-oils-da","14":"pa_made-in-indien","15":"pa_size-10ml","17":"first","18":"instock","19":"purchasable","20":"product-type-simple"},"supplier_id":null,"supplier_sku":"OrgEO-06","barcode":null,"atum_controlled":true,"out_stock_date":null,"out_stock_threshold":null,"inheritable":false,"inbound_stock":null,"stock_on_hold":0,"sold_today":0,"sales_last_days":0,"reserved_stock":null,"customer_returns":null,"warehouse_damage":null,"lost_in_post":null,"other_logs":null,"out_stock_days":0,"lost_sales":0,"has_location":null,"update_date":"2026-01-30T01:25:02","atum_locations":[],"atum_stock_status":"instock","restock_status":false,"low_stock_amount":"","sales_update_date":"2026-01-30T01:25:02","calc_backorders":null,"_links":{"self":[{"href":"https:\/\/aromasentia.com\/da\/wp-json\/wp\/v2\/product\/201306","targetHints":{"allow":["GET"]}}],"collection":[{"href":"https:\/\/aromasentia.com\/da\/wp-json\/wp\/v2\/product"}],"about":[{"href":"https:\/\/aromasentia.com\/da\/wp-json\/wp\/v2\/types\/product"}],"replies":[{"embeddable":true,"href":"https:\/\/aromasentia.com\/da\/wp-json\/wp\/v2\/comments?post=201306"}],"version-history":[{"count":0,"href":"https:\/\/aromasentia.com\/da\/wp-json\/wp\/v2\/product\/201306\/revisions"}],"wp:featuredmedia":[{"embeddable":true,"href":"https:\/\/aromasentia.com\/da\/wp-json\/wp\/v2\/media\/267294"}],"wp:attachment":[{"href":"https:\/\/aromasentia.com\/da\/wp-json\/wp\/v2\/media?parent=201306"}],"wp:term":[{"taxonomy":"product_brand","embeddable":true,"href":"https:\/\/aromasentia.com\/da\/wp-json\/wp\/v2\/product_brand?post=201306"},{"taxonomy":"product_cat","embeddable":true,"href":"https:\/\/aromasentia.com\/da\/wp-json\/wp\/v2\/product_cat?post=201306"},{"taxonomy":"product_tag","embeddable":true,"href":"https:\/\/aromasentia.com\/da\/wp-json\/wp\/v2\/product_tag?post=201306"}],"curies":[{"name":"wp","href":"https:\/\/api.w.org\/{rel}","templated":true}]}}