{"id":201303,"date":"2025-03-20T15:13:10","date_gmt":"2025-03-20T15:13:10","guid":{"rendered":"https:\/\/aromasentia.com\/product\/eucalyptus-organic-essential-oil-10ml\/"},"modified":"2025-06-22T03:36:06","modified_gmt":"2025-06-22T03:36:06","slug":"oekologisk-eukalyptus-aeterisk-olie-10ml","status":"publish","type":"product","link":"https:\/\/aromasentia.com\/da\/oekologisk-eukalyptus-aeterisk-olie-10ml\/","title":{"rendered":"\u00d8kologisk Eukalyptus \u00c6terisk Olie 10ml"},"content":{"rendered":"<p><strong>Latinsk navn:<\/strong> Eucalyptus Globulus<br \/><strong>Anvendt plantedel:<\/strong>Blade<br \/><strong>Oprindelse:<\/strong> Portugal<br \/><strong>Ekstraktionsmetode:<\/strong>Dampdestillation<\/p>\n<p>\u00d8kologisk \u00e6terisk olie fra eukalyptus er en koncentreret v\u00e6ske, der indeholder flygtige aromaforbindelser fra eukalyptustr\u00e6et. Den destilleres normalt, nogle gange presses eller ekstraheres med opl\u00f8sningsmiddel. \u00c6terisk olie fra eukalyptus siges at v\u00e6re antibakteriel, desinficerende og smertestillende. Den er blevet brugt til at lindre hoste, fork\u00f8lelse og andre lignende luftvejsproblemer. Den lindrer muskel- og ledsmerter og hj\u00e6lper med at hele s\u00e5r, forbr\u00e6ndinger, maves\u00e5r og insektbid. I aromaterapi siges eukalyptus at fremme aktivitet, vitalitet og energi.<\/p>\n<p>Ved luftvejsproblemer kan et par dr\u00e5ber af denne olie, der placeres p\u00e5 en klud, inhaleres gennem munden og ud\u00e5ndes gennem n\u00e6sen i et halvt minut. Den p\u00e5f\u00f8res direkte p\u00e5 s\u00e5r, udsl\u00e6t og insektbid. Tils\u00e6t et par dr\u00e5ber til dit badevandet for at f\u00f8le dig forfrisket og opfrisket. L\u00e6g dine \u00f8mme f\u00f8dder i bl\u00f8d i en balje med varmt vand med 4-5 dr\u00e5ber af denne olie for lindring. Et par dr\u00e5ber olie i en diffuser siges at dr\u00e6be bakterier og luftb\u00e5rne bakterier, en god id\u00e9 til et sygev\u00e6relse. \u00c6terisk eukalyptusolie er kun til udvortes brug; konsulter altid en autoriseret behandler, n\u00e5r du bruger det som et helbredsmiddel.<\/p>\n<p>\u00c6teriske olier har vist sig at have spillet en rolle i helbredelse i oldtiden i Egypten, Kina og andre dele af verden. De siges at v\u00e6re den \u00e6ldste form for medicin og kosmetik, da de destilleres fra planter, hvilket ikke involverer komplicerede processer eller maskiner, men ikke desto mindre en kunst. P\u00e5 grund af deres helbredende og aromatiske egenskaber blev de betragtet som mere v\u00e6rdifulde end guld af oldtiden.<\/p>\n","protected":false},"excerpt":{"rendered":"<p>Latinsk navn: Eucalyptus GlobulusAnvendt plantedel:BladeOprindelse: PortugalEkstraktionsmetode:Dampdestillation \u00d8kologisk \u00e6terisk olie fra eukalyptus er en koncentreret v\u00e6ske, der indeholder flygtige aromaforbindelser fra eukalyptustr\u00e6et. Den destilleres normalt, nogle gange presses eller ekstraheres med opl\u00f8sningsmiddel. \u00c6terisk olie fra eukalyptus siges at v\u00e6re antibakteriel, desinficerende og smertestillende. Den er blevet brugt til at lindre hoste, fork\u00f8lelse og andre lignende luftvejsproblemer. [&hellip;]<\/p>\n","protected":false},"featured_media":267267,"comment_status":"closed","ping_status":"open","template":"","meta":{"_angie_page":false},"product_brand":[27094],"product_cat":[7647,6153,25839,25945,26865,26655],"product_tag":[],"class_list":{"0":"post-201303","1":"product","2":"type-product","3":"status-publish","4":"has-post-thumbnail","6":"product_brand-ancient-wisdom","7":"product_cat-aeteriske-olier","8":"product_cat-aromaterapi-og-rumdufte","9":"product_cat-dufte-aromaer","10":"product_cat-eukalyptus","11":"product_cat-medicinsk-kamferagtig","12":"product_cat-okologiske-aeteriske-olier","13":"pa_collection-10ml-organic-essential-oils-da","14":"pa_made-in-kina","15":"pa_size-10ml","17":"first","18":"instock","19":"purchasable","20":"product-type-simple"},"supplier_id":null,"supplier_sku":"OrgEO-03","barcode":null,"atum_controlled":true,"out_stock_date":null,"out_stock_threshold":null,"inheritable":false,"inbound_stock":null,"stock_on_hold":0,"sold_today":0,"sales_last_days":0,"reserved_stock":null,"customer_returns":null,"warehouse_damage":null,"lost_in_post":null,"other_logs":null,"out_stock_days":0,"lost_sales":0,"has_location":null,"update_date":"2026-04-27T07:16:58","atum_locations":[],"atum_stock_status":"instock","restock_status":false,"low_stock_amount":"","sales_update_date":"2025-09-05T00:17:28","calc_backorders":null,"_links":{"self":[{"href":"https:\/\/aromasentia.com\/da\/wp-json\/wp\/v2\/product\/201303","targetHints":{"allow":["GET"]}}],"collection":[{"href":"https:\/\/aromasentia.com\/da\/wp-json\/wp\/v2\/product"}],"about":[{"href":"https:\/\/aromasentia.com\/da\/wp-json\/wp\/v2\/types\/product"}],"replies":[{"embeddable":true,"href":"https:\/\/aromasentia.com\/da\/wp-json\/wp\/v2\/comments?post=201303"}],"version-history":[{"count":0,"href":"https:\/\/aromasentia.com\/da\/wp-json\/wp\/v2\/product\/201303\/revisions"}],"wp:featuredmedia":[{"embeddable":true,"href":"https:\/\/aromasentia.com\/da\/wp-json\/wp\/v2\/media\/267267"}],"wp:attachment":[{"href":"https:\/\/aromasentia.com\/da\/wp-json\/wp\/v2\/media?parent=201303"}],"wp:term":[{"taxonomy":"product_brand","embeddable":true,"href":"https:\/\/aromasentia.com\/da\/wp-json\/wp\/v2\/product_brand?post=201303"},{"taxonomy":"product_cat","embeddable":true,"href":"https:\/\/aromasentia.com\/da\/wp-json\/wp\/v2\/product_cat?post=201303"},{"taxonomy":"product_tag","embeddable":true,"href":"https:\/\/aromasentia.com\/da\/wp-json\/wp\/v2\/product_tag?post=201303"}],"curies":[{"name":"wp","href":"https:\/\/api.w.org\/{rel}","templated":true}]}}