{"id":201302,"date":"2025-03-20T15:13:31","date_gmt":"2025-03-20T15:13:31","guid":{"rendered":"https:\/\/aromasentia.com\/product\/rosemary-organic-essential-oil-0-5kg\/"},"modified":"2025-06-22T03:36:05","modified_gmt":"2025-06-22T03:36:05","slug":"rosmarin-oekologisk-aeterisk-olie-500ml","status":"publish","type":"product","link":"https:\/\/aromasentia.com\/da\/rosmarin-oekologisk-aeterisk-olie-500ml\/","title":{"rendered":"Rosmarin \u00f8kologisk \u00c6terisk Olie 500ml"},"content":{"rendered":"<p>Sk\u00e6rp dit sind med vores 500 ml \u00f8kologiske \u00e6teriske rosmarinolie. Denne rosmarinolie er certificeret \u00f8kologisk og har en st\u00e6rk, frisk, urteagtig og kamferagtig aroma, der er ber\u00f8mt for sin evne til at stimulere mental klarhed, forbedre hukommelsen og styrke sanserne. Den er ogs\u00e5 yderst gavnlig for \u00f8kologisk h\u00e5rpleje, idet den fremmer hovedbundens sundhed og en livlig v\u00e6kst. Denne rene olie er udvundet med integritet og er ideel til at sprede under studier eller arbejde eller til at tilf\u00f8je til revitaliserende massage og h\u00e5rplejepr\u00e6parater.<\/p>\n","protected":false},"excerpt":{"rendered":"<p>Sk\u00e6rp dit sind med vores 500 ml \u00f8kologiske \u00e6teriske rosmarinolie. Denne rosmarinolie er certificeret \u00f8kologisk og har en st\u00e6rk, frisk, urteagtig og kamferagtig aroma, der er ber\u00f8mt for sin evne til at stimulere mental klarhed, forbedre hukommelsen og styrke sanserne. Den er ogs\u00e5 yderst gavnlig for \u00f8kologisk h\u00e5rpleje, idet den fremmer hovedbundens sundhed og en [&hellip;]<\/p>\n","protected":false},"featured_media":267500,"comment_status":"closed","ping_status":"open","template":"","meta":{"_angie_page":false},"product_brand":[27094],"product_cat":[7647,6153,25839,26655,25987,26858],"product_tag":[],"class_list":{"0":"post-201302","1":"product","2":"type-product","3":"status-publish","4":"has-post-thumbnail","6":"product_brand-ancient-wisdom","7":"product_cat-aeteriske-olier","8":"product_cat-aromaterapi-og-rumdufte","9":"product_cat-dufte-aromaer","10":"product_cat-okologiske-aeteriske-olier","11":"product_cat-rosmarin","12":"product_cat-urte-aromatisk","13":"pa_collection-bulk-organic-essential-oils-da","14":"pa_made-in-tunesien","15":"pa_size-500ml","17":"first","18":"instock","19":"purchasable","20":"product-type-simple"},"supplier_id":null,"supplier_sku":"OrgEOB-08","barcode":null,"atum_controlled":true,"out_stock_date":null,"out_stock_threshold":null,"inheritable":false,"inbound_stock":null,"stock_on_hold":0,"sold_today":0,"sales_last_days":0,"reserved_stock":null,"customer_returns":null,"warehouse_damage":null,"lost_in_post":null,"other_logs":null,"out_stock_days":0,"lost_sales":0,"has_location":null,"update_date":"2026-04-27T07:17:04","atum_locations":[],"atum_stock_status":"instock","restock_status":false,"low_stock_amount":"","sales_update_date":"2026-01-30T01:25:59","calc_backorders":null,"_links":{"self":[{"href":"https:\/\/aromasentia.com\/da\/wp-json\/wp\/v2\/product\/201302","targetHints":{"allow":["GET"]}}],"collection":[{"href":"https:\/\/aromasentia.com\/da\/wp-json\/wp\/v2\/product"}],"about":[{"href":"https:\/\/aromasentia.com\/da\/wp-json\/wp\/v2\/types\/product"}],"replies":[{"embeddable":true,"href":"https:\/\/aromasentia.com\/da\/wp-json\/wp\/v2\/comments?post=201302"}],"version-history":[{"count":0,"href":"https:\/\/aromasentia.com\/da\/wp-json\/wp\/v2\/product\/201302\/revisions"}],"wp:featuredmedia":[{"embeddable":true,"href":"https:\/\/aromasentia.com\/da\/wp-json\/wp\/v2\/media\/267500"}],"wp:attachment":[{"href":"https:\/\/aromasentia.com\/da\/wp-json\/wp\/v2\/media?parent=201302"}],"wp:term":[{"taxonomy":"product_brand","embeddable":true,"href":"https:\/\/aromasentia.com\/da\/wp-json\/wp\/v2\/product_brand?post=201302"},{"taxonomy":"product_cat","embeddable":true,"href":"https:\/\/aromasentia.com\/da\/wp-json\/wp\/v2\/product_cat?post=201302"},{"taxonomy":"product_tag","embeddable":true,"href":"https:\/\/aromasentia.com\/da\/wp-json\/wp\/v2\/product_tag?post=201302"}],"curies":[{"name":"wp","href":"https:\/\/api.w.org\/{rel}","templated":true}]}}