{"id":201301,"date":"2025-03-20T15:13:31","date_gmt":"2025-03-20T15:13:31","guid":{"rendered":"https:\/\/aromasentia.com\/product\/lemon-organic-essential-oil-0-5kg\/"},"modified":"2025-06-22T03:36:03","modified_gmt":"2025-06-22T03:36:03","slug":"oekologisk-aeterisk-olie-citron-500ml","status":"publish","type":"product","link":"https:\/\/aromasentia.com\/da\/oekologisk-aeterisk-olie-citron-500ml\/","title":{"rendered":"\u00d8kologisk \u00c6terisk Olie citron 500ml"},"content":{"rendered":"<p>Lys op og rens med vores 500 ml \u00f8kologiske \u00e6teriske citronolie. Denne levende olie er certificeret \u00f8kologisk og udstr\u00e5ler en liflig, frisk og vidunderligt opl\u00f8ftende citrusduft som frisksk\u00e5rne citroner. Den er en naturlig hum\u00f8rspreder, luftrenser og et effektivt affedtningsmiddel, hvilket g\u00f8r den perfekt til naturlige reng\u00f8ringsl\u00f8sninger. Dens muntre aroma kan give energi til sindet og fremme en positiv atmosf\u00e6re. Den er \u00f8kologisk udvundet for at opn\u00e5 maksimal renhed og er en dejlig og alsidig olie til diffusion, reng\u00f8ring og til at s\u00e6tte kul\u00f8r p\u00e5 dagen.<\/p>\n","protected":false},"excerpt":{"rendered":"<p>Lys op og rens med vores 500 ml \u00f8kologiske \u00e6teriske citronolie. Denne levende olie er certificeret \u00f8kologisk og udstr\u00e5ler en liflig, frisk og vidunderligt opl\u00f8ftende citrusduft som frisksk\u00e5rne citroner. Den er en naturlig hum\u00f8rspreder, luftrenser og et effektivt affedtningsmiddel, hvilket g\u00f8r den perfekt til naturlige reng\u00f8ringsl\u00f8sninger. Dens muntre aroma kan give energi til sindet og [&hellip;]<\/p>\n","protected":false},"featured_media":267491,"comment_status":"closed","ping_status":"open","template":"","meta":{"_angie_page":false},"product_brand":[27094],"product_cat":[7647,6153,25958,26816,25839,26655],"product_tag":[],"class_list":{"0":"post-201301","1":"product","2":"type-product","3":"status-publish","4":"has-post-thumbnail","6":"product_brand-ancient-wisdom","7":"product_cat-aeteriske-olier","8":"product_cat-aromaterapi-og-rumdufte","9":"product_cat-citron","10":"product_cat-citrus","11":"product_cat-dufte-aromaer","12":"product_cat-okologiske-aeteriske-olier","13":"pa_collection-bulk-organic-essential-oils-da","14":"pa_made-in-italien","15":"pa_size-500ml","17":"first","18":"instock","19":"purchasable","20":"product-type-simple"},"supplier_id":null,"supplier_sku":"OrgEOB-07","barcode":null,"atum_controlled":true,"out_stock_date":null,"out_stock_threshold":null,"inheritable":false,"inbound_stock":null,"stock_on_hold":0,"sold_today":0,"sales_last_days":0,"reserved_stock":null,"customer_returns":null,"warehouse_damage":null,"lost_in_post":null,"other_logs":null,"out_stock_days":0,"lost_sales":0,"has_location":null,"update_date":"2026-01-30T01:26:00","atum_locations":[],"atum_stock_status":"instock","restock_status":false,"low_stock_amount":"","sales_update_date":"2026-01-30T01:26:00","calc_backorders":null,"_links":{"self":[{"href":"https:\/\/aromasentia.com\/da\/wp-json\/wp\/v2\/product\/201301","targetHints":{"allow":["GET"]}}],"collection":[{"href":"https:\/\/aromasentia.com\/da\/wp-json\/wp\/v2\/product"}],"about":[{"href":"https:\/\/aromasentia.com\/da\/wp-json\/wp\/v2\/types\/product"}],"replies":[{"embeddable":true,"href":"https:\/\/aromasentia.com\/da\/wp-json\/wp\/v2\/comments?post=201301"}],"version-history":[{"count":0,"href":"https:\/\/aromasentia.com\/da\/wp-json\/wp\/v2\/product\/201301\/revisions"}],"wp:featuredmedia":[{"embeddable":true,"href":"https:\/\/aromasentia.com\/da\/wp-json\/wp\/v2\/media\/267491"}],"wp:attachment":[{"href":"https:\/\/aromasentia.com\/da\/wp-json\/wp\/v2\/media?parent=201301"}],"wp:term":[{"taxonomy":"product_brand","embeddable":true,"href":"https:\/\/aromasentia.com\/da\/wp-json\/wp\/v2\/product_brand?post=201301"},{"taxonomy":"product_cat","embeddable":true,"href":"https:\/\/aromasentia.com\/da\/wp-json\/wp\/v2\/product_cat?post=201301"},{"taxonomy":"product_tag","embeddable":true,"href":"https:\/\/aromasentia.com\/da\/wp-json\/wp\/v2\/product_tag?post=201301"}],"curies":[{"name":"wp","href":"https:\/\/api.w.org\/{rel}","templated":true}]}}