{"id":201300,"date":"2025-03-20T15:13:31","date_gmt":"2025-03-20T15:13:31","guid":{"rendered":"https:\/\/aromasentia.com\/product\/peppermint-organic-essential-oil-0-5kg\/"},"modified":"2025-06-22T03:36:02","modified_gmt":"2025-06-22T03:36:02","slug":"oekologisk-aeterisk-olie-pebermynte-500ml","status":"publish","type":"product","link":"https:\/\/aromasentia.com\/da\/oekologisk-aeterisk-olie-pebermynte-500ml\/","title":{"rendered":"\u00d8kologisk \u00c6terisk Olie pebermynte 500ml"},"content":{"rendered":"<p>Opfrisk og afk\u00f8l med vores 500 ml \u00f8kologiske \u00e6teriske pebermynteolie. Denne \u00f8kologisk certificerede pebermynteolie har en intens mynteagtig, skarp og forfriskende aroma, der stimulerer sindet og giver energi til kroppen. Den er velkendt for sin evne til at lindre hovedpine, dulme ford\u00f8jelsesbesv\u00e6r og afk\u00f8le overanstrengte muskler. Dens rene, opl\u00f8ftende duft er perfekt til diffusion for at forbedre fokus eller skabe en revitaliserende atmosf\u00e6re. Den er \u00f8kologisk udvundet for at sikre renhed og er en potent og alsidig tilf\u00f8jelse til dit naturlige wellness-v\u00e6rkt\u00f8jss\u00e6t.<\/p>\n","protected":false},"excerpt":{"rendered":"<p>Opfrisk og afk\u00f8l med vores 500 ml \u00f8kologiske \u00e6teriske pebermynteolie. Denne \u00f8kologisk certificerede pebermynteolie har en intens mynteagtig, skarp og forfriskende aroma, der stimulerer sindet og giver energi til kroppen. Den er velkendt for sin evne til at lindre hovedpine, dulme ford\u00f8jelsesbesv\u00e6r og afk\u00f8le overanstrengte muskler. Dens rene, opl\u00f8ftende duft er perfekt til diffusion for [&hellip;]<\/p>\n","protected":false},"featured_media":267482,"comment_status":"closed","ping_status":"open","template":"","meta":[],"product_brand":[27094],"product_cat":[7647,6153,25839,26872,26655,25978],"product_tag":[],"class_list":{"0":"post-201300","1":"product","2":"type-product","3":"status-publish","4":"has-post-thumbnail","6":"product_brand-ancient-wisdom","7":"product_cat-aeteriske-olier","8":"product_cat-aromaterapi-og-rumdufte","9":"product_cat-dufte-aromaer","10":"product_cat-mynte","11":"product_cat-okologiske-aeteriske-olier","12":"product_cat-pebermynte","13":"pa_collection-bulk-organic-essential-oils-da","14":"pa_made-in-indien","15":"pa_size-500ml","17":"first","18":"instock","19":"purchasable","20":"product-type-simple"},"supplier_id":null,"supplier_sku":"OrgEOB-06","barcode":null,"atum_controlled":true,"out_stock_date":null,"out_stock_threshold":null,"inheritable":false,"inbound_stock":null,"stock_on_hold":0,"sold_today":0,"sales_last_days":0,"reserved_stock":null,"customer_returns":null,"warehouse_damage":null,"lost_in_post":null,"other_logs":null,"out_stock_days":0,"lost_sales":0,"has_location":null,"update_date":"2026-01-30T08:23:04","atum_locations":[],"atum_stock_status":"instock","restock_status":false,"low_stock_amount":"","sales_update_date":"2026-01-30T01:25:32","calc_backorders":null,"_links":{"self":[{"href":"https:\/\/aromasentia.com\/da\/wp-json\/wp\/v2\/product\/201300","targetHints":{"allow":["GET"]}}],"collection":[{"href":"https:\/\/aromasentia.com\/da\/wp-json\/wp\/v2\/product"}],"about":[{"href":"https:\/\/aromasentia.com\/da\/wp-json\/wp\/v2\/types\/product"}],"replies":[{"embeddable":true,"href":"https:\/\/aromasentia.com\/da\/wp-json\/wp\/v2\/comments?post=201300"}],"version-history":[{"count":0,"href":"https:\/\/aromasentia.com\/da\/wp-json\/wp\/v2\/product\/201300\/revisions"}],"wp:featuredmedia":[{"embeddable":true,"href":"https:\/\/aromasentia.com\/da\/wp-json\/wp\/v2\/media\/267482"}],"wp:attachment":[{"href":"https:\/\/aromasentia.com\/da\/wp-json\/wp\/v2\/media?parent=201300"}],"wp:term":[{"taxonomy":"product_brand","embeddable":true,"href":"https:\/\/aromasentia.com\/da\/wp-json\/wp\/v2\/product_brand?post=201300"},{"taxonomy":"product_cat","embeddable":true,"href":"https:\/\/aromasentia.com\/da\/wp-json\/wp\/v2\/product_cat?post=201300"},{"taxonomy":"product_tag","embeddable":true,"href":"https:\/\/aromasentia.com\/da\/wp-json\/wp\/v2\/product_tag?post=201300"}],"curies":[{"name":"wp","href":"https:\/\/api.w.org\/{rel}","templated":true}]}}