{"id":201299,"date":"2025-03-20T15:13:31","date_gmt":"2025-03-20T15:13:31","guid":{"rendered":"https:\/\/aromasentia.com\/product\/ylang-ylang-organic-essential-oil-0-5kg\/"},"modified":"2025-06-22T03:36:01","modified_gmt":"2025-06-22T03:36:01","slug":"oekologisk-ylang-ylang-aeterisk-olie-500ml","status":"publish","type":"product","link":"https:\/\/aromasentia.com\/da\/oekologisk-ylang-ylang-aeterisk-olie-500ml\/","title":{"rendered":"\u00d8kologisk Ylang Ylang \u00c6terisk Olie 500ml"},"content":{"rendered":"<p>Fork\u00e6l dig selv med den eksotiske blomsterduft i vores 500 ml \u00f8kologiske \u00e6teriske ylang ylang-olie. Denne Ylang Ylang (sandsynligvis en komplet eller blandet kvalitet) er certificeret \u00f8kologisk og har en intens s\u00f8d, fyldig og berusende blomsteraroma, der er kendt for sine afslappende, stemningsopl\u00f8ftende og afrodisiakum-agtige egenskaber. Den hj\u00e6lper med at lette stress, inspirere til sensualitet og fremme f\u00f8lelsesm\u00e6ssig balance. Dens \u00f8kologiske renhed sikrer en smuk, uforfalsket duft, der er perfekt til luksuri\u00f8se parfumer, diffusere og beroligende bade- eller massageblandinger, der plejer krop og sj\u00e6l.<\/p>\n","protected":false},"excerpt":{"rendered":"<p>Fork\u00e6l dig selv med den eksotiske blomsterduft i vores 500 ml \u00f8kologiske \u00e6teriske ylang ylang-olie. Denne Ylang Ylang (sandsynligvis en komplet eller blandet kvalitet) er certificeret \u00f8kologisk og har en intens s\u00f8d, fyldig og berusende blomsteraroma, der er kendt for sine afslappende, stemningsopl\u00f8ftende og afrodisiakum-agtige egenskaber. Den hj\u00e6lper med at lette stress, inspirere til sensualitet [&hellip;]<\/p>\n","protected":false},"featured_media":267473,"comment_status":"closed","ping_status":"open","template":"","meta":{"_angie_page":false},"product_brand":[27094],"product_cat":[7647,6153,26830,25839,26655,26001],"product_tag":[],"class_list":{"0":"post-201299","1":"product","2":"type-product","3":"status-publish","4":"has-post-thumbnail","6":"product_brand-ancient-wisdom","7":"product_cat-aeteriske-olier","8":"product_cat-aromaterapi-og-rumdufte","9":"product_cat-blomster","10":"product_cat-dufte-aromaer","11":"product_cat-okologiske-aeteriske-olier","12":"product_cat-ylang-ylang","13":"pa_collection-bulk-organic-essential-oils-da","14":"pa_made-in-comorerne","15":"pa_size-500ml","17":"first","18":"outofstock","19":"purchasable","20":"product-type-simple"},"supplier_id":null,"supplier_sku":"OrgEOB-05","barcode":null,"atum_controlled":true,"out_stock_date":"2026-04-25 15:12:51","out_stock_threshold":null,"inheritable":false,"inbound_stock":0,"stock_on_hold":0,"sold_today":0,"sales_last_days":0,"reserved_stock":0,"customer_returns":0,"warehouse_damage":0,"lost_in_post":0,"other_logs":0,"out_stock_days":0,"lost_sales":0,"has_location":false,"update_date":"2026-04-27T07:17:04","atum_locations":[],"atum_stock_status":"outofstock","restock_status":false,"low_stock_amount":"","sales_update_date":"2025-09-05T00:17:36","calc_backorders":null,"_links":{"self":[{"href":"https:\/\/aromasentia.com\/da\/wp-json\/wp\/v2\/product\/201299","targetHints":{"allow":["GET"]}}],"collection":[{"href":"https:\/\/aromasentia.com\/da\/wp-json\/wp\/v2\/product"}],"about":[{"href":"https:\/\/aromasentia.com\/da\/wp-json\/wp\/v2\/types\/product"}],"replies":[{"embeddable":true,"href":"https:\/\/aromasentia.com\/da\/wp-json\/wp\/v2\/comments?post=201299"}],"version-history":[{"count":0,"href":"https:\/\/aromasentia.com\/da\/wp-json\/wp\/v2\/product\/201299\/revisions"}],"wp:featuredmedia":[{"embeddable":true,"href":"https:\/\/aromasentia.com\/da\/wp-json\/wp\/v2\/media\/267473"}],"wp:attachment":[{"href":"https:\/\/aromasentia.com\/da\/wp-json\/wp\/v2\/media?parent=201299"}],"wp:term":[{"taxonomy":"product_brand","embeddable":true,"href":"https:\/\/aromasentia.com\/da\/wp-json\/wp\/v2\/product_brand?post=201299"},{"taxonomy":"product_cat","embeddable":true,"href":"https:\/\/aromasentia.com\/da\/wp-json\/wp\/v2\/product_cat?post=201299"},{"taxonomy":"product_tag","embeddable":true,"href":"https:\/\/aromasentia.com\/da\/wp-json\/wp\/v2\/product_tag?post=201299"}],"curies":[{"name":"wp","href":"https:\/\/api.w.org\/{rel}","templated":true}]}}