{"id":201294,"date":"2025-03-20T15:13:31","date_gmt":"2025-03-20T15:13:31","guid":{"rendered":"https:\/\/aromasentia.com\/product\/rose-geranium-organic-essential-oil-10ml\/"},"modified":"2025-06-22T03:35:59","modified_gmt":"2025-06-22T03:35:59","slug":"oekologisk-rosengeranium-aeterisk-olie-10ml","status":"publish","type":"product","link":"https:\/\/aromasentia.com\/da\/oekologisk-rosengeranium-aeterisk-olie-10ml\/","title":{"rendered":"\u00d8kologisk Rosengeranium \u00c6terisk Olie 10ml"},"content":{"rendered":"<p><strong>Latinsk navn:<\/strong> Pelargonium Graveolens &#038; P\/Rosa Egypt<br \/><strong>Blanding af \u00e6teriske olier<\/strong><\/p>\n<p><strong>\u00d8kologisk \u00e6terisk olie af rosengeranium<\/strong> er en aktiv ingrediens i nogle kosmetiske produkter, s\u00e5som lotions og dufte. En gennemgang af unders\u00f8gelser fra 2017 viste, at antioxidante egenskaber i rosengeraniumolie kan hj\u00e6lpe med at reducere tegn p\u00e5 aldring. Antioxidanter er veletablerede som naturlige midler til at forbedre din huds evne til at hele sig selv fra milj\u00f8gifte og eksponering.<\/p>\n<p>Rosengeraniumolie har st\u00e6rke antimikrobielle, svampedr\u00e6bende og antivirale egenskaber.<\/p>\n","protected":false},"excerpt":{"rendered":"<p>Latinsk navn: Pelargonium Graveolens &#038; P\/Rosa EgyptBlanding af \u00e6teriske olier \u00d8kologisk \u00e6terisk olie af rosengeranium er en aktiv ingrediens i nogle kosmetiske produkter, s\u00e5som lotions og dufte. En gennemgang af unders\u00f8gelser fra 2017 viste, at antioxidante egenskaber i rosengeraniumolie kan hj\u00e6lpe med at reducere tegn p\u00e5 aldring. Antioxidanter er veletablerede som naturlige midler til at [&hellip;]<\/p>\n","protected":false},"featured_media":267420,"comment_status":"closed","ping_status":"open","template":"","meta":{"_angie_page":false},"product_brand":[27094],"product_cat":[7647,6153,26830,25839,25948,26655,25984],"product_tag":[],"class_list":{"0":"post-201294","1":"product","2":"type-product","3":"status-publish","4":"has-post-thumbnail","6":"product_brand-ancient-wisdom","7":"product_cat-aeteriske-olier","8":"product_cat-aromaterapi-og-rumdufte","9":"product_cat-blomster","10":"product_cat-dufte-aromaer","11":"product_cat-geranium","12":"product_cat-okologiske-aeteriske-olier","13":"product_cat-rose","14":"pa_collection-10ml-organic-essential-oils-da","15":"pa_made-in-reunion","16":"pa_size-10ml","18":"first","19":"instock","20":"purchasable","21":"product-type-simple"},"supplier_id":null,"supplier_sku":"OrgEO-20","barcode":null,"atum_controlled":true,"out_stock_date":null,"out_stock_threshold":null,"inheritable":false,"inbound_stock":null,"stock_on_hold":0,"sold_today":0,"sales_last_days":0,"reserved_stock":null,"customer_returns":null,"warehouse_damage":null,"lost_in_post":null,"other_logs":null,"out_stock_days":0,"lost_sales":0,"has_location":null,"update_date":"2026-05-08T05:15:42","atum_locations":[],"atum_stock_status":"instock","restock_status":false,"low_stock_amount":"","sales_update_date":"2026-02-06T00:01:31","calc_backorders":null,"_links":{"self":[{"href":"https:\/\/aromasentia.com\/da\/wp-json\/wp\/v2\/product\/201294","targetHints":{"allow":["GET"]}}],"collection":[{"href":"https:\/\/aromasentia.com\/da\/wp-json\/wp\/v2\/product"}],"about":[{"href":"https:\/\/aromasentia.com\/da\/wp-json\/wp\/v2\/types\/product"}],"replies":[{"embeddable":true,"href":"https:\/\/aromasentia.com\/da\/wp-json\/wp\/v2\/comments?post=201294"}],"version-history":[{"count":0,"href":"https:\/\/aromasentia.com\/da\/wp-json\/wp\/v2\/product\/201294\/revisions"}],"wp:featuredmedia":[{"embeddable":true,"href":"https:\/\/aromasentia.com\/da\/wp-json\/wp\/v2\/media\/267420"}],"wp:attachment":[{"href":"https:\/\/aromasentia.com\/da\/wp-json\/wp\/v2\/media?parent=201294"}],"wp:term":[{"taxonomy":"product_brand","embeddable":true,"href":"https:\/\/aromasentia.com\/da\/wp-json\/wp\/v2\/product_brand?post=201294"},{"taxonomy":"product_cat","embeddable":true,"href":"https:\/\/aromasentia.com\/da\/wp-json\/wp\/v2\/product_cat?post=201294"},{"taxonomy":"product_tag","embeddable":true,"href":"https:\/\/aromasentia.com\/da\/wp-json\/wp\/v2\/product_tag?post=201294"}],"curies":[{"name":"wp","href":"https:\/\/api.w.org\/{rel}","templated":true}]}}