{"id":201293,"date":"2025-03-20T15:13:31","date_gmt":"2025-03-20T15:13:31","guid":{"rendered":"https:\/\/aromasentia.com\/product\/ginger-organic-essential-oil-10ml\/"},"modified":"2025-06-22T03:35:58","modified_gmt":"2025-06-22T03:35:58","slug":"oekologisk-ingefaer-aeterisk-olie-10ml","status":"publish","type":"product","link":"https:\/\/aromasentia.com\/da\/oekologisk-ingefaer-aeterisk-olie-10ml\/","title":{"rendered":"\u00d8kologisk Ingef\u00e6r \u00c6terisk Olie 10ml"},"content":{"rendered":"<p><strong>Latinsk navn:<\/strong> Zingiber Officinale<br \/><strong>Anvendt plantedel:<\/strong>Rod<br \/><strong>Kilde:<\/strong> Kina<br \/><strong>Ekstraktionsmetode:<\/strong>Dampdestillation<\/p>\n<p><strong>\u00d8kologisk \u00e6terisk ingef\u00e6rolie<\/strong> udvindes fra planten Zingiberaceae officinale, ogs\u00e5 kendt som almindelig eller jamaicansk ingef\u00e6r. Navnet ingef\u00e6r stammer fra stedet kaldet Gingi i delstaten Tamil Nadu, Indien, og det tamilske ord for ingef\u00e6r, inji-ver. Olien udvindes ved dampdestillation fra plantens skr\u00e6llede eller t\u00f8rrede, formalede rod. Det er en varmende olie og er s\u00e6rligt god til ford\u00f8jelsen og bek\u00e6mpelse af kvalme og opkastning.<\/p>\n<p>Ingef\u00e6rolie har mange terapeutiske egenskaber. Den bruges til behandling af knoglebrud og lindrer smerter fra gigt, gigt og karbunkler. Den hj\u00e6lper mod t\u00f8mmerm\u00e6nd, k\u00f8resyge, fork\u00f8lelse, influenza, hoste, bihulebet\u00e6ndelse, ondt i halsen, huds\u00e5r, diarr\u00e9, kolik, kramper, kulderystelser og feber. Denne olie, der bruges i en vaporizer, bek\u00e6mper ensomhed og depression, og dens energigivende egenskaber g\u00f8r den til et godt elskovsmiddel. Kom en dr\u00e5be olie p\u00e5 et lommet\u00f8rkl\u00e6de og inhaler for at kontrollere kvalme, k\u00f8resyge og fork\u00f8lelse.<\/p>\n<p>Ingef\u00e6r har sin oprindelse i Indien, Kina og Java, men er ogs\u00e5 hjemmeh\u00f8rende i Afrika og Vestindien. Sanskrit og kinesiske tekster n\u00e6vner brugen af ingef\u00e6r som medicin. Det er ogs\u00e5 n\u00e6vnt i oldgr\u00e6sk, romersk og arabisk litteratur. T\u00f8rret ingef\u00e6r bruges mod mavesmerter, diarr\u00e9, halsproblemer og kvalme. Kineserne bruger det ogs\u00e5 til at styrke hjertet og reducere slim og slim.<\/p>\n","protected":false},"excerpt":{"rendered":"<p>Latinsk navn: Zingiber OfficinaleAnvendt plantedel:RodKilde: KinaEkstraktionsmetode:Dampdestillation \u00d8kologisk \u00e6terisk ingef\u00e6rolie udvindes fra planten Zingiberaceae officinale, ogs\u00e5 kendt som almindelig eller jamaicansk ingef\u00e6r. Navnet ingef\u00e6r stammer fra stedet kaldet Gingi i delstaten Tamil Nadu, Indien, og det tamilske ord for ingef\u00e6r, inji-ver. Olien udvindes ved dampdestillation fra plantens skr\u00e6llede eller t\u00f8rrede, formalede rod. Det er en varmende [&hellip;]<\/p>\n","protected":false},"featured_media":267411,"comment_status":"closed","ping_status":"open","template":"","meta":[],"product_brand":[27094],"product_cat":[7647,6153,25839,25949,26886,26655],"product_tag":[],"class_list":{"0":"post-201293","1":"product","2":"type-product","3":"status-publish","4":"has-post-thumbnail","6":"product_brand-ancient-wisdom","7":"product_cat-aeteriske-olier","8":"product_cat-aromaterapi-og-rumdufte","9":"product_cat-dufte-aromaer","10":"product_cat-ingefaer-dufte-aromaer","11":"product_cat-krydret","12":"product_cat-okologiske-aeteriske-olier","13":"pa_collection-10ml-organic-essential-oils-da","14":"pa_made-in-indien","15":"pa_size-10ml","17":"first","18":"instock","19":"purchasable","20":"product-type-simple"},"supplier_id":null,"supplier_sku":"OrgEO-19","barcode":null,"atum_controlled":true,"out_stock_date":null,"out_stock_threshold":null,"inheritable":false,"inbound_stock":null,"stock_on_hold":0,"sold_today":0,"sales_last_days":0,"reserved_stock":null,"customer_returns":null,"warehouse_damage":null,"lost_in_post":null,"other_logs":null,"out_stock_days":0,"lost_sales":0,"has_location":null,"update_date":"2026-02-05T22:33:33","atum_locations":[],"atum_stock_status":"instock","restock_status":false,"low_stock_amount":"","sales_update_date":"2026-01-30T01:26:20","calc_backorders":null,"_links":{"self":[{"href":"https:\/\/aromasentia.com\/da\/wp-json\/wp\/v2\/product\/201293","targetHints":{"allow":["GET"]}}],"collection":[{"href":"https:\/\/aromasentia.com\/da\/wp-json\/wp\/v2\/product"}],"about":[{"href":"https:\/\/aromasentia.com\/da\/wp-json\/wp\/v2\/types\/product"}],"replies":[{"embeddable":true,"href":"https:\/\/aromasentia.com\/da\/wp-json\/wp\/v2\/comments?post=201293"}],"version-history":[{"count":0,"href":"https:\/\/aromasentia.com\/da\/wp-json\/wp\/v2\/product\/201293\/revisions"}],"wp:featuredmedia":[{"embeddable":true,"href":"https:\/\/aromasentia.com\/da\/wp-json\/wp\/v2\/media\/267411"}],"wp:attachment":[{"href":"https:\/\/aromasentia.com\/da\/wp-json\/wp\/v2\/media?parent=201293"}],"wp:term":[{"taxonomy":"product_brand","embeddable":true,"href":"https:\/\/aromasentia.com\/da\/wp-json\/wp\/v2\/product_brand?post=201293"},{"taxonomy":"product_cat","embeddable":true,"href":"https:\/\/aromasentia.com\/da\/wp-json\/wp\/v2\/product_cat?post=201293"},{"taxonomy":"product_tag","embeddable":true,"href":"https:\/\/aromasentia.com\/da\/wp-json\/wp\/v2\/product_tag?post=201293"}],"curies":[{"name":"wp","href":"https:\/\/api.w.org\/{rel}","templated":true}]}}