{"id":201292,"date":"2025-03-20T15:13:31","date_gmt":"2025-03-20T15:13:31","guid":{"rendered":"https:\/\/aromasentia.com\/product\/petitgrain-organic-essential-oil-10ml\/"},"modified":"2025-06-22T03:35:58","modified_gmt":"2025-06-22T03:35:58","slug":"oekologisk-petitgrain-aeterisk-olie-aeterisk-olie-10ml","status":"publish","type":"product","link":"https:\/\/aromasentia.com\/da\/oekologisk-petitgrain-aeterisk-olie-aeterisk-olie-10ml\/","title":{"rendered":"\u00d8kologisk Petitgrain \u00c6terisk Olie \u00c6terisk Olie 10ml"},"content":{"rendered":"<p><strong>Latinsk navn: <\/strong>Citrus Aurantium var. Amara<br \/><strong>Anvendt plantedel:<\/strong> Blade og kviste<br \/><strong>Kilde: <\/strong>Paraguay<br \/><strong>Ekstraktionsmetode:<\/strong> Dampdestillation<\/p>\n<p><strong>Petitgrain \u00f8kologisk \u00e6terisk olie<\/strong> er udvundet af det bitre appelsintr\u00e6, som har en lang historie med brug i traditionelle sundhedspraksisser. Historisk set er \u00e6terisk olie fra Petitgrain blevet brugt til reng\u00f8ringsform\u00e5l. Petitgrain er meget anvendt i parfumeindustrien og giver bodyspray, dufte, lotions og cologne en frisk, urteagtig note, der er popul\u00e6r blandt b\u00e5de kvinder og m\u00e6nd.<\/p>\n<p>Petitgrain olie har en aroma, der er s\u00f8d, men syrlig med subtile blomster- og tr\u00e6agtige karakteristika. Den blandes s\u00e6rligt godt med citrus-, blomster- og tr\u00e6olier. Petitgrain vil \u00f8ge f\u00f8lelser af gl\u00e6de og mod, n\u00e5r man st\u00e5r over for en udfordring, og hj\u00e6lpe med at fremme h\u00e5b og ro.<\/p>\n","protected":false},"excerpt":{"rendered":"<p>Latinsk navn: Citrus Aurantium var. AmaraAnvendt plantedel: Blade og kvisteKilde: ParaguayEkstraktionsmetode: Dampdestillation Petitgrain \u00f8kologisk \u00e6terisk olie er udvundet af det bitre appelsintr\u00e6, som har en lang historie med brug i traditionelle sundhedspraksisser. Historisk set er \u00e6terisk olie fra Petitgrain blevet brugt til reng\u00f8ringsform\u00e5l. Petitgrain er meget anvendt i parfumeindustrien og giver bodyspray, dufte, lotions og [&hellip;]<\/p>\n","protected":false},"featured_media":267402,"comment_status":"closed","ping_status":"open","template":"","meta":{"_angie_page":false},"product_brand":[27094],"product_cat":[7647,6153,26816,25839,26655,25979],"product_tag":[],"class_list":{"0":"post-201292","1":"product","2":"type-product","3":"status-publish","4":"has-post-thumbnail","6":"product_brand-ancient-wisdom","7":"product_cat-aeteriske-olier","8":"product_cat-aromaterapi-og-rumdufte","9":"product_cat-citrus","10":"product_cat-dufte-aromaer","11":"product_cat-okologiske-aeteriske-olier","12":"product_cat-petitgrain","13":"pa_collection-10ml-organic-essential-oils-da","14":"pa_made-in-paraguay","15":"pa_size-10ml","17":"first","18":"instock","19":"purchasable","20":"product-type-simple"},"supplier_id":null,"supplier_sku":"OrgEO-18","barcode":null,"atum_controlled":true,"out_stock_date":null,"out_stock_threshold":null,"inheritable":false,"inbound_stock":null,"stock_on_hold":0,"sold_today":0,"sales_last_days":0,"reserved_stock":null,"customer_returns":null,"warehouse_damage":null,"lost_in_post":null,"other_logs":null,"out_stock_days":0,"lost_sales":0,"has_location":null,"update_date":"2026-04-27T07:17:04","atum_locations":[],"atum_stock_status":"instock","restock_status":false,"low_stock_amount":"","sales_update_date":"2025-09-05T00:17:33","calc_backorders":null,"_links":{"self":[{"href":"https:\/\/aromasentia.com\/da\/wp-json\/wp\/v2\/product\/201292","targetHints":{"allow":["GET"]}}],"collection":[{"href":"https:\/\/aromasentia.com\/da\/wp-json\/wp\/v2\/product"}],"about":[{"href":"https:\/\/aromasentia.com\/da\/wp-json\/wp\/v2\/types\/product"}],"replies":[{"embeddable":true,"href":"https:\/\/aromasentia.com\/da\/wp-json\/wp\/v2\/comments?post=201292"}],"version-history":[{"count":0,"href":"https:\/\/aromasentia.com\/da\/wp-json\/wp\/v2\/product\/201292\/revisions"}],"wp:featuredmedia":[{"embeddable":true,"href":"https:\/\/aromasentia.com\/da\/wp-json\/wp\/v2\/media\/267402"}],"wp:attachment":[{"href":"https:\/\/aromasentia.com\/da\/wp-json\/wp\/v2\/media?parent=201292"}],"wp:term":[{"taxonomy":"product_brand","embeddable":true,"href":"https:\/\/aromasentia.com\/da\/wp-json\/wp\/v2\/product_brand?post=201292"},{"taxonomy":"product_cat","embeddable":true,"href":"https:\/\/aromasentia.com\/da\/wp-json\/wp\/v2\/product_cat?post=201292"},{"taxonomy":"product_tag","embeddable":true,"href":"https:\/\/aromasentia.com\/da\/wp-json\/wp\/v2\/product_tag?post=201292"}],"curies":[{"name":"wp","href":"https:\/\/api.w.org\/{rel}","templated":true}]}}