{"id":201290,"date":"2025-03-20T15:13:31","date_gmt":"2025-03-20T15:13:31","guid":{"rendered":"https:\/\/aromasentia.com\/product\/cypress-organic-essential-oil-10ml\/"},"modified":"2025-06-22T03:35:57","modified_gmt":"2025-06-22T03:35:57","slug":"oekologisk-cypres-aeterisk-olie-10ml","status":"publish","type":"product","link":"https:\/\/aromasentia.com\/da\/oekologisk-cypres-aeterisk-olie-10ml\/","title":{"rendered":"\u00d8kologisk Cypres \u00c6terisk Olie 10ml"},"content":{"rendered":"<p><strong>Latinsk navn:<\/strong> Cupressus Sempervirens<br \/><strong>Anvendt plantedel:<\/strong> N\u00e5le og kviste<br \/><strong>Kilde:<\/strong>\u00d8strig<br \/><strong>Ekstraktionsmetode:<\/strong> Dampdestillation<\/p>\n<p><strong>\u00d8kologisk \u00e6terisk olie af cypres<\/strong> udvindes ved dampdestillation fra italiensk eller middelhavscypres. Olien tages fra n\u00e5le og kviste p\u00e5 unge grene af disse tr\u00e6er, der er blevet ber\u00f8mte gennem Van Goghs malerier. \u00c6terisk olie af cypres siges at berolige st\u00e6rke f\u00f8lelser som vrede og er derfor nyttig at have under st\u00f8rre forandringer i ens liv.<\/p>\n<p>Denne \u00e6teriske olie virker vasokonstriktorisk og hj\u00e6lper med \u00e5reknuder og h\u00e6morider. Den formodes at virke godt til at lindre alle tilstande med overskydende v\u00e6ske, s\u00e5som kraftig menstruation, overdreven svedtendens, hoste, bronkitis, bl\u00f8dning og v\u00e6skeretention. Denne olie lindrer muskelkramper, hj\u00e6lper med at regulere menstruationscyklussen og lindrer gigt og reumatiske smerter. Brug denne olie i en vaporizer til at berolige sindet samt til eventuelle luftvejsproblemer som astma, bronkitis og kighoste. Den kan bruges fortyndet i en kold kompres for at stoppe n\u00e6seblod.<\/p>\n<p>Cypressen betragtes som et s\u00f8rgetr\u00e6 if\u00f8lge gr\u00e6sk mytologi og dyrkes ofte p\u00e5 kirkeg\u00e5rde af denne grund. Det er ogs\u00e5 forbundet med underverdenens gud, Hades. F\u00f8nikerne og kretenserne brugte tr\u00e6et fra dette tr\u00e6 til at bygge skibe og huse. Egypterne lavede sarkofager af det, og gr\u00e6kerne udsk\u00e6rede statuer af deres guder med det. Legenden siger, at Jesu Kristi kors blev lavet af dette tr\u00e6, en anden grund til, at cypres er forbundet med d\u00f8den. Ironisk nok stammer det botaniske navn p\u00e5 cypres fra det gr\u00e6ske &#8216;Sempervirens&#8217;, som betyder &#8216;leve evigt&#8217;.<\/p>\n","protected":false},"excerpt":{"rendered":"<p>Latinsk navn: Cupressus SempervirensAnvendt plantedel: N\u00e5le og kvisteKilde:\u00d8strigEkstraktionsmetode: Dampdestillation \u00d8kologisk \u00e6terisk olie af cypres udvindes ved dampdestillation fra italiensk eller middelhavscypres. Olien tages fra n\u00e5le og kviste p\u00e5 unge grene af disse tr\u00e6er, der er blevet ber\u00f8mte gennem Van Goghs malerier. \u00c6terisk olie af cypres siges at berolige st\u00e6rke f\u00f8lelser som vrede og er derfor [&hellip;]<\/p>\n","protected":false},"featured_media":267384,"comment_status":"closed","ping_status":"open","template":"","meta":{"_angie_page":false},"product_brand":[27094],"product_cat":[7647,6153,25942,25839,26655,26893],"product_tag":[],"class_list":{"0":"post-201290","1":"product","2":"type-product","3":"status-publish","4":"has-post-thumbnail","6":"product_brand-ancient-wisdom","7":"product_cat-aeteriske-olier","8":"product_cat-aromaterapi-og-rumdufte","9":"product_cat-cypres","10":"product_cat-dufte-aromaer","11":"product_cat-okologiske-aeteriske-olier","12":"product_cat-traeagtig","13":"pa_collection-10ml-organic-essential-oils-da","14":"pa_made-in-italien","15":"pa_size-10ml","17":"first","18":"instock","19":"purchasable","20":"product-type-simple"},"supplier_id":null,"supplier_sku":"OrgEO-16","barcode":null,"atum_controlled":true,"out_stock_date":null,"out_stock_threshold":null,"inheritable":false,"inbound_stock":0,"stock_on_hold":0,"sold_today":0,"sales_last_days":0,"reserved_stock":0,"customer_returns":0,"warehouse_damage":0,"lost_in_post":0,"other_logs":0,"out_stock_days":0,"lost_sales":0,"has_location":false,"update_date":"2026-04-27T07:16:58","atum_locations":[],"atum_stock_status":"instock","restock_status":false,"low_stock_amount":"","sales_update_date":"2026-01-30T01:26:21","calc_backorders":null,"_links":{"self":[{"href":"https:\/\/aromasentia.com\/da\/wp-json\/wp\/v2\/product\/201290","targetHints":{"allow":["GET"]}}],"collection":[{"href":"https:\/\/aromasentia.com\/da\/wp-json\/wp\/v2\/product"}],"about":[{"href":"https:\/\/aromasentia.com\/da\/wp-json\/wp\/v2\/types\/product"}],"replies":[{"embeddable":true,"href":"https:\/\/aromasentia.com\/da\/wp-json\/wp\/v2\/comments?post=201290"}],"version-history":[{"count":0,"href":"https:\/\/aromasentia.com\/da\/wp-json\/wp\/v2\/product\/201290\/revisions"}],"wp:featuredmedia":[{"embeddable":true,"href":"https:\/\/aromasentia.com\/da\/wp-json\/wp\/v2\/media\/267384"}],"wp:attachment":[{"href":"https:\/\/aromasentia.com\/da\/wp-json\/wp\/v2\/media?parent=201290"}],"wp:term":[{"taxonomy":"product_brand","embeddable":true,"href":"https:\/\/aromasentia.com\/da\/wp-json\/wp\/v2\/product_brand?post=201290"},{"taxonomy":"product_cat","embeddable":true,"href":"https:\/\/aromasentia.com\/da\/wp-json\/wp\/v2\/product_cat?post=201290"},{"taxonomy":"product_tag","embeddable":true,"href":"https:\/\/aromasentia.com\/da\/wp-json\/wp\/v2\/product_tag?post=201290"}],"curies":[{"name":"wp","href":"https:\/\/api.w.org\/{rel}","templated":true}]}}