{"id":201288,"date":"2025-03-20T15:13:48","date_gmt":"2025-03-20T15:13:48","guid":{"rendered":"https:\/\/aromasentia.com\/product\/rose-geranium-organic-essential-oil-0-5kg\/"},"modified":"2025-06-22T03:35:56","modified_gmt":"2025-06-22T03:35:56","slug":"oekologisk-aeterisk-olie-rose-geranium-500ml","status":"publish","type":"product","link":"https:\/\/aromasentia.com\/da\/oekologisk-aeterisk-olie-rose-geranium-500ml\/","title":{"rendered":"\u00d8kologisk \u00c6terisk Olie Rose Geranium 500ml"},"content":{"rendered":"<p>Nyd den harmoniske blomsteragtighed i vores 500 ml \u00f8kologiske \u00e6teriske olie af rosengeranium. Denne smukke olie er certificeret \u00f8kologisk og blander de s\u00f8de, rosenr\u00f8de noter fra geranium med en karakter, der minder om \u00e6gte rose, og giver en opl\u00f8ftende og f\u00f8lelsesm\u00e6ssigt afbalancerende duft. Den er v\u00e6rdsat i \u00f8kologisk hudpleje for sin evne til at afbalancere sebum, berolige huden og fremme en sund gl\u00f8d. Dens dejlige duft hj\u00e6lper ogs\u00e5 med at berolige nerverne og skabe en f\u00f8lelse af velv\u00e6re. En ren, alsidig blomst til naturlig sk\u00f8nhed og f\u00f8lelsesm\u00e6ssig harmoni.<\/p>\n","protected":false},"excerpt":{"rendered":"<p>Nyd den harmoniske blomsteragtighed i vores 500 ml \u00f8kologiske \u00e6teriske olie af rosengeranium. Denne smukke olie er certificeret \u00f8kologisk og blander de s\u00f8de, rosenr\u00f8de noter fra geranium med en karakter, der minder om \u00e6gte rose, og giver en opl\u00f8ftende og f\u00f8lelsesm\u00e6ssigt afbalancerende duft. Den er v\u00e6rdsat i \u00f8kologisk hudpleje for sin evne til at afbalancere [&hellip;]<\/p>\n","protected":false},"featured_media":267608,"comment_status":"closed","ping_status":"open","template":"","meta":{"_angie_page":false},"product_brand":[27094],"product_cat":[7647,6153,26830,25839,25948,26655,25984],"product_tag":[],"class_list":{"0":"post-201288","1":"product","2":"type-product","3":"status-publish","4":"has-post-thumbnail","6":"product_brand-ancient-wisdom","7":"product_cat-aeteriske-olier","8":"product_cat-aromaterapi-og-rumdufte","9":"product_cat-blomster","10":"product_cat-dufte-aromaer","11":"product_cat-geranium","12":"product_cat-okologiske-aeteriske-olier","13":"product_cat-rose","14":"pa_collection-bulk-organic-essential-oils-da","15":"pa_made-in-reunion","16":"pa_size-500ml","18":"first","19":"instock","20":"purchasable","21":"product-type-simple"},"supplier_id":null,"supplier_sku":"OrgEOB-20","barcode":null,"atum_controlled":true,"out_stock_date":null,"out_stock_threshold":null,"inheritable":false,"inbound_stock":0,"stock_on_hold":0,"sold_today":0,"sales_last_days":0,"reserved_stock":0,"customer_returns":0,"warehouse_damage":0,"lost_in_post":0,"other_logs":0,"out_stock_days":0,"lost_sales":0,"has_location":false,"update_date":"2026-05-08T05:15:42","atum_locations":[],"atum_stock_status":"instock","restock_status":false,"low_stock_amount":"","sales_update_date":"2026-01-30T01:26:00","calc_backorders":null,"_links":{"self":[{"href":"https:\/\/aromasentia.com\/da\/wp-json\/wp\/v2\/product\/201288","targetHints":{"allow":["GET"]}}],"collection":[{"href":"https:\/\/aromasentia.com\/da\/wp-json\/wp\/v2\/product"}],"about":[{"href":"https:\/\/aromasentia.com\/da\/wp-json\/wp\/v2\/types\/product"}],"replies":[{"embeddable":true,"href":"https:\/\/aromasentia.com\/da\/wp-json\/wp\/v2\/comments?post=201288"}],"version-history":[{"count":0,"href":"https:\/\/aromasentia.com\/da\/wp-json\/wp\/v2\/product\/201288\/revisions"}],"wp:featuredmedia":[{"embeddable":true,"href":"https:\/\/aromasentia.com\/da\/wp-json\/wp\/v2\/media\/267608"}],"wp:attachment":[{"href":"https:\/\/aromasentia.com\/da\/wp-json\/wp\/v2\/media?parent=201288"}],"wp:term":[{"taxonomy":"product_brand","embeddable":true,"href":"https:\/\/aromasentia.com\/da\/wp-json\/wp\/v2\/product_brand?post=201288"},{"taxonomy":"product_cat","embeddable":true,"href":"https:\/\/aromasentia.com\/da\/wp-json\/wp\/v2\/product_cat?post=201288"},{"taxonomy":"product_tag","embeddable":true,"href":"https:\/\/aromasentia.com\/da\/wp-json\/wp\/v2\/product_tag?post=201288"}],"curies":[{"name":"wp","href":"https:\/\/api.w.org\/{rel}","templated":true}]}}