{"id":201286,"date":"2025-03-20T15:13:48","date_gmt":"2025-03-20T15:13:48","guid":{"rendered":"https:\/\/aromasentia.com\/product\/petitgrain-organic-essential-oil-0-5kg\/"},"modified":"2025-06-22T03:35:55","modified_gmt":"2025-06-22T03:35:55","slug":"oekologisk-petitgrain-aeterisk-olie-500ml","status":"publish","type":"product","link":"https:\/\/aromasentia.com\/da\/oekologisk-petitgrain-aeterisk-olie-500ml\/","title":{"rendered":"\u00d8kologisk Petitgrain \u00c6terisk Olie 500ml"},"content":{"rendered":"<p>Afbalancer og opfrisk med vores 500 ml \u00f8kologiske Petitgrain Essential Oil. Denne unikke olie, der er certificeret \u00f8kologisk og destilleret fra bladene og kvistene p\u00e5 det bitre appelsintr\u00e6, har en frisk, tr\u00e6agtig, let blomsteragtig og subtil citrusagtig aroma. Den er v\u00e6rdsat for sin evne til at berolige sindet, d\u00e6mpe angst og opl\u00f8fte hum\u00f8ret uden at virke sl\u00f8vende. Dens organiske natur g\u00f8r den til et vidunderligt valg til naturlig parfume, hudpleje til fedtet hud og til at skabe en harmonisk, fredfyldt atmosf\u00e6re.<\/p>\n","protected":false},"excerpt":{"rendered":"<p>Afbalancer og opfrisk med vores 500 ml \u00f8kologiske Petitgrain Essential Oil. Denne unikke olie, der er certificeret \u00f8kologisk og destilleret fra bladene og kvistene p\u00e5 det bitre appelsintr\u00e6, har en frisk, tr\u00e6agtig, let blomsteragtig og subtil citrusagtig aroma. Den er v\u00e6rdsat for sin evne til at berolige sindet, d\u00e6mpe angst og opl\u00f8fte hum\u00f8ret uden at [&hellip;]<\/p>\n","protected":false},"featured_media":267590,"comment_status":"closed","ping_status":"open","template":"","meta":{"_angie_page":false},"product_brand":[27094],"product_cat":[7647,6153,26816,25839,26655,25979],"product_tag":[],"class_list":{"0":"post-201286","1":"product","2":"type-product","3":"status-publish","4":"has-post-thumbnail","6":"product_brand-ancient-wisdom","7":"product_cat-aeteriske-olier","8":"product_cat-aromaterapi-og-rumdufte","9":"product_cat-citrus","10":"product_cat-dufte-aromaer","11":"product_cat-okologiske-aeteriske-olier","12":"product_cat-petitgrain","13":"pa_collection-bulk-organic-essential-oils-da","14":"pa_made-in-paraguay","15":"pa_size-500ml","17":"first","18":"outofstock","19":"purchasable","20":"product-type-simple"},"supplier_id":null,"supplier_sku":"OrgEOB-18","barcode":null,"atum_controlled":true,"out_stock_date":"2026-04-25 15:12:56","out_stock_threshold":null,"inheritable":false,"inbound_stock":0,"stock_on_hold":0,"sold_today":0,"sales_last_days":0,"reserved_stock":0,"customer_returns":0,"warehouse_damage":0,"lost_in_post":0,"other_logs":0,"out_stock_days":0,"lost_sales":0,"has_location":false,"update_date":"2026-04-27T07:17:12","atum_locations":[],"atum_stock_status":"outofstock","restock_status":false,"low_stock_amount":"","sales_update_date":"2026-01-20T05:13:02","calc_backorders":null,"_links":{"self":[{"href":"https:\/\/aromasentia.com\/da\/wp-json\/wp\/v2\/product\/201286","targetHints":{"allow":["GET"]}}],"collection":[{"href":"https:\/\/aromasentia.com\/da\/wp-json\/wp\/v2\/product"}],"about":[{"href":"https:\/\/aromasentia.com\/da\/wp-json\/wp\/v2\/types\/product"}],"replies":[{"embeddable":true,"href":"https:\/\/aromasentia.com\/da\/wp-json\/wp\/v2\/comments?post=201286"}],"version-history":[{"count":0,"href":"https:\/\/aromasentia.com\/da\/wp-json\/wp\/v2\/product\/201286\/revisions"}],"wp:featuredmedia":[{"embeddable":true,"href":"https:\/\/aromasentia.com\/da\/wp-json\/wp\/v2\/media\/267590"}],"wp:attachment":[{"href":"https:\/\/aromasentia.com\/da\/wp-json\/wp\/v2\/media?parent=201286"}],"wp:term":[{"taxonomy":"product_brand","embeddable":true,"href":"https:\/\/aromasentia.com\/da\/wp-json\/wp\/v2\/product_brand?post=201286"},{"taxonomy":"product_cat","embeddable":true,"href":"https:\/\/aromasentia.com\/da\/wp-json\/wp\/v2\/product_cat?post=201286"},{"taxonomy":"product_tag","embeddable":true,"href":"https:\/\/aromasentia.com\/da\/wp-json\/wp\/v2\/product_tag?post=201286"}],"curies":[{"name":"wp","href":"https:\/\/api.w.org\/{rel}","templated":true}]}}