{"id":201285,"date":"2025-03-20T15:13:48","date_gmt":"2025-03-20T15:13:48","guid":{"rendered":"https:\/\/aromasentia.com\/product\/cedarwood-atlas-organic-essential-oil-0-5kg\/"},"modified":"2025-06-22T03:35:55","modified_gmt":"2025-06-22T03:35:55","slug":"oekologisk-cedertrae-atlas-aeterisk-olie-500ml","status":"publish","type":"product","link":"https:\/\/aromasentia.com\/da\/oekologisk-cedertrae-atlas-aeterisk-olie-500ml\/","title":{"rendered":"\u00d8kologisk Cedertr\u00e6 Atlas \u00c6terisk Olie 500ml"},"content":{"rendered":"<p>Styrk og jord med vores 500 ml \u00f8kologiske \u00e6teriske olie af cedertr\u00e6 og atlas. Denne olie er certificeret \u00f8kologisk og har en fyldig, tr\u00e6agtig, let s\u00f8dlig og balsamisk aroma, som virker dybt beroligende og styrkende. Cedertr\u00e6 Atlas er kendt for sin evne til at berolige nerv\u00f8se sp\u00e6ndinger, fremme f\u00f8lelsesm\u00e6ssig stabilitet og tilskynde til en meditativ tilstand. Den er ogs\u00e5 gavnlig for hovedbundens sundhed og som insektmiddel. Dens organiske renhed sikrer en \u00e6gte, jordn\u00e6r forbindelse til dette majest\u00e6tiske tr\u00e6s vedvarende styrke.<\/p>\n","protected":false},"excerpt":{"rendered":"<p>Styrk og jord med vores 500 ml \u00f8kologiske \u00e6teriske olie af cedertr\u00e6 og atlas. Denne olie er certificeret \u00f8kologisk og har en fyldig, tr\u00e6agtig, let s\u00f8dlig og balsamisk aroma, som virker dybt beroligende og styrkende. Cedertr\u00e6 Atlas er kendt for sin evne til at berolige nerv\u00f8se sp\u00e6ndinger, fremme f\u00f8lelsesm\u00e6ssig stabilitet og tilskynde til en meditativ [&hellip;]<\/p>\n","protected":false},"featured_media":267581,"comment_status":"closed","ping_status":"open","template":"","meta":{"_angie_page":false},"product_brand":[27094],"product_cat":[7647,6153,25933,25839,26655,26893],"product_tag":[],"class_list":{"0":"post-201285","1":"product","2":"type-product","3":"status-publish","4":"has-post-thumbnail","6":"product_brand-ancient-wisdom","7":"product_cat-aeteriske-olier","8":"product_cat-aromaterapi-og-rumdufte","9":"product_cat-cedertrae","10":"product_cat-dufte-aromaer","11":"product_cat-okologiske-aeteriske-olier","12":"product_cat-traeagtig","13":"pa_collection-bulk-organic-essential-oils-da","14":"pa_made-in-marokko","15":"pa_size-500ml","17":"first","18":"instock","19":"purchasable","20":"product-type-simple"},"supplier_id":null,"supplier_sku":"OrgEOB-17","barcode":null,"atum_controlled":true,"out_stock_date":null,"out_stock_threshold":null,"inheritable":false,"inbound_stock":null,"stock_on_hold":0,"sold_today":0,"sales_last_days":0,"reserved_stock":null,"customer_returns":null,"warehouse_damage":null,"lost_in_post":null,"other_logs":null,"out_stock_days":0,"lost_sales":0,"has_location":null,"update_date":"2026-04-27T07:17:12","atum_locations":[],"atum_stock_status":"instock","restock_status":false,"low_stock_amount":"","sales_update_date":"2025-09-05T00:17:39","calc_backorders":null,"_links":{"self":[{"href":"https:\/\/aromasentia.com\/da\/wp-json\/wp\/v2\/product\/201285","targetHints":{"allow":["GET"]}}],"collection":[{"href":"https:\/\/aromasentia.com\/da\/wp-json\/wp\/v2\/product"}],"about":[{"href":"https:\/\/aromasentia.com\/da\/wp-json\/wp\/v2\/types\/product"}],"replies":[{"embeddable":true,"href":"https:\/\/aromasentia.com\/da\/wp-json\/wp\/v2\/comments?post=201285"}],"version-history":[{"count":0,"href":"https:\/\/aromasentia.com\/da\/wp-json\/wp\/v2\/product\/201285\/revisions"}],"wp:featuredmedia":[{"embeddable":true,"href":"https:\/\/aromasentia.com\/da\/wp-json\/wp\/v2\/media\/267581"}],"wp:attachment":[{"href":"https:\/\/aromasentia.com\/da\/wp-json\/wp\/v2\/media?parent=201285"}],"wp:term":[{"taxonomy":"product_brand","embeddable":true,"href":"https:\/\/aromasentia.com\/da\/wp-json\/wp\/v2\/product_brand?post=201285"},{"taxonomy":"product_cat","embeddable":true,"href":"https:\/\/aromasentia.com\/da\/wp-json\/wp\/v2\/product_cat?post=201285"},{"taxonomy":"product_tag","embeddable":true,"href":"https:\/\/aromasentia.com\/da\/wp-json\/wp\/v2\/product_tag?post=201285"}],"curies":[{"name":"wp","href":"https:\/\/api.w.org\/{rel}","templated":true}]}}