{"id":201284,"date":"2025-03-20T15:13:48","date_gmt":"2025-03-20T15:13:48","guid":{"rendered":"https:\/\/aromasentia.com\/product\/cypress-organic-essential-oil-0-5kg\/"},"modified":"2025-06-22T03:35:54","modified_gmt":"2025-06-22T03:35:54","slug":"oekologisk-cypres-aeterisk-olie-500ml","status":"publish","type":"product","link":"https:\/\/aromasentia.com\/da\/oekologisk-cypres-aeterisk-olie-500ml\/","title":{"rendered":"\u00d8kologisk Cypres \u00c6terisk Olie 500ml"},"content":{"rendered":"<p>Jord og rens dit milj\u00f8 med vores 500 ml \u00f8kologiske \u00e6teriske cypresolie. Denne cypresolie er certificeret \u00f8kologisk og har en frisk, ren, let tr\u00e6agtig og stedsegr\u00f8n duft, der b\u00e5de virker centrerende og opl\u00f8ftende. Den er kendt for sine sammentr\u00e6kkende egenskaber, som g\u00f8r den velegnet til fedtet hud og til at fremme et sundt kredsl\u00f8b. Dens aroma kan virke beroligende i overgangstider og rensende for luften. Den er \u00f8kologisk udvundet og giver en ren, harpiksagtig forbindelse til naturens balancerende kraft.<\/p>\n","protected":false},"excerpt":{"rendered":"<p>Jord og rens dit milj\u00f8 med vores 500 ml \u00f8kologiske \u00e6teriske cypresolie. Denne cypresolie er certificeret \u00f8kologisk og har en frisk, ren, let tr\u00e6agtig og stedsegr\u00f8n duft, der b\u00e5de virker centrerende og opl\u00f8ftende. Den er kendt for sine sammentr\u00e6kkende egenskaber, som g\u00f8r den velegnet til fedtet hud og til at fremme et sundt kredsl\u00f8b. Dens [&hellip;]<\/p>\n","protected":false},"featured_media":267572,"comment_status":"closed","ping_status":"open","template":"","meta":{"_angie_page":false},"product_brand":[27094],"product_cat":[7647,6153,25942,25839,26655,26893],"product_tag":[],"class_list":{"0":"post-201284","1":"product","2":"type-product","3":"status-publish","4":"has-post-thumbnail","6":"product_brand-ancient-wisdom","7":"product_cat-aeteriske-olier","8":"product_cat-aromaterapi-og-rumdufte","9":"product_cat-cypres","10":"product_cat-dufte-aromaer","11":"product_cat-okologiske-aeteriske-olier","12":"product_cat-traeagtig","13":"pa_collection-bulk-organic-essential-oils-da","14":"pa_made-in-spanien","15":"pa_size-500ml","17":"first","18":"instock","19":"purchasable","20":"product-type-simple"},"supplier_id":null,"supplier_sku":"OrgEOB-16","barcode":null,"atum_controlled":true,"out_stock_date":null,"out_stock_threshold":null,"inheritable":false,"inbound_stock":null,"stock_on_hold":0,"sold_today":0,"sales_last_days":0,"reserved_stock":null,"customer_returns":null,"warehouse_damage":null,"lost_in_post":null,"other_logs":null,"out_stock_days":0,"lost_sales":0,"has_location":null,"update_date":"2026-04-27T07:17:04","atum_locations":[],"atum_stock_status":"instock","restock_status":false,"low_stock_amount":"","sales_update_date":"2025-09-05T00:17:39","calc_backorders":null,"_links":{"self":[{"href":"https:\/\/aromasentia.com\/da\/wp-json\/wp\/v2\/product\/201284","targetHints":{"allow":["GET"]}}],"collection":[{"href":"https:\/\/aromasentia.com\/da\/wp-json\/wp\/v2\/product"}],"about":[{"href":"https:\/\/aromasentia.com\/da\/wp-json\/wp\/v2\/types\/product"}],"replies":[{"embeddable":true,"href":"https:\/\/aromasentia.com\/da\/wp-json\/wp\/v2\/comments?post=201284"}],"version-history":[{"count":0,"href":"https:\/\/aromasentia.com\/da\/wp-json\/wp\/v2\/product\/201284\/revisions"}],"wp:featuredmedia":[{"embeddable":true,"href":"https:\/\/aromasentia.com\/da\/wp-json\/wp\/v2\/media\/267572"}],"wp:attachment":[{"href":"https:\/\/aromasentia.com\/da\/wp-json\/wp\/v2\/media?parent=201284"}],"wp:term":[{"taxonomy":"product_brand","embeddable":true,"href":"https:\/\/aromasentia.com\/da\/wp-json\/wp\/v2\/product_brand?post=201284"},{"taxonomy":"product_cat","embeddable":true,"href":"https:\/\/aromasentia.com\/da\/wp-json\/wp\/v2\/product_cat?post=201284"},{"taxonomy":"product_tag","embeddable":true,"href":"https:\/\/aromasentia.com\/da\/wp-json\/wp\/v2\/product_tag?post=201284"}],"curies":[{"name":"wp","href":"https:\/\/api.w.org\/{rel}","templated":true}]}}