{"id":201283,"date":"2025-03-20T15:13:48","date_gmt":"2025-03-20T15:13:48","guid":{"rendered":"https:\/\/aromasentia.com\/product\/grapefruit-organic-essential-oil-0-5kg\/"},"modified":"2025-06-22T03:35:54","modified_gmt":"2025-06-22T03:35:54","slug":"oekologisk-grapefrugt-aeterisk-olie-500ml","status":"publish","type":"product","link":"https:\/\/aromasentia.com\/da\/oekologisk-grapefrugt-aeterisk-olie-500ml\/","title":{"rendered":"\u00d8kologisk Grapefrugt \u00c6terisk Olie 500ml"},"content":{"rendered":"<p>Opfrisk og opl\u00f8ft med vores 500 ml \u00f8kologiske \u00e6teriske grapefrugtolie. Denne olie er certificeret \u00f8kologisk og har en skarp, lys og forfriskende citrusaroma, der er vidunderligt energigivende og hum\u00f8rl\u00f8ftende. Den er kendt for sine afgiftende og styrkende egenskaber og bruges ofte i blandinger til at bek\u00e6mpe v\u00e6skeophobning og underst\u00f8tte et sundt stofskifte. Dens muntre duft hj\u00e6lper med at fjerne mental tr\u00e6thed og fremme et positivt syn p\u00e5 tilv\u00e6relsen. Den er \u00f8kologisk udvundet for at sikre renhed og er en liflig forn\u00f8jelse til diffusion og revitaliserende kropspleje.<\/p>\n","protected":false},"excerpt":{"rendered":"<p>Opfrisk og opl\u00f8ft med vores 500 ml \u00f8kologiske \u00e6teriske grapefrugtolie. Denne olie er certificeret \u00f8kologisk og har en skarp, lys og forfriskende citrusaroma, der er vidunderligt energigivende og hum\u00f8rl\u00f8ftende. Den er kendt for sine afgiftende og styrkende egenskaber og bruges ofte i blandinger til at bek\u00e6mpe v\u00e6skeophobning og underst\u00f8tte et sundt stofskifte. Dens muntre duft [&hellip;]<\/p>\n","protected":false},"featured_media":267563,"comment_status":"closed","ping_status":"open","template":"","meta":{"_angie_page":false},"product_brand":[27094],"product_cat":[7647,6153,26816,25839,25950,26655],"product_tag":[],"class_list":{"0":"post-201283","1":"product","2":"type-product","3":"status-publish","4":"has-post-thumbnail","6":"product_brand-ancient-wisdom","7":"product_cat-aeteriske-olier","8":"product_cat-aromaterapi-og-rumdufte","9":"product_cat-citrus","10":"product_cat-dufte-aromaer","11":"product_cat-grapefrugt","12":"product_cat-okologiske-aeteriske-olier","13":"pa_collection-bulk-organic-essential-oils-da","14":"pa_made-in-usa","15":"pa_size-500ml","17":"first","18":"instock","19":"purchasable","20":"product-type-simple"},"supplier_id":null,"supplier_sku":"OrgEOB-15","barcode":null,"atum_controlled":true,"out_stock_date":null,"out_stock_threshold":null,"inheritable":false,"inbound_stock":0,"stock_on_hold":0,"sold_today":0,"sales_last_days":0,"reserved_stock":0,"customer_returns":0,"warehouse_damage":0,"lost_in_post":0,"other_logs":0,"out_stock_days":0,"lost_sales":0,"has_location":false,"update_date":"2026-04-27T07:17:04","atum_locations":[],"atum_stock_status":"instock","restock_status":false,"low_stock_amount":"","sales_update_date":"2025-09-05T00:17:38","calc_backorders":null,"_links":{"self":[{"href":"https:\/\/aromasentia.com\/da\/wp-json\/wp\/v2\/product\/201283","targetHints":{"allow":["GET"]}}],"collection":[{"href":"https:\/\/aromasentia.com\/da\/wp-json\/wp\/v2\/product"}],"about":[{"href":"https:\/\/aromasentia.com\/da\/wp-json\/wp\/v2\/types\/product"}],"replies":[{"embeddable":true,"href":"https:\/\/aromasentia.com\/da\/wp-json\/wp\/v2\/comments?post=201283"}],"version-history":[{"count":0,"href":"https:\/\/aromasentia.com\/da\/wp-json\/wp\/v2\/product\/201283\/revisions"}],"wp:featuredmedia":[{"embeddable":true,"href":"https:\/\/aromasentia.com\/da\/wp-json\/wp\/v2\/media\/267563"}],"wp:attachment":[{"href":"https:\/\/aromasentia.com\/da\/wp-json\/wp\/v2\/media?parent=201283"}],"wp:term":[{"taxonomy":"product_brand","embeddable":true,"href":"https:\/\/aromasentia.com\/da\/wp-json\/wp\/v2\/product_brand?post=201283"},{"taxonomy":"product_cat","embeddable":true,"href":"https:\/\/aromasentia.com\/da\/wp-json\/wp\/v2\/product_cat?post=201283"},{"taxonomy":"product_tag","embeddable":true,"href":"https:\/\/aromasentia.com\/da\/wp-json\/wp\/v2\/product_tag?post=201283"}],"curies":[{"name":"wp","href":"https:\/\/api.w.org\/{rel}","templated":true}]}}