{"id":201277,"date":"2025-03-20T15:13:48","date_gmt":"2025-03-20T15:13:48","guid":{"rendered":"https:\/\/aromasentia.com\/product\/orange-organic-essential-oil-0-5kg\/"},"modified":"2025-06-22T03:35:49","modified_gmt":"2025-06-22T03:35:49","slug":"oekologisk-orange-aeterisk-olie-500ml","status":"publish","type":"product","link":"https:\/\/aromasentia.com\/da\/oekologisk-orange-aeterisk-olie-500ml\/","title":{"rendered":"\u00d8kologisk Orange \u00c6terisk Olie 500ml"},"content":{"rendered":"<p>L\u00f8ft hum\u00f8ret med vores 500 ml \u00f8kologiske \u00e6teriske appelsinolie. Denne s\u00f8de appelsinolie er certificeret \u00f8kologisk og har en vidunderlig munter, s\u00f8d og frugtagtig citrusaroma, der er som solskin p\u00e5 flaske. Den er kendt for sin evne til at fremme afslapning, lette angst og skabe en glad og indbydende atmosf\u00e6re. Dens blide natur g\u00f8r den til en favorit for alle aldre. Den er perfekt til at sprede for at g\u00f8re ethvert rum lysere eller tilf\u00f8je en glad note til naturlige hudpleje- og reng\u00f8ringsprodukter, og dens organiske renhed sikrer en dejlig oplevelse.<\/p>\n","protected":false},"excerpt":{"rendered":"<p>L\u00f8ft hum\u00f8ret med vores 500 ml \u00f8kologiske \u00e6teriske appelsinolie. Denne s\u00f8de appelsinolie er certificeret \u00f8kologisk og har en vidunderlig munter, s\u00f8d og frugtagtig citrusaroma, der er som solskin p\u00e5 flaske. Den er kendt for sin evne til at fremme afslapning, lette angst og skabe en glad og indbydende atmosf\u00e6re. Dens blide natur g\u00f8r den til [&hellip;]<\/p>\n","protected":false},"featured_media":267509,"comment_status":"closed","ping_status":"open","template":"","meta":[],"product_brand":[27094],"product_cat":[7647,25972,6153,26816,25839,26655],"product_tag":[],"class_list":{"0":"post-201277","1":"product","2":"type-product","3":"status-publish","4":"has-post-thumbnail","6":"product_brand-ancient-wisdom","7":"product_cat-aeteriske-olier","8":"product_cat-appelsin","9":"product_cat-aromaterapi-og-rumdufte","10":"product_cat-citrus","11":"product_cat-dufte-aromaer","12":"product_cat-okologiske-aeteriske-olier","13":"pa_collection-bulk-organic-essential-oils-da","14":"pa_made-in-brasilien","15":"pa_size-500ml","17":"first","18":"outofstock","19":"purchasable","20":"product-type-simple"},"supplier_id":null,"supplier_sku":"OrgEOB-09","barcode":null,"atum_controlled":true,"out_stock_date":"2025-10-30 17:26:28","out_stock_threshold":null,"inheritable":false,"inbound_stock":null,"stock_on_hold":0,"sold_today":0,"sales_last_days":0,"reserved_stock":null,"customer_returns":null,"warehouse_damage":null,"lost_in_post":null,"other_logs":null,"out_stock_days":98,"lost_sales":0,"has_location":null,"update_date":"2026-02-06T00:00:57","atum_locations":[],"atum_stock_status":"outofstock","restock_status":false,"low_stock_amount":"","sales_update_date":"2026-02-06T00:00:57","calc_backorders":null,"_links":{"self":[{"href":"https:\/\/aromasentia.com\/da\/wp-json\/wp\/v2\/product\/201277","targetHints":{"allow":["GET"]}}],"collection":[{"href":"https:\/\/aromasentia.com\/da\/wp-json\/wp\/v2\/product"}],"about":[{"href":"https:\/\/aromasentia.com\/da\/wp-json\/wp\/v2\/types\/product"}],"replies":[{"embeddable":true,"href":"https:\/\/aromasentia.com\/da\/wp-json\/wp\/v2\/comments?post=201277"}],"version-history":[{"count":0,"href":"https:\/\/aromasentia.com\/da\/wp-json\/wp\/v2\/product\/201277\/revisions"}],"wp:featuredmedia":[{"embeddable":true,"href":"https:\/\/aromasentia.com\/da\/wp-json\/wp\/v2\/media\/267509"}],"wp:attachment":[{"href":"https:\/\/aromasentia.com\/da\/wp-json\/wp\/v2\/media?parent=201277"}],"wp:term":[{"taxonomy":"product_brand","embeddable":true,"href":"https:\/\/aromasentia.com\/da\/wp-json\/wp\/v2\/product_brand?post=201277"},{"taxonomy":"product_cat","embeddable":true,"href":"https:\/\/aromasentia.com\/da\/wp-json\/wp\/v2\/product_cat?post=201277"},{"taxonomy":"product_tag","embeddable":true,"href":"https:\/\/aromasentia.com\/da\/wp-json\/wp\/v2\/product_tag?post=201277"}],"curies":[{"name":"wp","href":"https:\/\/api.w.org\/{rel}","templated":true}]}}