{"id":201274,"date":"2025-03-20T15:13:59","date_gmt":"2025-03-20T15:13:59","guid":{"rendered":"https:\/\/aromasentia.com\/product\/cinnamon-cut-2-cm-cassia-vera-indonesia-1kg\/"},"modified":"2025-06-22T03:35:48","modified_gmt":"2025-06-22T03:35:48","slug":"kanel-skaaret-2-cm-cassia-vera-indonesien-1kg","status":"publish","type":"product","link":"https:\/\/aromasentia.com\/da\/kanel-skaaret-2-cm-cassia-vera-indonesien-1kg\/","title":{"rendered":"Kanel Sk\u00e5ret 2 cm (Cassia Vera, Indonesien) 1Kg"},"content":{"rendered":"<p>Tilf\u00f8r dine retter autentisk varme ved hj\u00e6lp af kanel sk\u00e5ret 2 cm (Cassia Vera, Indonesien) i denne 1 kg-pakke. Disse praktiske, forsk\u00e5rne stykker Cassia-kanel har en st\u00e6rk, s\u00f8d og krydret smag, der er perfekt til gryderetter, karryretter, risretter og til at simre i drikkevarer som gl\u00f8gg eller krydret cider. Denne Cassia Vera-sort stammer fra Indonesien og giver en robust og velkendt kaneloplevelse, der er ideel til b\u00e5de s\u00f8de og salte retter, hvor man \u00f8nsker et kraftigt, aromatisk krydderi.<\/p>\n","protected":false},"excerpt":{"rendered":"<p>Tilf\u00f8r dine retter autentisk varme ved hj\u00e6lp af kanel sk\u00e5ret 2 cm (Cassia Vera, Indonesien) i denne 1 kg-pakke. Disse praktiske, forsk\u00e5rne stykker Cassia-kanel har en st\u00e6rk, s\u00f8d og krydret smag, der er perfekt til gryderetter, karryretter, risretter og til at simre i drikkevarer som gl\u00f8gg eller krydret cider. Denne Cassia Vera-sort stammer fra Indonesien [&hellip;]<\/p>\n","protected":false},"featured_media":267756,"comment_status":"closed","ping_status":"open","template":"","meta":{"_angie_page":false},"product_brand":[],"product_cat":[6153,25839,25935,26886],"product_tag":[],"class_list":{"0":"post-201274","1":"product","2":"type-product","3":"status-publish","4":"has-post-thumbnail","6":"product_cat-aromaterapi-og-rumdufte","7":"product_cat-dufte-aromaer","8":"product_cat-kanel","9":"product_cat-krydret","10":"pa_collection-pure-floral-da","11":"pa_made-in-indonesien","13":"first","14":"instock","15":"purchasable","16":"product-type-simple"},"supplier_id":null,"supplier_sku":"PF-25","barcode":null,"atum_controlled":true,"out_stock_date":null,"out_stock_threshold":null,"inheritable":false,"inbound_stock":null,"stock_on_hold":0,"sold_today":0,"sales_last_days":0,"reserved_stock":null,"customer_returns":null,"warehouse_damage":null,"lost_in_post":null,"other_logs":null,"out_stock_days":0,"lost_sales":0,"has_location":null,"update_date":"2026-04-27T07:17:58","atum_locations":[],"atum_stock_status":"instock","restock_status":false,"low_stock_amount":"","sales_update_date":"2026-02-06T00:00:50","calc_backorders":null,"_links":{"self":[{"href":"https:\/\/aromasentia.com\/da\/wp-json\/wp\/v2\/product\/201274","targetHints":{"allow":["GET"]}}],"collection":[{"href":"https:\/\/aromasentia.com\/da\/wp-json\/wp\/v2\/product"}],"about":[{"href":"https:\/\/aromasentia.com\/da\/wp-json\/wp\/v2\/types\/product"}],"replies":[{"embeddable":true,"href":"https:\/\/aromasentia.com\/da\/wp-json\/wp\/v2\/comments?post=201274"}],"version-history":[{"count":0,"href":"https:\/\/aromasentia.com\/da\/wp-json\/wp\/v2\/product\/201274\/revisions"}],"wp:featuredmedia":[{"embeddable":true,"href":"https:\/\/aromasentia.com\/da\/wp-json\/wp\/v2\/media\/267756"}],"wp:attachment":[{"href":"https:\/\/aromasentia.com\/da\/wp-json\/wp\/v2\/media?parent=201274"}],"wp:term":[{"taxonomy":"product_brand","embeddable":true,"href":"https:\/\/aromasentia.com\/da\/wp-json\/wp\/v2\/product_brand?post=201274"},{"taxonomy":"product_cat","embeddable":true,"href":"https:\/\/aromasentia.com\/da\/wp-json\/wp\/v2\/product_cat?post=201274"},{"taxonomy":"product_tag","embeddable":true,"href":"https:\/\/aromasentia.com\/da\/wp-json\/wp\/v2\/product_tag?post=201274"}],"curies":[{"name":"wp","href":"https:\/\/api.w.org\/{rel}","templated":true}]}}