{"id":201272,"date":"2025-03-20T15:13:59","date_gmt":"2025-03-20T15:13:59","guid":{"rendered":"https:\/\/aromasentia.com\/product\/anise-grain-1kg\/"},"modified":"2025-06-22T03:35:47","modified_gmt":"2025-06-22T03:35:47","slug":"anis-korn-1kg","status":"publish","type":"product","link":"https:\/\/aromasentia.com\/da\/anis-korn-1kg\/","title":{"rendered":"Anis (Korn) 1Kg"},"content":{"rendered":"<p>Nyd den s\u00f8de, lakridslignende smag af anis (korn), ogs\u00e5 kendt som anisfr\u00f8, i denne 1 kg-pakke. Disse sm\u00e5, aromatiske fr\u00f8 er v\u00e6rdsat for deres karakteristiske smag og bruges i vid udstr\u00e6kning til bagning, konfekture, lik\u00f8rer (som ouzo og absint) og salte retter. Anis bruges ogs\u00e5 traditionelt til at st\u00f8tte ford\u00f8jelsen, friske \u00e5nden op og lindre hoste. Denne gener\u00f8se m\u00e6ngde er perfekt til dem, der elsker dens unikke smag i deres kulinariske kreationer eller s\u00e6tter pris p\u00e5 dens traditionelle carminative og sliml\u00f8sende egenskaber.<\/p>\n","protected":false},"excerpt":{"rendered":"<p>Nyd den s\u00f8de, lakridslignende smag af anis (korn), ogs\u00e5 kendt som anisfr\u00f8, i denne 1 kg-pakke. Disse sm\u00e5, aromatiske fr\u00f8 er v\u00e6rdsat for deres karakteristiske smag og bruges i vid udstr\u00e6kning til bagning, konfekture, lik\u00f8rer (som ouzo og absint) og salte retter. Anis bruges ogs\u00e5 traditionelt til at st\u00f8tte ford\u00f8jelsen, friske \u00e5nden op og lindre [&hellip;]<\/p>\n","protected":false},"featured_media":267738,"comment_status":"closed","ping_status":"open","template":"","meta":{"_angie_page":false},"product_brand":[],"product_cat":[6153],"product_tag":[],"class_list":{"0":"post-201272","1":"product","2":"type-product","3":"status-publish","4":"has-post-thumbnail","6":"product_cat-aromaterapi-og-rumdufte","7":"pa_collection-pure-floral-da","8":"pa_made-in-spanien","10":"first","11":"instock","12":"purchasable","13":"product-type-simple"},"supplier_id":null,"supplier_sku":"PF-22","barcode":null,"atum_controlled":true,"out_stock_date":null,"out_stock_threshold":null,"inheritable":false,"inbound_stock":null,"stock_on_hold":0,"sold_today":0,"sales_last_days":0,"reserved_stock":null,"customer_returns":null,"warehouse_damage":null,"lost_in_post":null,"other_logs":null,"out_stock_days":87,"lost_sales":0,"has_location":null,"update_date":"2026-04-27T07:17:58","atum_locations":[],"atum_stock_status":"instock","restock_status":false,"low_stock_amount":"","sales_update_date":"2026-02-06T00:01:04","calc_backorders":null,"_links":{"self":[{"href":"https:\/\/aromasentia.com\/da\/wp-json\/wp\/v2\/product\/201272","targetHints":{"allow":["GET"]}}],"collection":[{"href":"https:\/\/aromasentia.com\/da\/wp-json\/wp\/v2\/product"}],"about":[{"href":"https:\/\/aromasentia.com\/da\/wp-json\/wp\/v2\/types\/product"}],"replies":[{"embeddable":true,"href":"https:\/\/aromasentia.com\/da\/wp-json\/wp\/v2\/comments?post=201272"}],"version-history":[{"count":0,"href":"https:\/\/aromasentia.com\/da\/wp-json\/wp\/v2\/product\/201272\/revisions"}],"wp:featuredmedia":[{"embeddable":true,"href":"https:\/\/aromasentia.com\/da\/wp-json\/wp\/v2\/media\/267738"}],"wp:attachment":[{"href":"https:\/\/aromasentia.com\/da\/wp-json\/wp\/v2\/media?parent=201272"}],"wp:term":[{"taxonomy":"product_brand","embeddable":true,"href":"https:\/\/aromasentia.com\/da\/wp-json\/wp\/v2\/product_brand?post=201272"},{"taxonomy":"product_cat","embeddable":true,"href":"https:\/\/aromasentia.com\/da\/wp-json\/wp\/v2\/product_cat?post=201272"},{"taxonomy":"product_tag","embeddable":true,"href":"https:\/\/aromasentia.com\/da\/wp-json\/wp\/v2\/product_tag?post=201272"}],"curies":[{"name":"wp","href":"https:\/\/api.w.org\/{rel}","templated":true}]}}