{"id":201270,"date":"2025-03-20T15:13:59","date_gmt":"2025-03-20T15:13:59","guid":{"rendered":"https:\/\/aromasentia.com\/product\/basil-cut-leaf-1kg\/"},"modified":"2025-06-22T03:35:47","modified_gmt":"2025-06-22T03:35:47","slug":"basilikum-skaaret-blad-1kg","status":"publish","type":"product","link":"https:\/\/aromasentia.com\/da\/basilikum-skaaret-blad-1kg\/","title":{"rendered":"Basilikum (Sk\u00e5ret Blad) 1Kg"},"content":{"rendered":"<p>Tilf\u00f8r dine retter og wellness-rutiner den aromatiske charme af basilikum (afsk\u00e5rne blade) i denne pakke p\u00e5 1 kg. Med sine s\u00f8de, let pebrede og karakteristiske anislignende noter er t\u00f8rret basilikum en kulinarisk basisvare, der er perfekt til italienske saucer, pesto, supper og salater. Traditionelt nyder man ogs\u00e5 basilikumte p\u00e5 grund af dens beroligende egenskaber og evne til at fremme ford\u00f8jelsen. Denne gener\u00f8se pakke sikrer, at du har masser af denne alsidige urt ved h\u00e5nden til smagfuld madlavning og beroligende urtetilberedninger.<\/p>\n","protected":false},"excerpt":{"rendered":"<p>Tilf\u00f8r dine retter og wellness-rutiner den aromatiske charme af basilikum (afsk\u00e5rne blade) i denne pakke p\u00e5 1 kg. Med sine s\u00f8de, let pebrede og karakteristiske anislignende noter er t\u00f8rret basilikum en kulinarisk basisvare, der er perfekt til italienske saucer, pesto, supper og salater. Traditionelt nyder man ogs\u00e5 basilikumte p\u00e5 grund af dens beroligende egenskaber og [&hellip;]<\/p>\n","protected":false},"featured_media":267720,"comment_status":"closed","ping_status":"open","template":"","meta":[],"product_brand":[],"product_cat":[6153,25925,25839,26858],"product_tag":[],"class_list":{"0":"post-201270","1":"product","2":"type-product","3":"status-publish","4":"has-post-thumbnail","6":"product_cat-aromaterapi-og-rumdufte","7":"product_cat-basilikum","8":"product_cat-dufte-aromaer","9":"product_cat-urte-aromatisk","10":"pa_collection-pure-floral-da","11":"pa_made-in-egypten","13":"first","14":"instock","15":"purchasable","16":"product-type-simple"},"supplier_id":null,"supplier_sku":"PF-20","barcode":null,"atum_controlled":true,"out_stock_date":null,"out_stock_threshold":null,"inheritable":false,"inbound_stock":0,"stock_on_hold":0,"sold_today":0,"sales_last_days":0,"reserved_stock":0,"customer_returns":0,"warehouse_damage":0,"lost_in_post":0,"other_logs":0,"out_stock_days":0,"lost_sales":0,"has_location":false,"update_date":"2026-01-30T01:25:32","atum_locations":[],"atum_stock_status":"instock","restock_status":false,"low_stock_amount":"","sales_update_date":"2026-01-30T01:25:32","calc_backorders":null,"_links":{"self":[{"href":"https:\/\/aromasentia.com\/da\/wp-json\/wp\/v2\/product\/201270","targetHints":{"allow":["GET"]}}],"collection":[{"href":"https:\/\/aromasentia.com\/da\/wp-json\/wp\/v2\/product"}],"about":[{"href":"https:\/\/aromasentia.com\/da\/wp-json\/wp\/v2\/types\/product"}],"replies":[{"embeddable":true,"href":"https:\/\/aromasentia.com\/da\/wp-json\/wp\/v2\/comments?post=201270"}],"version-history":[{"count":0,"href":"https:\/\/aromasentia.com\/da\/wp-json\/wp\/v2\/product\/201270\/revisions"}],"wp:featuredmedia":[{"embeddable":true,"href":"https:\/\/aromasentia.com\/da\/wp-json\/wp\/v2\/media\/267720"}],"wp:attachment":[{"href":"https:\/\/aromasentia.com\/da\/wp-json\/wp\/v2\/media?parent=201270"}],"wp:term":[{"taxonomy":"product_brand","embeddable":true,"href":"https:\/\/aromasentia.com\/da\/wp-json\/wp\/v2\/product_brand?post=201270"},{"taxonomy":"product_cat","embeddable":true,"href":"https:\/\/aromasentia.com\/da\/wp-json\/wp\/v2\/product_cat?post=201270"},{"taxonomy":"product_tag","embeddable":true,"href":"https:\/\/aromasentia.com\/da\/wp-json\/wp\/v2\/product_tag?post=201270"}],"curies":[{"name":"wp","href":"https:\/\/api.w.org\/{rel}","templated":true}]}}