{"id":201268,"date":"2025-03-20T15:13:59","date_gmt":"2025-03-20T15:13:59","guid":{"rendered":"https:\/\/aromasentia.com\/product\/birch-cut-leaf-1kg\/"},"modified":"2025-06-22T03:35:46","modified_gmt":"2025-06-22T03:35:46","slug":"birch-cut-leaf-1kg","status":"publish","type":"product","link":"https:\/\/aromasentia.com\/da\/birch-cut-leaf-1kg\/","title":{"rendered":"Birch (cut leaf) 1Kg"},"content":{"rendered":"<p>Omfavn de traditionelle anvendelser af birk (afsk\u00e5rne blade) i denne gener\u00f8se pakke p\u00e5 1 kg. Disse t\u00f8rrede birkeblade med deres subtile, friske aroma har en lang historie inden for urtemedicin og bruges ofte til at lave infusioner eller teer, der er kendt for deres vanddrivende og rensende egenskaber, som underst\u00f8tter nyrernes og urinvejenes sundhed. De kan ogs\u00e5 bruges i beroligende badepr\u00e6parater eller som en naturlig komponent i potpourri, der bringer et strejf af skovens essens og folkevisdom til dit hjem.<\/p>\n","protected":false},"excerpt":{"rendered":"<p>Omfavn de traditionelle anvendelser af birk (afsk\u00e5rne blade) i denne gener\u00f8se pakke p\u00e5 1 kg. Disse t\u00f8rrede birkeblade med deres subtile, friske aroma har en lang historie inden for urtemedicin og bruges ofte til at lave infusioner eller teer, der er kendt for deres vanddrivende og rensende egenskaber, som underst\u00f8tter nyrernes og urinvejenes sundhed. De [&hellip;]<\/p>\n","protected":false},"featured_media":267702,"comment_status":"closed","ping_status":"open","template":"","meta":{"_angie_page":false},"product_brand":[],"product_cat":[6153,25998,26893],"product_tag":[],"class_list":{"0":"post-201268","1":"product","2":"type-product","3":"status-publish","4":"has-post-thumbnail","6":"product_cat-aromaterapi-og-rumdufte","7":"product_cat-hvid-birk","8":"product_cat-traeagtig","9":"pa_collection-pure-floral-da","10":"pa_made-in-polen","12":"first","13":"instock","14":"purchasable","15":"product-type-simple"},"supplier_id":null,"supplier_sku":"PF-18","barcode":null,"atum_controlled":true,"out_stock_date":null,"out_stock_threshold":null,"inheritable":false,"inbound_stock":null,"stock_on_hold":0,"sold_today":0,"sales_last_days":0,"reserved_stock":null,"customer_returns":null,"warehouse_damage":null,"lost_in_post":null,"other_logs":null,"out_stock_days":0,"lost_sales":0,"has_location":null,"update_date":"2026-04-27T07:17:58","atum_locations":[],"atum_stock_status":"instock","restock_status":false,"low_stock_amount":"","sales_update_date":"2025-09-05T00:17:41","calc_backorders":null,"_links":{"self":[{"href":"https:\/\/aromasentia.com\/da\/wp-json\/wp\/v2\/product\/201268","targetHints":{"allow":["GET"]}}],"collection":[{"href":"https:\/\/aromasentia.com\/da\/wp-json\/wp\/v2\/product"}],"about":[{"href":"https:\/\/aromasentia.com\/da\/wp-json\/wp\/v2\/types\/product"}],"replies":[{"embeddable":true,"href":"https:\/\/aromasentia.com\/da\/wp-json\/wp\/v2\/comments?post=201268"}],"version-history":[{"count":0,"href":"https:\/\/aromasentia.com\/da\/wp-json\/wp\/v2\/product\/201268\/revisions"}],"wp:featuredmedia":[{"embeddable":true,"href":"https:\/\/aromasentia.com\/da\/wp-json\/wp\/v2\/media\/267702"}],"wp:attachment":[{"href":"https:\/\/aromasentia.com\/da\/wp-json\/wp\/v2\/media?parent=201268"}],"wp:term":[{"taxonomy":"product_brand","embeddable":true,"href":"https:\/\/aromasentia.com\/da\/wp-json\/wp\/v2\/product_brand?post=201268"},{"taxonomy":"product_cat","embeddable":true,"href":"https:\/\/aromasentia.com\/da\/wp-json\/wp\/v2\/product_cat?post=201268"},{"taxonomy":"product_tag","embeddable":true,"href":"https:\/\/aromasentia.com\/da\/wp-json\/wp\/v2\/product_tag?post=201268"}],"curies":[{"name":"wp","href":"https:\/\/api.w.org\/{rel}","templated":true}]}}