{"id":201262,"date":"2025-03-20T15:14:06","date_gmt":"2025-03-20T15:14:06","guid":{"rendered":"https:\/\/aromasentia.com\/product\/fennel-grain-1kg\/"},"modified":"2025-06-22T03:35:43","modified_gmt":"2025-06-22T03:35:43","slug":"fennikel-korn-1kg","status":"publish","type":"product","link":"https:\/\/aromasentia.com\/da\/fennikel-korn-1kg\/","title":{"rendered":"Fennikel (Korn) 1Kg"},"content":{"rendered":"<p>St\u00f8t din ford\u00f8jelses sundhed med fennikel (korn) i denne 1 kg-pakke. Disse aromatiske fr\u00f8 har en s\u00f8d, varm, anislignende smag og er traditionelt blevet brugt i \u00e5rhundreder til at fremme ford\u00f8jelsen, lindre oppustethed og give friskere \u00e5nde. Fennikelte er et popul\u00e6rt karminativum, og fr\u00f8ene bruges ogs\u00e5 meget i madlavning, is\u00e6r i det indiske k\u00f8kken og middelhavsk\u00f8kkenet, samt i krydderiblandinger som kinesisk five-spice. Denne bulkforsyning er perfekt til b\u00e5de kulinariske og urtebaserede anvendelser.<\/p>\n","protected":false},"excerpt":{"rendered":"<p>St\u00f8t din ford\u00f8jelses sundhed med fennikel (korn) i denne 1 kg-pakke. Disse aromatiske fr\u00f8 har en s\u00f8d, varm, anislignende smag og er traditionelt blevet brugt i \u00e5rhundreder til at fremme ford\u00f8jelsen, lindre oppustethed og give friskere \u00e5nde. Fennikelte er et popul\u00e6rt karminativum, og fr\u00f8ene bruges ogs\u00e5 meget i madlavning, is\u00e6r i det indiske k\u00f8kken og [&hellip;]<\/p>\n","protected":false},"featured_media":267882,"comment_status":"closed","ping_status":"open","template":"","meta":{"_angie_page":false},"product_brand":[],"product_cat":[6153,25839,25946,26858],"product_tag":[],"class_list":{"0":"post-201262","1":"product","2":"type-product","3":"status-publish","4":"has-post-thumbnail","6":"product_cat-aromaterapi-og-rumdufte","7":"product_cat-dufte-aromaer","8":"product_cat-fennikel","9":"product_cat-urte-aromatisk","10":"pa_collection-pure-floral-da","11":"pa_made-in-egypten","13":"first","14":"instock","15":"purchasable","16":"product-type-simple"},"supplier_id":null,"supplier_sku":"PF-39","barcode":null,"atum_controlled":true,"out_stock_date":null,"out_stock_threshold":null,"inheritable":false,"inbound_stock":null,"stock_on_hold":0,"sold_today":0,"sales_last_days":0,"reserved_stock":null,"customer_returns":null,"warehouse_damage":null,"lost_in_post":null,"other_logs":null,"out_stock_days":0,"lost_sales":0,"has_location":null,"update_date":"2026-04-27T07:18:04","atum_locations":[],"atum_stock_status":"instock","restock_status":false,"low_stock_amount":"","sales_update_date":"2026-02-06T00:01:18","calc_backorders":null,"_links":{"self":[{"href":"https:\/\/aromasentia.com\/da\/wp-json\/wp\/v2\/product\/201262","targetHints":{"allow":["GET"]}}],"collection":[{"href":"https:\/\/aromasentia.com\/da\/wp-json\/wp\/v2\/product"}],"about":[{"href":"https:\/\/aromasentia.com\/da\/wp-json\/wp\/v2\/types\/product"}],"replies":[{"embeddable":true,"href":"https:\/\/aromasentia.com\/da\/wp-json\/wp\/v2\/comments?post=201262"}],"version-history":[{"count":0,"href":"https:\/\/aromasentia.com\/da\/wp-json\/wp\/v2\/product\/201262\/revisions"}],"wp:featuredmedia":[{"embeddable":true,"href":"https:\/\/aromasentia.com\/da\/wp-json\/wp\/v2\/media\/267882"}],"wp:attachment":[{"href":"https:\/\/aromasentia.com\/da\/wp-json\/wp\/v2\/media?parent=201262"}],"wp:term":[{"taxonomy":"product_brand","embeddable":true,"href":"https:\/\/aromasentia.com\/da\/wp-json\/wp\/v2\/product_brand?post=201262"},{"taxonomy":"product_cat","embeddable":true,"href":"https:\/\/aromasentia.com\/da\/wp-json\/wp\/v2\/product_cat?post=201262"},{"taxonomy":"product_tag","embeddable":true,"href":"https:\/\/aromasentia.com\/da\/wp-json\/wp\/v2\/product_tag?post=201262"}],"curies":[{"name":"wp","href":"https:\/\/api.w.org\/{rel}","templated":true}]}}