{"id":201256,"date":"2025-03-20T15:14:06","date_gmt":"2025-03-20T15:14:06","guid":{"rendered":"https:\/\/aromasentia.com\/product\/rosehip-cut-rosehip-1kg\/"},"modified":"2025-06-22T03:35:39","modified_gmt":"2025-06-22T03:35:39","slug":"hyben-skaaret-rosehip-1kg","status":"publish","type":"product","link":"https:\/\/aromasentia.com\/da\/hyben-skaaret-rosehip-1kg\/","title":{"rendered":"Hyben (Sk\u00e5ret) (Rosehip) 1Kg"},"content":{"rendered":"<p>Boost dit velbefindende med de naturlige goder fra hyben (sk\u00e5ret) i denne pakke p\u00e5 1 kg. Disse t\u00f8rrede, udsk\u00e5rne stykker af rosenplantens frugt er kendt for deres us\u00e6dvanligt h\u00f8je indhold af C-vitamin samt andre antioxidanter og vitaminer. Hybente med sin syrlige, frugtagtige smag er et popul\u00e6rt valg til at st\u00f8tte immunforsvaret, fremme hudens sundhed og som en generel tonic. Denne gener\u00f8se forsyning giver mulighed for masser af sunde infusioner og urtepr\u00e6parater.<\/p>\n","protected":false},"excerpt":{"rendered":"<p>Boost dit velbefindende med de naturlige goder fra hyben (sk\u00e5ret) i denne pakke p\u00e5 1 kg. Disse t\u00f8rrede, udsk\u00e5rne stykker af rosenplantens frugt er kendt for deres us\u00e6dvanligt h\u00f8je indhold af C-vitamin samt andre antioxidanter og vitaminer. Hybente med sin syrlige, frugtagtige smag er et popul\u00e6rt valg til at st\u00f8tte immunforsvaret, fremme hudens sundhed og [&hellip;]<\/p>\n","protected":false},"featured_media":267828,"comment_status":"closed","ping_status":"open","template":"","meta":{"_angie_page":false},"product_brand":[],"product_cat":[6153,25839,26459,26823],"product_tag":[],"class_list":{"0":"post-201256","1":"product","2":"type-product","3":"status-publish","4":"has-post-thumbnail","6":"product_cat-aromaterapi-og-rumdufte","7":"product_cat-dufte-aromaer","8":"product_cat-hyben","9":"product_cat-jordagtig-og-gron","10":"pa_collection-pure-floral-da","11":"pa_made-in-spanien","13":"first","14":"instock","15":"purchasable","16":"product-type-simple"},"supplier_id":null,"supplier_sku":"PF-33","barcode":null,"atum_controlled":true,"out_stock_date":null,"out_stock_threshold":null,"inheritable":false,"inbound_stock":null,"stock_on_hold":0,"sold_today":0,"sales_last_days":0,"reserved_stock":null,"customer_returns":null,"warehouse_damage":null,"lost_in_post":null,"other_logs":null,"out_stock_days":0,"lost_sales":0,"has_location":false,"update_date":"2026-04-27T07:18:04","atum_locations":[],"atum_stock_status":"instock","restock_status":false,"low_stock_amount":"","sales_update_date":"2026-01-30T01:24:55","calc_backorders":null,"_links":{"self":[{"href":"https:\/\/aromasentia.com\/da\/wp-json\/wp\/v2\/product\/201256","targetHints":{"allow":["GET"]}}],"collection":[{"href":"https:\/\/aromasentia.com\/da\/wp-json\/wp\/v2\/product"}],"about":[{"href":"https:\/\/aromasentia.com\/da\/wp-json\/wp\/v2\/types\/product"}],"replies":[{"embeddable":true,"href":"https:\/\/aromasentia.com\/da\/wp-json\/wp\/v2\/comments?post=201256"}],"version-history":[{"count":0,"href":"https:\/\/aromasentia.com\/da\/wp-json\/wp\/v2\/product\/201256\/revisions"}],"wp:featuredmedia":[{"embeddable":true,"href":"https:\/\/aromasentia.com\/da\/wp-json\/wp\/v2\/media\/267828"}],"wp:attachment":[{"href":"https:\/\/aromasentia.com\/da\/wp-json\/wp\/v2\/media?parent=201256"}],"wp:term":[{"taxonomy":"product_brand","embeddable":true,"href":"https:\/\/aromasentia.com\/da\/wp-json\/wp\/v2\/product_brand?post=201256"},{"taxonomy":"product_cat","embeddable":true,"href":"https:\/\/aromasentia.com\/da\/wp-json\/wp\/v2\/product_cat?post=201256"},{"taxonomy":"product_tag","embeddable":true,"href":"https:\/\/aromasentia.com\/da\/wp-json\/wp\/v2\/product_tag?post=201256"}],"curies":[{"name":"wp","href":"https:\/\/api.w.org\/{rel}","templated":true}]}}