{"id":201252,"date":"2025-03-20T15:14:06","date_gmt":"2025-03-20T15:14:06","guid":{"rendered":"https:\/\/aromasentia.com\/product\/green-cardamom-grains-1kg\/"},"modified":"2025-06-22T03:35:37","modified_gmt":"2025-06-22T03:35:37","slug":"groen-kardemomme-korn-1kg","status":"publish","type":"product","link":"https:\/\/aromasentia.com\/da\/groen-kardemomme-korn-1kg\/","title":{"rendered":"gr\u00f8n Kardemomme (Korn) 1Kg"},"content":{"rendered":"<p>Giv dit k\u00f8kken et eksotisk, aromatisk pr\u00e6g med gr\u00f8n kardemomme (korn) i denne pakke p\u00e5 1 kg. Disse hele korn (b\u00e6lge med fr\u00f8) giver en intenst duftende, s\u00f8d, krydret og let citrusagtig eukalyptusagtig smag. Kardemomme er et v\u00e6rdsat krydderi i indisk, mellem\u00f8stlig og skandinavisk madlavning og l\u00f8fter b\u00e5de s\u00f8de og salte retter, fra karryretter og rispilafs til kager og krydret te. Dette bulktilbud sikrer en rigelig forsyning af denne uds\u00f8gte og alsidige &#8220;krydderiernes dronning&#8221;.<\/p>\n","protected":false},"excerpt":{"rendered":"<p>Giv dit k\u00f8kken et eksotisk, aromatisk pr\u00e6g med gr\u00f8n kardemomme (korn) i denne pakke p\u00e5 1 kg. Disse hele korn (b\u00e6lge med fr\u00f8) giver en intenst duftende, s\u00f8d, krydret og let citrusagtig eukalyptusagtig smag. Kardemomme er et v\u00e6rdsat krydderi i indisk, mellem\u00f8stlig og skandinavisk madlavning og l\u00f8fter b\u00e5de s\u00f8de og salte retter, fra karryretter og [&hellip;]<\/p>\n","protected":false},"featured_media":267792,"comment_status":"closed","ping_status":"open","template":"","meta":{"_angie_page":false},"product_brand":[],"product_cat":[6153],"product_tag":[],"class_list":{"0":"post-201252","1":"product","2":"type-product","3":"status-publish","4":"has-post-thumbnail","6":"product_cat-aromaterapi-og-rumdufte","7":"pa_collection-pure-floral-da","8":"pa_made-in-guatemala","10":"first","11":"instock","12":"purchasable","13":"product-type-simple"},"supplier_id":null,"supplier_sku":"PF-29","barcode":null,"atum_controlled":true,"out_stock_date":null,"out_stock_threshold":null,"inheritable":false,"inbound_stock":0,"stock_on_hold":0,"sold_today":0,"sales_last_days":0,"reserved_stock":0,"customer_returns":0,"warehouse_damage":0,"lost_in_post":0,"other_logs":0,"out_stock_days":0,"lost_sales":0,"has_location":false,"update_date":"2026-05-08T05:16:50","atum_locations":[],"atum_stock_status":"instock","restock_status":false,"low_stock_amount":"","sales_update_date":"2026-01-30T01:25:48","calc_backorders":null,"_links":{"self":[{"href":"https:\/\/aromasentia.com\/da\/wp-json\/wp\/v2\/product\/201252","targetHints":{"allow":["GET"]}}],"collection":[{"href":"https:\/\/aromasentia.com\/da\/wp-json\/wp\/v2\/product"}],"about":[{"href":"https:\/\/aromasentia.com\/da\/wp-json\/wp\/v2\/types\/product"}],"replies":[{"embeddable":true,"href":"https:\/\/aromasentia.com\/da\/wp-json\/wp\/v2\/comments?post=201252"}],"version-history":[{"count":0,"href":"https:\/\/aromasentia.com\/da\/wp-json\/wp\/v2\/product\/201252\/revisions"}],"wp:featuredmedia":[{"embeddable":true,"href":"https:\/\/aromasentia.com\/da\/wp-json\/wp\/v2\/media\/267792"}],"wp:attachment":[{"href":"https:\/\/aromasentia.com\/da\/wp-json\/wp\/v2\/media?parent=201252"}],"wp:term":[{"taxonomy":"product_brand","embeddable":true,"href":"https:\/\/aromasentia.com\/da\/wp-json\/wp\/v2\/product_brand?post=201252"},{"taxonomy":"product_cat","embeddable":true,"href":"https:\/\/aromasentia.com\/da\/wp-json\/wp\/v2\/product_cat?post=201252"},{"taxonomy":"product_tag","embeddable":true,"href":"https:\/\/aromasentia.com\/da\/wp-json\/wp\/v2\/product_tag?post=201252"}],"curies":[{"name":"wp","href":"https:\/\/api.w.org\/{rel}","templated":true}]}}