{"id":201248,"date":"2025-03-20T15:14:15","date_gmt":"2025-03-20T15:14:15","guid":{"rendered":"https:\/\/aromasentia.com\/product\/saflower-petals-1kg\/"},"modified":"2025-06-22T03:35:36","modified_gmt":"2025-06-22T03:35:36","slug":"saflor-kronblade-1kg","status":"publish","type":"product","link":"https:\/\/aromasentia.com\/da\/saflor-kronblade-1kg\/","title":{"rendered":"Saflor (Kronblade) 1Kg"},"content":{"rendered":"<p>Tilf\u00f8j et st\u00e6nk af livlig farve og subtil smag med saflor (kronblade) i denne 1 kg-pakke. Disse smukke orangegule kronblade, der ofte kaldes &#8220;den fattige mands safran&#8221;, giver en delikat, let s\u00f8dlig og jordagtig smag og en dejlig gylden nuance til retter, is\u00e6r ris. De bruges ogs\u00e5 til at lave en mild urtete og er et popul\u00e6rt naturligt farvestof til kosmetik og kunsth\u00e5ndv\u00e6rk. Dette bulktilbud giver masser af disse sl\u00e5ende kronblade til kulinarisk, dekorativ eller kunstnerisk brug.<\/p>\n","protected":false},"excerpt":{"rendered":"<p>Tilf\u00f8j et st\u00e6nk af livlig farve og subtil smag med saflor (kronblade) i denne 1 kg-pakke. Disse smukke orangegule kronblade, der ofte kaldes &#8220;den fattige mands safran&#8221;, giver en delikat, let s\u00f8dlig og jordagtig smag og en dejlig gylden nuance til retter, is\u00e6r ris. De bruges ogs\u00e5 til at lave en mild urtete og er [&hellip;]<\/p>\n","protected":false},"featured_media":267990,"comment_status":"closed","ping_status":"open","template":"","meta":{"_angie_page":false},"product_brand":[],"product_cat":[6153],"product_tag":[],"class_list":{"0":"post-201248","1":"product","2":"type-product","3":"status-publish","4":"has-post-thumbnail","6":"product_cat-aromaterapi-og-rumdufte","7":"pa_collection-pure-floral-da","8":"pa_made-in-iran","10":"first","11":"instock","12":"purchasable","13":"product-type-simple"},"supplier_id":null,"supplier_sku":"PF-53","barcode":null,"atum_controlled":true,"out_stock_date":null,"out_stock_threshold":null,"inheritable":false,"inbound_stock":null,"stock_on_hold":0,"sold_today":0,"sales_last_days":0,"reserved_stock":null,"customer_returns":null,"warehouse_damage":null,"lost_in_post":null,"other_logs":null,"out_stock_days":0,"lost_sales":0,"has_location":null,"update_date":"2026-04-27T07:18:04","atum_locations":[],"atum_stock_status":"instock","restock_status":false,"low_stock_amount":"","sales_update_date":"2025-09-05T00:17:55","calc_backorders":null,"_links":{"self":[{"href":"https:\/\/aromasentia.com\/da\/wp-json\/wp\/v2\/product\/201248","targetHints":{"allow":["GET"]}}],"collection":[{"href":"https:\/\/aromasentia.com\/da\/wp-json\/wp\/v2\/product"}],"about":[{"href":"https:\/\/aromasentia.com\/da\/wp-json\/wp\/v2\/types\/product"}],"replies":[{"embeddable":true,"href":"https:\/\/aromasentia.com\/da\/wp-json\/wp\/v2\/comments?post=201248"}],"version-history":[{"count":0,"href":"https:\/\/aromasentia.com\/da\/wp-json\/wp\/v2\/product\/201248\/revisions"}],"wp:featuredmedia":[{"embeddable":true,"href":"https:\/\/aromasentia.com\/da\/wp-json\/wp\/v2\/media\/267990"}],"wp:attachment":[{"href":"https:\/\/aromasentia.com\/da\/wp-json\/wp\/v2\/media?parent=201248"}],"wp:term":[{"taxonomy":"product_brand","embeddable":true,"href":"https:\/\/aromasentia.com\/da\/wp-json\/wp\/v2\/product_brand?post=201248"},{"taxonomy":"product_cat","embeddable":true,"href":"https:\/\/aromasentia.com\/da\/wp-json\/wp\/v2\/product_cat?post=201248"},{"taxonomy":"product_tag","embeddable":true,"href":"https:\/\/aromasentia.com\/da\/wp-json\/wp\/v2\/product_tag?post=201248"}],"curies":[{"name":"wp","href":"https:\/\/api.w.org\/{rel}","templated":true}]}}