{"id":201239,"date":"2025-03-20T15:14:15","date_gmt":"2025-03-20T15:14:15","guid":{"rendered":"https:\/\/aromasentia.com\/product\/lemongrass-cut-1kg\/"},"modified":"2025-06-22T03:35:30","modified_gmt":"2025-06-22T03:35:30","slug":"citrongraes-skaaret-1kg","status":"publish","type":"product","link":"https:\/\/aromasentia.com\/da\/citrongraes-skaaret-1kg\/","title":{"rendered":"Citrongr\u00e6s (Sk\u00e5ret) 1Kg"},"content":{"rendered":"<p>Opfrisk dine sanser med citrongr\u00e6s (sk\u00e5ret) i denne pakke p\u00e5 1 kg. Dette duftende tropiske gr\u00e6s har en kraftig, frisk, citronagtig og let ingef\u00e6rlignende aroma og smag. Citrongr\u00e6s er meget brugt i det syd\u00f8stasiatiske k\u00f8kken og tilf\u00f8rer karryretter, supper og marinader et pikant pift. Som te er den opl\u00f8ftende og kan hj\u00e6lpe p\u00e5 ford\u00f8jelsen. Denne sk\u00e5rne form er praktisk til infusioner og madlavning og giver et skud citrusagtig forfriskning og eksotisk flair til dine kulinariske og aromatiske kreationer.<\/p>\n","protected":false},"excerpt":{"rendered":"<p>Opfrisk dine sanser med citrongr\u00e6s (sk\u00e5ret) i denne pakke p\u00e5 1 kg. Dette duftende tropiske gr\u00e6s har en kraftig, frisk, citronagtig og let ingef\u00e6rlignende aroma og smag. Citrongr\u00e6s er meget brugt i det syd\u00f8stasiatiske k\u00f8kken og tilf\u00f8rer karryretter, supper og marinader et pikant pift. Som te er den opl\u00f8ftende og kan hj\u00e6lpe p\u00e5 ford\u00f8jelsen. Denne [&hellip;]<\/p>\n","protected":false},"featured_media":267909,"comment_status":"closed","ping_status":"open","template":"","meta":{"_angie_page":false},"product_brand":[],"product_cat":[6153,25961,26816,25839],"product_tag":[],"class_list":{"0":"post-201239","1":"product","2":"type-product","3":"status-publish","4":"has-post-thumbnail","6":"product_cat-aromaterapi-og-rumdufte","7":"product_cat-citrongraes","8":"product_cat-citrus","9":"product_cat-dufte-aromaer","10":"pa_collection-pure-floral-da","11":"pa_made-in-egypten","13":"first","14":"instock","15":"purchasable","16":"product-type-simple"},"supplier_id":null,"supplier_sku":"PF-43","barcode":null,"atum_controlled":true,"out_stock_date":null,"out_stock_threshold":null,"inheritable":false,"inbound_stock":null,"stock_on_hold":0,"sold_today":0,"sales_last_days":0,"reserved_stock":null,"customer_returns":null,"warehouse_damage":null,"lost_in_post":null,"other_logs":null,"out_stock_days":0,"lost_sales":0,"has_location":null,"update_date":"2026-04-27T07:18:04","atum_locations":[],"atum_stock_status":"instock","restock_status":false,"low_stock_amount":"","sales_update_date":"2026-01-30T01:25:49","calc_backorders":null,"_links":{"self":[{"href":"https:\/\/aromasentia.com\/da\/wp-json\/wp\/v2\/product\/201239","targetHints":{"allow":["GET"]}}],"collection":[{"href":"https:\/\/aromasentia.com\/da\/wp-json\/wp\/v2\/product"}],"about":[{"href":"https:\/\/aromasentia.com\/da\/wp-json\/wp\/v2\/types\/product"}],"replies":[{"embeddable":true,"href":"https:\/\/aromasentia.com\/da\/wp-json\/wp\/v2\/comments?post=201239"}],"version-history":[{"count":0,"href":"https:\/\/aromasentia.com\/da\/wp-json\/wp\/v2\/product\/201239\/revisions"}],"wp:featuredmedia":[{"embeddable":true,"href":"https:\/\/aromasentia.com\/da\/wp-json\/wp\/v2\/media\/267909"}],"wp:attachment":[{"href":"https:\/\/aromasentia.com\/da\/wp-json\/wp\/v2\/media?parent=201239"}],"wp:term":[{"taxonomy":"product_brand","embeddable":true,"href":"https:\/\/aromasentia.com\/da\/wp-json\/wp\/v2\/product_brand?post=201239"},{"taxonomy":"product_cat","embeddable":true,"href":"https:\/\/aromasentia.com\/da\/wp-json\/wp\/v2\/product_cat?post=201239"},{"taxonomy":"product_tag","embeddable":true,"href":"https:\/\/aromasentia.com\/da\/wp-json\/wp\/v2\/product_tag?post=201239"}],"curies":[{"name":"wp","href":"https:\/\/api.w.org\/{rel}","templated":true}]}}