{"id":201238,"date":"2025-03-20T15:14:15","date_gmt":"2025-03-20T15:14:15","guid":{"rendered":"https:\/\/aromasentia.com\/product\/laurel-whole-leaf-250gr\/"},"modified":"2025-06-22T03:35:30","modified_gmt":"2025-06-22T03:35:30","slug":"laurbaer-hele-blade-250gr","status":"publish","type":"product","link":"https:\/\/aromasentia.com\/da\/laurbaer-hele-blade-250gr\/","title":{"rendered":"Laurb\u00e6r (Hele Blade) 250gr"},"content":{"rendered":"<p>S\u00e6t et aromatisk pr\u00e6g p\u00e5 dine middelhavsretter med laurb\u00e6r (hele blade), ogs\u00e5 kendt som laurb\u00e6rblad, i denne 250 g-pakke. Disse t\u00f8rrede hele blade giver en subtilt s\u00f8dlig, urteagtig og let skarp aroma og smag, der er vigtig for fonde, gryderetter, supper og langsomt tilberedte retter. De fjernes typisk f\u00f8r servering. Ud over de kulinariske anvendelser har laurb\u00e6rblade en lang historie inden for folkemedicin. Denne pakke indeholder hele blade af h\u00f8j kvalitet, som kan give din madlavning en klassisk, velsmagende dybde.<\/p>\n","protected":false},"excerpt":{"rendered":"<p>S\u00e6t et aromatisk pr\u00e6g p\u00e5 dine middelhavsretter med laurb\u00e6r (hele blade), ogs\u00e5 kendt som laurb\u00e6rblad, i denne 250 g-pakke. Disse t\u00f8rrede hele blade giver en subtilt s\u00f8dlig, urteagtig og let skarp aroma og smag, der er vigtig for fonde, gryderetter, supper og langsomt tilberedte retter. De fjernes typisk f\u00f8r servering. Ud over de kulinariske anvendelser [&hellip;]<\/p>\n","protected":false},"featured_media":267900,"comment_status":"closed","ping_status":"open","template":"","meta":{"_angie_page":false},"product_brand":[],"product_cat":[6153],"product_tag":[],"class_list":{"0":"post-201238","1":"product","2":"type-product","3":"status-publish","4":"has-post-thumbnail","6":"product_cat-aromaterapi-og-rumdufte","7":"pa_collection-pure-floral-da","8":"pa_made-in-spanien","9":"pa_size-250g-2","11":"first","12":"instock","13":"purchasable","14":"product-type-simple"},"supplier_id":null,"supplier_sku":"PF-42","barcode":null,"atum_controlled":true,"out_stock_date":null,"out_stock_threshold":null,"inheritable":false,"inbound_stock":null,"stock_on_hold":0,"sold_today":0,"sales_last_days":0,"reserved_stock":null,"customer_returns":null,"warehouse_damage":null,"lost_in_post":null,"other_logs":null,"out_stock_days":0,"lost_sales":0,"has_location":null,"update_date":"2026-05-08T05:16:50","atum_locations":[],"atum_stock_status":"instock","restock_status":false,"low_stock_amount":"","sales_update_date":"2026-01-30T01:24:58","calc_backorders":null,"_links":{"self":[{"href":"https:\/\/aromasentia.com\/da\/wp-json\/wp\/v2\/product\/201238","targetHints":{"allow":["GET"]}}],"collection":[{"href":"https:\/\/aromasentia.com\/da\/wp-json\/wp\/v2\/product"}],"about":[{"href":"https:\/\/aromasentia.com\/da\/wp-json\/wp\/v2\/types\/product"}],"replies":[{"embeddable":true,"href":"https:\/\/aromasentia.com\/da\/wp-json\/wp\/v2\/comments?post=201238"}],"version-history":[{"count":0,"href":"https:\/\/aromasentia.com\/da\/wp-json\/wp\/v2\/product\/201238\/revisions"}],"wp:featuredmedia":[{"embeddable":true,"href":"https:\/\/aromasentia.com\/da\/wp-json\/wp\/v2\/media\/267900"}],"wp:attachment":[{"href":"https:\/\/aromasentia.com\/da\/wp-json\/wp\/v2\/media?parent=201238"}],"wp:term":[{"taxonomy":"product_brand","embeddable":true,"href":"https:\/\/aromasentia.com\/da\/wp-json\/wp\/v2\/product_brand?post=201238"},{"taxonomy":"product_cat","embeddable":true,"href":"https:\/\/aromasentia.com\/da\/wp-json\/wp\/v2\/product_cat?post=201238"},{"taxonomy":"product_tag","embeddable":true,"href":"https:\/\/aromasentia.com\/da\/wp-json\/wp\/v2\/product_tag?post=201238"}],"curies":[{"name":"wp","href":"https:\/\/api.w.org\/{rel}","templated":true}]}}