{"id":201237,"date":"2025-03-20T15:14:21","date_gmt":"2025-03-20T15:14:21","guid":{"rendered":"https:\/\/aromasentia.com\/product\/lemon-50ml-essential-oil\/"},"modified":"2025-06-22T03:35:29","modified_gmt":"2025-06-22T03:35:29","slug":"citron-aeterisk-olie-50ml","status":"publish","type":"product","link":"https:\/\/aromasentia.com\/da\/citron-aeterisk-olie-50ml\/","title":{"rendered":"Citron \u00c6terisk Olie 50ml"},"content":{"rendered":"<p><strong>Latinsk navn: Citrus Limon<br \/>Anvendt plantedel: Frugtskal<br \/>Kilde: Italien<br \/>Ekstraktionsmetode: Koldpressning<\/strong><\/p>\n<p><strong>Citron \u00e6terisk olie<\/strong> har en skarp, frisk duft og udvindes fra den friske citronskal ved koldpressning. Denne olie er forfriskende for sindet og sk\u00e6rper koncentrationen, s\u00e5 den foretr\u00e6kkes ofte i rumfriskere til kontorer og banker. Den menes at hj\u00e6lpe med gigt, gigt og gigt. Den er blevet brugt til at helbrede hudproblemer som bylder, bylder, karbunkler og akne. Den styrker immunforsvaret og renser kroppen.<\/p>\n<p>N\u00e5r den bruges i en oliebr\u00e6nder (et par dr\u00e5ber i vand), bruges dampene fra citronolie mod fork\u00f8lelse, laryngitis, hovedpine og influenza. At dufte til aromaen er nyttigt mod mentale problemer som depression, irritation, stress, sl\u00f8vhed og tr\u00e6thed. Den l\u00f8fter hum\u00f8ret og renser sindet. N\u00e5r et par dr\u00e5ber tils\u00e6ttes badet eller blandes i en massageolie, siges det at lindre ford\u00f8jelsesproblemer, mangel p\u00e5 energi, tr\u00e6thed, infektioner, fedme, gigt, depression og stress. Det bruges ogs\u00e5 til at hj\u00e6lpe med at slippe af med t\u00f8mmerm\u00e6nd.<\/p>\n<p>Citronplanten er hjemmeh\u00f8rende i Indien og m\u00e5ske Kina, og blev bragt til Europa af korsfarerne i middelalderen. Da frugten har en god m\u00e6ngde vitamin A, B og C, blev der givet 30 ml om dagen til s\u00f8m\u00e6nd for at forhindre sk\u00f8rbug, \u00f8jenproblemer og andre vitaminmangler.<\/p>\n","protected":false},"excerpt":{"rendered":"<p>Latinsk navn: Citrus LimonAnvendt plantedel: FrugtskalKilde: ItalienEkstraktionsmetode: Koldpressning Citron \u00e6terisk olie har en skarp, frisk duft og udvindes fra den friske citronskal ved koldpressning. Denne olie er forfriskende for sindet og sk\u00e6rper koncentrationen, s\u00e5 den foretr\u00e6kkes ofte i rumfriskere til kontorer og banker. Den menes at hj\u00e6lpe med gigt, gigt og gigt. Den er blevet [&hellip;]<\/p>\n","protected":false},"featured_media":268125,"comment_status":"closed","ping_status":"open","template":"","meta":[],"product_brand":[27094],"product_cat":[7647,6153,25958,26816,25839],"product_tag":[],"class_list":{"0":"post-201237","1":"product","2":"type-product","3":"status-publish","4":"has-post-thumbnail","6":"product_brand-ancient-wisdom","7":"product_cat-aeteriske-olier","8":"product_cat-aromaterapi-og-rumdufte","9":"product_cat-citron","10":"product_cat-citrus","11":"product_cat-dufte-aromaer","12":"pa_collection-50ml-essential-oil-da","13":"pa_made-in-italien","14":"pa_size-50ml","16":"first","17":"instock","18":"purchasable","19":"product-type-simple"},"supplier_id":null,"supplier_sku":"PrEO-12","barcode":null,"atum_controlled":true,"out_stock_date":null,"out_stock_threshold":null,"inheritable":false,"inbound_stock":null,"stock_on_hold":0,"sold_today":0,"sales_last_days":0,"reserved_stock":null,"customer_returns":null,"warehouse_damage":null,"lost_in_post":null,"other_logs":null,"out_stock_days":0,"lost_sales":0,"has_location":null,"update_date":"2026-01-30T01:25:52","atum_locations":[],"atum_stock_status":"instock","restock_status":false,"low_stock_amount":"","sales_update_date":"2026-01-30T01:25:52","calc_backorders":null,"_links":{"self":[{"href":"https:\/\/aromasentia.com\/da\/wp-json\/wp\/v2\/product\/201237","targetHints":{"allow":["GET"]}}],"collection":[{"href":"https:\/\/aromasentia.com\/da\/wp-json\/wp\/v2\/product"}],"about":[{"href":"https:\/\/aromasentia.com\/da\/wp-json\/wp\/v2\/types\/product"}],"replies":[{"embeddable":true,"href":"https:\/\/aromasentia.com\/da\/wp-json\/wp\/v2\/comments?post=201237"}],"version-history":[{"count":0,"href":"https:\/\/aromasentia.com\/da\/wp-json\/wp\/v2\/product\/201237\/revisions"}],"wp:featuredmedia":[{"embeddable":true,"href":"https:\/\/aromasentia.com\/da\/wp-json\/wp\/v2\/media\/268125"}],"wp:attachment":[{"href":"https:\/\/aromasentia.com\/da\/wp-json\/wp\/v2\/media?parent=201237"}],"wp:term":[{"taxonomy":"product_brand","embeddable":true,"href":"https:\/\/aromasentia.com\/da\/wp-json\/wp\/v2\/product_brand?post=201237"},{"taxonomy":"product_cat","embeddable":true,"href":"https:\/\/aromasentia.com\/da\/wp-json\/wp\/v2\/product_cat?post=201237"},{"taxonomy":"product_tag","embeddable":true,"href":"https:\/\/aromasentia.com\/da\/wp-json\/wp\/v2\/product_tag?post=201237"}],"curies":[{"name":"wp","href":"https:\/\/api.w.org\/{rel}","templated":true}]}}