{"id":201236,"date":"2025-03-20T15:14:21","date_gmt":"2025-03-20T15:14:21","guid":{"rendered":"https:\/\/aromasentia.com\/product\/jasmine-dilute-50ml-essential-oil\/"},"modified":"2025-06-22T03:35:29","modified_gmt":"2025-06-22T03:35:29","slug":"jasmin-fortyndet-aeterisk-olie-50ml","status":"publish","type":"product","link":"https:\/\/aromasentia.com\/da\/jasmin-fortyndet-aeterisk-olie-50ml\/","title":{"rendered":"Jasmin Fortyndet \u00c6terisk Olie 50ml"},"content":{"rendered":"<p><strong>Latinsk navn: Jasminum Officinale<br \/>Anvendt plantedel: T\u00f8rrede blade<br \/>Kilde: Indien<br \/>Ekstraktionsmetode: Dampdestillation<\/strong><\/p>\n<p><strong>5% fortynding i vindruekerneolie<\/strong><\/p>\n<p>Det kan v\u00e6re de elskovsmiddelagtige egenskaber, der har gjort <strong>jasminolie<\/strong> s\u00e5 efterspurgt gennem historien. Jasmin \u00e6terisk olie blev brugt i helbredende og religi\u00f8se ceremonier p\u00e5 grund af denne overbevisende kvalitet. I Kina blev jasminolie brugt p\u00e5 sygev\u00e6relser for at g\u00f8re luften duftende, men man mente ogs\u00e5, at den rensede luften for forurenende stoffer, selv f\u00f8r man opdagede bakterier.<\/p>\n<p>I dag produceres essensen gennem en proces kaldet opl\u00f8sningsmiddelekstraktion. Ved f\u00f8rste \u00f8jekast handler jasmin om duft. Dens komplekse, blomsteragtige energi er et hum\u00f8rl\u00f8ft for de fleste mennesker og giver ofte elskovsmiddelagtige egenskaber. Studier har vist, at blot det at dufte til jasmin kan \u00f8ge \u00e5rv\u00e5genhed, h\u00e5nd-\u00f8je-koordination, styrke selvtilliden og gl\u00e6den samt reducere stress.<\/p>\n<p>I en terapeutisk forstand kan jasmin behandle t\u00f8r, aldrende hud. Det bruges i lave koncentrationer til at behandle eksem og dermatitis. Derudover er jasmin nyttig til at falme ar og behandle str\u00e6km\u00e6rker efter f\u00f8dslen. Jasmin kan lindre vrede, angst og stress uden at virke beroligende. Jasmin \u00e5bner op for muligheder gennem klarere t\u00e6nkning. Denne beroligende og balancerende kraft kan ogs\u00e5 reducere inflammation fra f\u00f8lelsesm\u00e6ssig stress.<\/p>\n<p>Jasmin har en lang historie med at \u00f8ge libido, frig\u00f8re h\u00e6mninger og inspirere seksuel lyst. Jasmin har egenskaber, der regulerer menstruationscyklusser, kan reducere menstruationssmerter, sl\u00f8vhed og hum\u00f8rsvingninger. Det kan ogs\u00e5 forsinke overgangsalderen.<\/p>\n","protected":false},"excerpt":{"rendered":"<p>Latinsk navn: Jasminum OfficinaleAnvendt plantedel: T\u00f8rrede bladeKilde: IndienEkstraktionsmetode: Dampdestillation 5% fortynding i vindruekerneolie Det kan v\u00e6re de elskovsmiddelagtige egenskaber, der har gjort jasminolie s\u00e5 efterspurgt gennem historien. Jasmin \u00e6terisk olie blev brugt i helbredende og religi\u00f8se ceremonier p\u00e5 grund af denne overbevisende kvalitet. I Kina blev jasminolie brugt p\u00e5 sygev\u00e6relser for at g\u00f8re luften duftende, [&hellip;]<\/p>\n","protected":false},"featured_media":268116,"comment_status":"closed","ping_status":"open","template":"","meta":{"_angie_page":false},"product_brand":[27094],"product_cat":[7647,6153,26830,25839,25955],"product_tag":[],"class_list":{"0":"post-201236","1":"product","2":"type-product","3":"status-publish","4":"has-post-thumbnail","6":"product_brand-ancient-wisdom","7":"product_cat-aeteriske-olier","8":"product_cat-aromaterapi-og-rumdufte","9":"product_cat-blomster","10":"product_cat-dufte-aromaer","11":"product_cat-jasmin","12":"pa_collection-50ml-essential-oil-da","13":"pa_made-in-indonesien","14":"pa_size-50ml","16":"first","17":"instock","18":"purchasable","19":"product-type-simple"},"supplier_id":null,"supplier_sku":"PrEO-11","barcode":null,"atum_controlled":true,"out_stock_date":null,"out_stock_threshold":null,"inheritable":false,"inbound_stock":null,"stock_on_hold":0,"sold_today":0,"sales_last_days":0,"reserved_stock":null,"customer_returns":null,"warehouse_damage":null,"lost_in_post":null,"other_logs":null,"out_stock_days":0,"lost_sales":0,"has_location":null,"update_date":"2026-04-27T07:18:20","atum_locations":[],"atum_stock_status":"instock","restock_status":false,"low_stock_amount":"","sales_update_date":"2025-09-05T00:18:00","calc_backorders":null,"_links":{"self":[{"href":"https:\/\/aromasentia.com\/da\/wp-json\/wp\/v2\/product\/201236","targetHints":{"allow":["GET"]}}],"collection":[{"href":"https:\/\/aromasentia.com\/da\/wp-json\/wp\/v2\/product"}],"about":[{"href":"https:\/\/aromasentia.com\/da\/wp-json\/wp\/v2\/types\/product"}],"replies":[{"embeddable":true,"href":"https:\/\/aromasentia.com\/da\/wp-json\/wp\/v2\/comments?post=201236"}],"version-history":[{"count":0,"href":"https:\/\/aromasentia.com\/da\/wp-json\/wp\/v2\/product\/201236\/revisions"}],"wp:featuredmedia":[{"embeddable":true,"href":"https:\/\/aromasentia.com\/da\/wp-json\/wp\/v2\/media\/268116"}],"wp:attachment":[{"href":"https:\/\/aromasentia.com\/da\/wp-json\/wp\/v2\/media?parent=201236"}],"wp:term":[{"taxonomy":"product_brand","embeddable":true,"href":"https:\/\/aromasentia.com\/da\/wp-json\/wp\/v2\/product_brand?post=201236"},{"taxonomy":"product_cat","embeddable":true,"href":"https:\/\/aromasentia.com\/da\/wp-json\/wp\/v2\/product_cat?post=201236"},{"taxonomy":"product_tag","embeddable":true,"href":"https:\/\/aromasentia.com\/da\/wp-json\/wp\/v2\/product_tag?post=201236"}],"curies":[{"name":"wp","href":"https:\/\/api.w.org\/{rel}","templated":true}]}}