{"id":201235,"date":"2025-03-20T15:14:21","date_gmt":"2025-03-20T15:14:21","guid":{"rendered":"https:\/\/aromasentia.com\/product\/patchouli-50ml-essential-oil\/"},"modified":"2025-06-22T03:35:29","modified_gmt":"2025-06-22T03:35:29","slug":"patchouli-aeterisk-olie-50ml","status":"publish","type":"product","link":"https:\/\/aromasentia.com\/da\/patchouli-aeterisk-olie-50ml\/","title":{"rendered":"Patchouli \u00c6terisk Olie 50ml"},"content":{"rendered":"<p><strong>Latinsk navn: Pogostemon Cablin<br \/>Anvendt plantedel: T\u00f8rrede blade<br \/>Kilde: Indonesien<br \/>Ekstraktionsmetode: Dampdestillation<\/strong><\/p>\n<p><strong>Patchouli \u00e6terisk olie<\/strong>udvindes fra Pogostemon cablin-planten fra myntefamilien og har en rig, moskusagtig, s\u00f8d, krydret duft. Planten er hjemmeh\u00f8rende i Malaysia og Indien, hvor den er kendt som &#8216;puchaput&#8217;. Ordet patchouli stammer fra tamil &#8216;pachchaiilai&#8217;, der simpelthen betyder &#8216;gr\u00f8nt blad&#8217;. Patchouliolie udvindes fra de unge blade, som t\u00f8rres og fermenteres f\u00f8r dampdestillation. Denne olie forbedrer sin duft og kraft med alderen. Den er meget v\u00e6rdsat i hudpleje, is\u00e6r til arheling.<\/p>\n<p>I \u00f8stlige lande bruges patchouliolie i potpourrier og poser. mellem linned og t\u00f8j for duftens skyld samt for at holde v\u00e6ggelus og insekter v\u00e6k. Olien siges at have en balancerende effekt p\u00e5 f\u00f8lelserne og skabe en amor\u00f8s atmosf\u00e6re. N\u00e5r den bruges i en oliebr\u00e6nder, lindrer den angst og depression. Brugt i badevand menes den at hj\u00e6lpe mod hud- og hovedbundsproblemer, svampeinfektioner, v\u00e6skeretention, nedbryde cellulite og lette forstoppelse. Den har fremragende v\u00e6vsregenererende egenskaber, fremskynder heling og bek\u00e6mper infektioner. S\u00e5ledes hj\u00e6lper den mod akne, eksem, v\u00e6skende s\u00e5r, maves\u00e5r og fodsvamp.<\/p>\n<p>I Europa og Amerika var patchouliolie og r\u00f8gelse utroligt popul\u00e6re i 1960&#8217;erne og 70&#8217;erne blandt hippierne, da duften af patchouli d\u00e6kkede kropslugt og lugten af br\u00e6ndt cannabis. Patchouli blev brugt som h\u00e5rbalsam til dreadlocks. I mange asiatiske lande bruges patchouli ogs\u00e5 som modgift mod slangebid.<\/p>\n","protected":false},"excerpt":{"rendered":"<p>Latinsk navn: Pogostemon CablinAnvendt plantedel: T\u00f8rrede bladeKilde: IndonesienEkstraktionsmetode: Dampdestillation Patchouli \u00e6terisk olieudvindes fra Pogostemon cablin-planten fra myntefamilien og har en rig, moskusagtig, s\u00f8d, krydret duft. Planten er hjemmeh\u00f8rende i Malaysia og Indien, hvor den er kendt som &#8216;puchaput&#8217;. Ordet patchouli stammer fra tamil &#8216;pachchaiilai&#8217;, der simpelthen betyder &#8216;gr\u00f8nt blad&#8217;. Patchouliolie udvindes fra de unge blade, [&hellip;]<\/p>\n","protected":false},"featured_media":268107,"comment_status":"closed","ping_status":"open","template":"","meta":{"_angie_page":false},"product_brand":[27094],"product_cat":[7647,6153,25839,26823,25977],"product_tag":[],"class_list":{"0":"post-201235","1":"product","2":"type-product","3":"status-publish","4":"has-post-thumbnail","6":"product_brand-ancient-wisdom","7":"product_cat-aeteriske-olier","8":"product_cat-aromaterapi-og-rumdufte","9":"product_cat-dufte-aromaer","10":"product_cat-jordagtig-og-gron","11":"product_cat-patchouli","12":"pa_collection-50ml-essential-oil-da","13":"pa_made-in-indonesien","14":"pa_size-50ml","16":"first","17":"instock","18":"purchasable","19":"product-type-simple"},"supplier_id":null,"supplier_sku":"PrEO-10","barcode":null,"atum_controlled":true,"out_stock_date":null,"out_stock_threshold":null,"inheritable":false,"inbound_stock":null,"stock_on_hold":0,"sold_today":0,"sales_last_days":0,"reserved_stock":null,"customer_returns":null,"warehouse_damage":null,"lost_in_post":null,"other_logs":null,"out_stock_days":0,"lost_sales":0,"has_location":null,"update_date":"2026-04-27T07:18:14","atum_locations":[],"atum_stock_status":"instock","restock_status":false,"low_stock_amount":"","sales_update_date":"2026-01-30T01:26:17","calc_backorders":null,"_links":{"self":[{"href":"https:\/\/aromasentia.com\/da\/wp-json\/wp\/v2\/product\/201235","targetHints":{"allow":["GET"]}}],"collection":[{"href":"https:\/\/aromasentia.com\/da\/wp-json\/wp\/v2\/product"}],"about":[{"href":"https:\/\/aromasentia.com\/da\/wp-json\/wp\/v2\/types\/product"}],"replies":[{"embeddable":true,"href":"https:\/\/aromasentia.com\/da\/wp-json\/wp\/v2\/comments?post=201235"}],"version-history":[{"count":0,"href":"https:\/\/aromasentia.com\/da\/wp-json\/wp\/v2\/product\/201235\/revisions"}],"wp:featuredmedia":[{"embeddable":true,"href":"https:\/\/aromasentia.com\/da\/wp-json\/wp\/v2\/media\/268107"}],"wp:attachment":[{"href":"https:\/\/aromasentia.com\/da\/wp-json\/wp\/v2\/media?parent=201235"}],"wp:term":[{"taxonomy":"product_brand","embeddable":true,"href":"https:\/\/aromasentia.com\/da\/wp-json\/wp\/v2\/product_brand?post=201235"},{"taxonomy":"product_cat","embeddable":true,"href":"https:\/\/aromasentia.com\/da\/wp-json\/wp\/v2\/product_cat?post=201235"},{"taxonomy":"product_tag","embeddable":true,"href":"https:\/\/aromasentia.com\/da\/wp-json\/wp\/v2\/product_tag?post=201235"}],"curies":[{"name":"wp","href":"https:\/\/api.w.org\/{rel}","templated":true}]}}