{"id":201234,"date":"2025-03-20T15:14:21","date_gmt":"2025-03-20T15:14:21","guid":{"rendered":"https:\/\/aromasentia.com\/product\/sandalwood-amayris-50ml-essential-oil\/"},"modified":"2025-06-22T03:35:28","modified_gmt":"2025-06-22T03:35:28","slug":"sandeltrae-amayris-aeterisk-olie-50ml","status":"publish","type":"product","link":"https:\/\/aromasentia.com\/da\/sandeltrae-amayris-aeterisk-olie-50ml\/","title":{"rendered":"Sandeltr\u00e6 Amayris \u00c6terisk Olie 50ml"},"content":{"rendered":"<p><strong>Latinsk navn: Amyris Balsamifera<br \/>Anvendt plantedel: Tr\u00e6 og grene<br \/>Kilde: Jamaica<br \/>Ekstraktionsmetode: Dampdestillation<\/strong><\/p>\n<p>Amyris \u00e6terisk olie kaldes ogs\u00e5 vestindisk sandeltr\u00e6solie, fordi dens duft minder om sandeltr\u00e6. Den udvindes ved dampdestillation fra barken og grenene p\u00e5 Amyris balsamifera-tr\u00e6et. P\u00e5 grund af dens h\u00f8je olieindhold br\u00e6nder dette tr\u00e6 af sig selv, som et stearinlys, og kaldes derfor stearin af den lokale befolkning. Det er et billigere alternativ til rent sandeltr\u00e6.<\/p>\n<p>Denne olie er blevet brugt til at rense s\u00e5r og behandle influenza og diarr\u00e9. Den siges at v\u00e6re meget effektiv til at lindre bl\u00e6rebet\u00e6ndelse og vaginale infektioner. N\u00e5r den bruges i en vaporizer, hj\u00e6lper den med at lette angst og sp\u00e6ndinger, s\u00f8vnl\u00f8shed og fungerer som et elskovsmiddel, der lindrer impotens og frigiditet. Den bruges til at behandle hoste, fork\u00f8lelse og bronkitis. Dens beroligende egenskaber siges at hj\u00e6lpe under meditation. Det er ogs\u00e5 et muskelafslappende og bl\u00f8dg\u00f8rende middel.<\/p>\n<p>Amyris balsamifera-tr\u00e6et vokser vildt i Haiti. P\u00e5 grund af dets helbredende og aromatiske egenskaber blev \u00e6teriske olier betragtet som mere v\u00e6rdifulde end guld af oldtidens mennesker.<\/p>\n","protected":false},"excerpt":{"rendered":"<p>Latinsk navn: Amyris BalsamiferaAnvendt plantedel: Tr\u00e6 og greneKilde: JamaicaEkstraktionsmetode: Dampdestillation Amyris \u00e6terisk olie kaldes ogs\u00e5 vestindisk sandeltr\u00e6solie, fordi dens duft minder om sandeltr\u00e6. Den udvindes ved dampdestillation fra barken og grenene p\u00e5 Amyris balsamifera-tr\u00e6et. P\u00e5 grund af dens h\u00f8je olieindhold br\u00e6nder dette tr\u00e6 af sig selv, som et stearinlys, og kaldes derfor stearin af den [&hellip;]<\/p>\n","protected":false},"featured_media":268098,"comment_status":"closed","ping_status":"open","template":"","meta":[],"product_brand":[27094],"product_cat":[7647,6153,25839,25990,26893],"product_tag":[],"class_list":{"0":"post-201234","1":"product","2":"type-product","3":"status-publish","4":"has-post-thumbnail","6":"product_brand-ancient-wisdom","7":"product_cat-aeteriske-olier","8":"product_cat-aromaterapi-og-rumdufte","9":"product_cat-dufte-aromaer","10":"product_cat-sandeltrae","11":"product_cat-traeagtig","12":"pa_collection-50ml-essential-oil-da","13":"pa_made-in-haiti","14":"pa_size-50ml","16":"first","17":"instock","18":"purchasable","19":"product-type-simple"},"supplier_id":null,"supplier_sku":"PrEO-09","barcode":null,"atum_controlled":true,"out_stock_date":null,"out_stock_threshold":null,"inheritable":false,"inbound_stock":null,"stock_on_hold":0,"sold_today":0,"sales_last_days":0,"reserved_stock":null,"customer_returns":null,"warehouse_damage":null,"lost_in_post":null,"other_logs":null,"out_stock_days":0,"lost_sales":0,"has_location":null,"update_date":"2026-02-11T09:36:00","atum_locations":[],"atum_stock_status":"instock","restock_status":false,"low_stock_amount":"","sales_update_date":"2025-09-05T00:17:59","calc_backorders":null,"_links":{"self":[{"href":"https:\/\/aromasentia.com\/da\/wp-json\/wp\/v2\/product\/201234","targetHints":{"allow":["GET"]}}],"collection":[{"href":"https:\/\/aromasentia.com\/da\/wp-json\/wp\/v2\/product"}],"about":[{"href":"https:\/\/aromasentia.com\/da\/wp-json\/wp\/v2\/types\/product"}],"replies":[{"embeddable":true,"href":"https:\/\/aromasentia.com\/da\/wp-json\/wp\/v2\/comments?post=201234"}],"version-history":[{"count":0,"href":"https:\/\/aromasentia.com\/da\/wp-json\/wp\/v2\/product\/201234\/revisions"}],"wp:featuredmedia":[{"embeddable":true,"href":"https:\/\/aromasentia.com\/da\/wp-json\/wp\/v2\/media\/268098"}],"wp:attachment":[{"href":"https:\/\/aromasentia.com\/da\/wp-json\/wp\/v2\/media?parent=201234"}],"wp:term":[{"taxonomy":"product_brand","embeddable":true,"href":"https:\/\/aromasentia.com\/da\/wp-json\/wp\/v2\/product_brand?post=201234"},{"taxonomy":"product_cat","embeddable":true,"href":"https:\/\/aromasentia.com\/da\/wp-json\/wp\/v2\/product_cat?post=201234"},{"taxonomy":"product_tag","embeddable":true,"href":"https:\/\/aromasentia.com\/da\/wp-json\/wp\/v2\/product_tag?post=201234"}],"curies":[{"name":"wp","href":"https:\/\/api.w.org\/{rel}","templated":true}]}}