{"id":201233,"date":"2025-03-20T15:14:21","date_gmt":"2025-03-20T15:14:21","guid":{"rendered":"https:\/\/aromasentia.com\/product\/geranium-50ml-essential-oil\/"},"modified":"2025-06-22T03:35:28","modified_gmt":"2025-06-22T03:35:28","slug":"geranium-aeterisk-olie-50ml","status":"publish","type":"product","link":"https:\/\/aromasentia.com\/da\/geranium-aeterisk-olie-50ml\/","title":{"rendered":"Geranium \u00c6terisk Olie 50ml"},"content":{"rendered":"<p><strong>Latinsk navn: Pelargonium Graveolens<br \/>Anvendt plantedel: Blade, stilke og blomster<br \/>Kilde: Sydafrika<br \/>Ekstraktionsmetode: Dampdestillation<\/strong><\/p>\n<p><strong>Geranium \u00e6terisk olie<\/strong>har en st\u00e6rk duft med en blomsteragtig aroma og antydninger af mynte og \u00e6ble. Hovedtr\u00e6k ved denne olie er dens evne til at balancere og opl\u00f8fte, og den bruges til b\u00e5de sind og krop for at lindre en r\u00e6kke lidelser.<\/p>\n<p>Geranium \u00e6terisk olie hj\u00e6lper med at balancere fedtet og t\u00f8r hud og bringer ogs\u00e5 balance i sindet, hvilket lindrer stress og angst. Det siges at virke p\u00e5 binyrebarken, hvilket har en balancerende effekt p\u00e5 hormonsystemet. Geraniumolie er blevet brugt til at behandle akne, bl\u00e5 m\u00e6rker, forbr\u00e6ndinger, snits\u00e5r, dermatitis, eksem, h\u00e6morider, ringorm, maves\u00e5r, brystforst\u00f8rrelse, \u00f8dem, d\u00e5rlig blodcirkulation, ondt i halsen, halsbet\u00e6ndelse, PMS, problemer med overgangsalderen, stress og neuralgi. Dens st\u00e6rke duft jager myg v\u00e6k. Tils\u00e6t et par dr\u00e5ber til shampoo for at slippe af med hovedlus.<\/p>\n<p>Disse pelargonier mentes at holde \u00e5nder v\u00e6k (ligesom de gjorde med myg!), og derfor blev de plantet omkring huse som h\u00e6kke. Planterne stammer fra Sydafrika, R\u00e9union, Madagaskar, Egypten og Marokko og blev introduceret til europ\u00e6iske lande i det 17. \u00e5rhundrede. Selvom der er omkring 700 sorter af planten, leverer kun 10 \u00e6terisk olie i levedygtige m\u00e6ngder. De sorter, der plantes i haver, producerer normalt for lidt olie til at bruge til udvinding.<\/p>\n","protected":false},"excerpt":{"rendered":"<p>Latinsk navn: Pelargonium GraveolensAnvendt plantedel: Blade, stilke og blomsterKilde: SydafrikaEkstraktionsmetode: Dampdestillation Geranium \u00e6terisk oliehar en st\u00e6rk duft med en blomsteragtig aroma og antydninger af mynte og \u00e6ble. Hovedtr\u00e6k ved denne olie er dens evne til at balancere og opl\u00f8fte, og den bruges til b\u00e5de sind og krop for at lindre en r\u00e6kke lidelser. Geranium \u00e6terisk [&hellip;]<\/p>\n","protected":false},"featured_media":268089,"comment_status":"closed","ping_status":"open","template":"","meta":{"_angie_page":false},"product_brand":[27094],"product_cat":[7647,6153,26830,25839,25948],"product_tag":[],"class_list":{"0":"post-201233","1":"product","2":"type-product","3":"status-publish","4":"has-post-thumbnail","6":"product_brand-ancient-wisdom","7":"product_cat-aeteriske-olier","8":"product_cat-aromaterapi-og-rumdufte","9":"product_cat-blomster","10":"product_cat-dufte-aromaer","11":"product_cat-geranium","12":"pa_collection-50ml-essential-oil-da","13":"pa_made-in-egypten","14":"pa_size-50ml","16":"first","17":"instock","18":"purchasable","19":"product-type-simple"},"supplier_id":null,"supplier_sku":"PrEO-08","barcode":null,"atum_controlled":true,"out_stock_date":null,"out_stock_threshold":null,"inheritable":false,"inbound_stock":null,"stock_on_hold":0,"sold_today":0,"sales_last_days":0,"reserved_stock":null,"customer_returns":null,"warehouse_damage":null,"lost_in_post":null,"other_logs":null,"out_stock_days":0,"lost_sales":0,"has_location":null,"update_date":"2026-04-27T07:18:14","atum_locations":[],"atum_stock_status":"instock","restock_status":false,"low_stock_amount":"","sales_update_date":"2026-01-30T01:26:20","calc_backorders":null,"_links":{"self":[{"href":"https:\/\/aromasentia.com\/da\/wp-json\/wp\/v2\/product\/201233","targetHints":{"allow":["GET"]}}],"collection":[{"href":"https:\/\/aromasentia.com\/da\/wp-json\/wp\/v2\/product"}],"about":[{"href":"https:\/\/aromasentia.com\/da\/wp-json\/wp\/v2\/types\/product"}],"replies":[{"embeddable":true,"href":"https:\/\/aromasentia.com\/da\/wp-json\/wp\/v2\/comments?post=201233"}],"version-history":[{"count":0,"href":"https:\/\/aromasentia.com\/da\/wp-json\/wp\/v2\/product\/201233\/revisions"}],"wp:featuredmedia":[{"embeddable":true,"href":"https:\/\/aromasentia.com\/da\/wp-json\/wp\/v2\/media\/268089"}],"wp:attachment":[{"href":"https:\/\/aromasentia.com\/da\/wp-json\/wp\/v2\/media?parent=201233"}],"wp:term":[{"taxonomy":"product_brand","embeddable":true,"href":"https:\/\/aromasentia.com\/da\/wp-json\/wp\/v2\/product_brand?post=201233"},{"taxonomy":"product_cat","embeddable":true,"href":"https:\/\/aromasentia.com\/da\/wp-json\/wp\/v2\/product_cat?post=201233"},{"taxonomy":"product_tag","embeddable":true,"href":"https:\/\/aromasentia.com\/da\/wp-json\/wp\/v2\/product_tag?post=201233"}],"curies":[{"name":"wp","href":"https:\/\/api.w.org\/{rel}","templated":true}]}}