{"id":201232,"date":"2025-03-20T15:14:21","date_gmt":"2025-03-20T15:14:21","guid":{"rendered":"https:\/\/aromasentia.com\/product\/clary-sage-50ml-essential-oil\/"},"modified":"2025-06-22T03:35:27","modified_gmt":"2025-06-22T03:35:27","slug":"klarsalvie-aeterisk-olie-50ml","status":"publish","type":"product","link":"https:\/\/aromasentia.com\/da\/klarsalvie-aeterisk-olie-50ml\/","title":{"rendered":"Klarsalvie \u00c6terisk Olie 50ml"},"content":{"rendered":"<p><strong>Latinsk navn: Salvia Sclarea<br \/>Anvendt plantedel: Toppe og blade<br \/>Kilde: Rusland<br \/>Ekstraktionsmetode: Dampdestillation<\/strong><\/p>\n<p><strong>Muskatellsalvie \u00e6terisk olie<\/strong> udvindes ved dampdestillation fra blomstringstoppene og bladene p\u00e5 Salvia sclarea. Den st\u00f8rste fordel ved denne olie er dens beroligende indflydelse p\u00e5 nerverne og er is\u00e6r nyttig til kvindelige klager og lidelser. Det siges ogs\u00e5 at hj\u00e6lpe med hudproblemer som akne, bylder og s\u00e5r og lindrer smertefulde muskler og led.<\/p>\n<p>Muskatellsalvie er nyttig for dem, der lider af depression, stress og s\u00f8vnl\u00f8shed. Det er blevet brugt til at hj\u00e6lpe med kvinders problemer som smertefulde menstruationer, uregelm\u00e6ssig menstruation og under f\u00f8dsel. I overgangsalderen menes denne olie at reducere hedeture, nattesved, hjertebanken, irritabilitet samt hovedpine og svimmelhed. Det er blevet brugt som et elskovsmiddel. Det er ogs\u00e5 godt for ford\u00f8jelsen og nyrerne. Muskatelleriolie b\u00f8r undg\u00e5s ved indtagelse af alkohol, da det kan \u00f8ge beruselsen. Brug i sm\u00e5 m\u00e6ngder, da en stor dosis kan give hovedpine.<\/p>\n<p>I middelalderen var muskatelleri kendt som Oculus Christi, hvilket bet\u00f8d &#8220;Kristi \u00f8je&#8221;. Lige siden har det v\u00e6ret en h\u00f8jt v\u00e6rdsat medicin. I Jamaica blev den brugt af lokalbefolkningen til at rense og k\u00f8le s\u00e5r og mod bet\u00e6ndelse i \u00f8jnene. Det er en dyr olie, der har v\u00e6ret en vigtig og nyttig olie i aromaterapi og naturmedicin i lang tid.<\/p>\n","protected":false},"excerpt":{"rendered":"<p>Latinsk navn: Salvia SclareaAnvendt plantedel: Toppe og bladeKilde: RuslandEkstraktionsmetode: Dampdestillation Muskatellsalvie \u00e6terisk olie udvindes ved dampdestillation fra blomstringstoppene og bladene p\u00e5 Salvia sclarea. Den st\u00f8rste fordel ved denne olie er dens beroligende indflydelse p\u00e5 nerverne og er is\u00e6r nyttig til kvindelige klager og lidelser. Det siges ogs\u00e5 at hj\u00e6lpe med hudproblemer som akne, bylder og [&hellip;]<\/p>\n","protected":false},"featured_media":268080,"comment_status":"closed","ping_status":"open","template":"","meta":{"_angie_page":false},"product_brand":[27094],"product_cat":[7647,6153,25839,25937,26858],"product_tag":[],"class_list":{"0":"post-201232","1":"product","2":"type-product","3":"status-publish","4":"has-post-thumbnail","6":"product_brand-ancient-wisdom","7":"product_cat-aeteriske-olier","8":"product_cat-aromaterapi-og-rumdufte","9":"product_cat-dufte-aromaer","10":"product_cat-muskatelsalvie","11":"product_cat-urte-aromatisk","12":"pa_collection-50ml-essential-oil-da","13":"pa_made-in-frankrig","14":"pa_size-50ml","16":"first","17":"instock","18":"purchasable","19":"product-type-simple"},"supplier_id":null,"supplier_sku":"PrEO-07","barcode":null,"atum_controlled":true,"out_stock_date":null,"out_stock_threshold":null,"inheritable":false,"inbound_stock":0,"stock_on_hold":0,"sold_today":0,"sales_last_days":0,"reserved_stock":0,"customer_returns":0,"warehouse_damage":0,"lost_in_post":0,"other_logs":0,"out_stock_days":0,"lost_sales":0,"has_location":false,"update_date":"2026-04-27T07:18:14","atum_locations":[],"atum_stock_status":"instock","restock_status":false,"low_stock_amount":"","sales_update_date":"2026-01-30T01:26:16","calc_backorders":null,"_links":{"self":[{"href":"https:\/\/aromasentia.com\/da\/wp-json\/wp\/v2\/product\/201232","targetHints":{"allow":["GET"]}}],"collection":[{"href":"https:\/\/aromasentia.com\/da\/wp-json\/wp\/v2\/product"}],"about":[{"href":"https:\/\/aromasentia.com\/da\/wp-json\/wp\/v2\/types\/product"}],"replies":[{"embeddable":true,"href":"https:\/\/aromasentia.com\/da\/wp-json\/wp\/v2\/comments?post=201232"}],"version-history":[{"count":0,"href":"https:\/\/aromasentia.com\/da\/wp-json\/wp\/v2\/product\/201232\/revisions"}],"wp:featuredmedia":[{"embeddable":true,"href":"https:\/\/aromasentia.com\/da\/wp-json\/wp\/v2\/media\/268080"}],"wp:attachment":[{"href":"https:\/\/aromasentia.com\/da\/wp-json\/wp\/v2\/media?parent=201232"}],"wp:term":[{"taxonomy":"product_brand","embeddable":true,"href":"https:\/\/aromasentia.com\/da\/wp-json\/wp\/v2\/product_brand?post=201232"},{"taxonomy":"product_cat","embeddable":true,"href":"https:\/\/aromasentia.com\/da\/wp-json\/wp\/v2\/product_cat?post=201232"},{"taxonomy":"product_tag","embeddable":true,"href":"https:\/\/aromasentia.com\/da\/wp-json\/wp\/v2\/product_tag?post=201232"}],"curies":[{"name":"wp","href":"https:\/\/api.w.org\/{rel}","templated":true}]}}