{"id":201230,"date":"2025-03-20T15:14:21","date_gmt":"2025-03-20T15:14:21","guid":{"rendered":"https:\/\/aromasentia.com\/product\/rosemary-50ml-essential-oil\/"},"modified":"2025-06-22T03:35:27","modified_gmt":"2025-06-22T03:35:27","slug":"rosmarin-aeterisk-olie-50ml","status":"publish","type":"product","link":"https:\/\/aromasentia.com\/da\/rosmarin-aeterisk-olie-50ml\/","title":{"rendered":"Rosmarin \u00c6terisk Olie 50ml"},"content":{"rendered":"<p><strong>Latinsk navn: Rosmarinus Officinalis<br \/>Anvendt plantedel: Blomstrende toppe<br \/>Kilde: Tunesien<br \/>Ekstraktionsmetode: Dampdestillation<\/strong><\/p>\n<p>Duften af rosmarin \u00e6terisk olie er tr\u00e6agtig og urteagtig og bruges i aromaterapi til at opfriske og stimulere sindet.<\/p>\n<p>Denne olie er nyttig til behandling af s\u00e5r, forbr\u00e6ndinger, fork\u00f8lelser, influenza, tr\u00e6thed, ford\u00f8jelsesproblemer, hovedpine, astma, bronkitis, gigt, gigt, lever- og galdebl\u00e6reproblemer, v\u00e6skeophobning og d\u00e5rlig blodcirkulation. Til massage blandes rosmarinolie ofte med en eller to baseolier som mandel-, abrikoskerne- eller hasseln\u00f8ddeolie. Det er godt for h\u00e5ret, da det siges at \u00f8ge blodcirkulationen til hovedbunden og fremme h\u00e5rv\u00e6kst. Brug aldrig denne olie indvortes, og undg\u00e5 den, hvis du er gravid eller lider af forh\u00f8jet blodtryk eller epilepsi.<\/p>\n<p><strong>Rosmarin<\/strong> var velkendt og brugt i den antikke verden. Man mente, at det forbedrede hukommelsen, s\u00e5 det blev et symbol p\u00e5 troskab og blev brugt ved bryllupper, begravelser og andre religi\u00f8se ceremonier. En kvist rosmarin blev smukt bundet med b\u00e5nd og givet til bryllupsg\u00e6sterne som et symbol p\u00e5 k\u00e6rlighed og loyalitet. &#8216;Ungarns vand&#8217;, lavet af friske rosmarintoppe, der var blevet dyppet i vin i et par dage, blev lavet til Ungarns dronning og siges at have kureret hende for lammelse.<\/p>\n","protected":false},"excerpt":{"rendered":"<p>Latinsk navn: Rosmarinus OfficinalisAnvendt plantedel: Blomstrende toppeKilde: TunesienEkstraktionsmetode: Dampdestillation Duften af rosmarin \u00e6terisk olie er tr\u00e6agtig og urteagtig og bruges i aromaterapi til at opfriske og stimulere sindet. Denne olie er nyttig til behandling af s\u00e5r, forbr\u00e6ndinger, fork\u00f8lelser, influenza, tr\u00e6thed, ford\u00f8jelsesproblemer, hovedpine, astma, bronkitis, gigt, gigt, lever- og galdebl\u00e6reproblemer, v\u00e6skeophobning og d\u00e5rlig blodcirkulation. Til massage [&hellip;]<\/p>\n","protected":false},"featured_media":268062,"comment_status":"closed","ping_status":"open","template":"","meta":[],"product_brand":[27094],"product_cat":[7647,6153,25839,25987,26858],"product_tag":[],"class_list":{"0":"post-201230","1":"product","2":"type-product","3":"status-publish","4":"has-post-thumbnail","6":"product_brand-ancient-wisdom","7":"product_cat-aeteriske-olier","8":"product_cat-aromaterapi-og-rumdufte","9":"product_cat-dufte-aromaer","10":"product_cat-rosmarin","11":"product_cat-urte-aromatisk","12":"pa_collection-50ml-essential-oil-da","13":"pa_made-in-spanien","14":"pa_size-50ml","16":"first","17":"instock","18":"purchasable","19":"product-type-simple"},"supplier_id":null,"supplier_sku":"PrEO-05","barcode":null,"atum_controlled":true,"out_stock_date":null,"out_stock_threshold":null,"inheritable":false,"inbound_stock":null,"stock_on_hold":0,"sold_today":0,"sales_last_days":0,"reserved_stock":null,"customer_returns":null,"warehouse_damage":null,"lost_in_post":null,"other_logs":null,"out_stock_days":0,"lost_sales":0,"has_location":null,"update_date":"2026-01-30T01:26:15","atum_locations":[],"atum_stock_status":"instock","restock_status":false,"low_stock_amount":"","sales_update_date":"2026-01-30T01:26:15","calc_backorders":null,"_links":{"self":[{"href":"https:\/\/aromasentia.com\/da\/wp-json\/wp\/v2\/product\/201230","targetHints":{"allow":["GET"]}}],"collection":[{"href":"https:\/\/aromasentia.com\/da\/wp-json\/wp\/v2\/product"}],"about":[{"href":"https:\/\/aromasentia.com\/da\/wp-json\/wp\/v2\/types\/product"}],"replies":[{"embeddable":true,"href":"https:\/\/aromasentia.com\/da\/wp-json\/wp\/v2\/comments?post=201230"}],"version-history":[{"count":0,"href":"https:\/\/aromasentia.com\/da\/wp-json\/wp\/v2\/product\/201230\/revisions"}],"wp:featuredmedia":[{"embeddable":true,"href":"https:\/\/aromasentia.com\/da\/wp-json\/wp\/v2\/media\/268062"}],"wp:attachment":[{"href":"https:\/\/aromasentia.com\/da\/wp-json\/wp\/v2\/media?parent=201230"}],"wp:term":[{"taxonomy":"product_brand","embeddable":true,"href":"https:\/\/aromasentia.com\/da\/wp-json\/wp\/v2\/product_brand?post=201230"},{"taxonomy":"product_cat","embeddable":true,"href":"https:\/\/aromasentia.com\/da\/wp-json\/wp\/v2\/product_cat?post=201230"},{"taxonomy":"product_tag","embeddable":true,"href":"https:\/\/aromasentia.com\/da\/wp-json\/wp\/v2\/product_tag?post=201230"}],"curies":[{"name":"wp","href":"https:\/\/api.w.org\/{rel}","templated":true}]}}