{"id":201229,"date":"2025-03-20T15:14:21","date_gmt":"2025-03-20T15:14:21","guid":{"rendered":"https:\/\/aromasentia.com\/product\/peppermint-50ml-essential-oil\/"},"modified":"2025-06-22T03:35:26","modified_gmt":"2025-06-22T03:35:26","slug":"pebermynte-aeterisk-olie-50ml","status":"publish","type":"product","link":"https:\/\/aromasentia.com\/da\/pebermynte-aeterisk-olie-50ml\/","title":{"rendered":"Pebermynte \u00c6terisk Olie 50ml"},"content":{"rendered":"<p><strong>Latinsk navn: Mentha Piperita<br \/>Anvendt plantedel: Blomstrende urt<br \/>Kilde: Indien<br \/>Ekstraktionsmetode: Dampdestillation<\/strong><\/p>\n<p><strong>Pebermynte \u00e6terisk olie<\/strong> siges at v\u00e6re god mod lidelser som astma, kolik, feber, luft i maven, hovedpine, kvalme, brystkongestion og svimmelhed. Denne olie siges at v\u00e6re fremragende mod mental tr\u00e6thed og depression, forfriskende og stimulerende med sit mentolindhold. Den er god for huden og bruges i lotions til behandling af solskoldning, kl\u00f8e eller bet\u00e6ndelse i huden. Den hj\u00e6lper med at bek\u00e6mpe d\u00e5rlig \u00e5nde og tandk\u00f8dsinfektioner, n\u00e5r den bruges i mundskyllevand. N\u00e5r den bruges i en oliebr\u00e6nder, er den ikke kun terapeutisk, den holder ogs\u00e5 myg og andre insekter v\u00e6k.<\/p>\n<p>Opdagelser beviser, at pebermynte har v\u00e6ret brugt siden oldtiden i Egypten, Gr\u00e6kenland, Rom, Kina og Japan. If\u00f8lge gr\u00e6sk mytologi blev en nymfe ved navn Mentha i et vredesanfald forvandlet til en mynteplante af sin elskers kone Persefone. If\u00f8lge Plinius blev pebermynte brugt til at krone gr\u00e6kerne og romerne under fester. Den har v\u00e6ret brugt medicinsk i England i de sidste par \u00e5rhundreder.<\/p>\n","protected":false},"excerpt":{"rendered":"<p>Latinsk navn: Mentha PiperitaAnvendt plantedel: Blomstrende urtKilde: IndienEkstraktionsmetode: Dampdestillation Pebermynte \u00e6terisk olie siges at v\u00e6re god mod lidelser som astma, kolik, feber, luft i maven, hovedpine, kvalme, brystkongestion og svimmelhed. Denne olie siges at v\u00e6re fremragende mod mental tr\u00e6thed og depression, forfriskende og stimulerende med sit mentolindhold. Den er god for huden og bruges i [&hellip;]<\/p>\n","protected":false},"featured_media":268053,"comment_status":"closed","ping_status":"open","template":"","meta":{"_angie_page":false},"product_brand":[27094],"product_cat":[7647,6153,25839,26872,25978],"product_tag":[],"class_list":{"0":"post-201229","1":"product","2":"type-product","3":"status-publish","4":"has-post-thumbnail","6":"product_brand-ancient-wisdom","7":"product_cat-aeteriske-olier","8":"product_cat-aromaterapi-og-rumdufte","9":"product_cat-dufte-aromaer","10":"product_cat-mynte","11":"product_cat-pebermynte","12":"pa_collection-50ml-essential-oil-da","13":"pa_made-in-usa","14":"pa_size-50ml","16":"first","17":"instock","18":"purchasable","19":"product-type-simple"},"supplier_id":null,"supplier_sku":"PrEO-04","barcode":null,"atum_controlled":true,"out_stock_date":null,"out_stock_threshold":null,"inheritable":false,"inbound_stock":null,"stock_on_hold":0,"sold_today":0,"sales_last_days":0,"reserved_stock":null,"customer_returns":null,"warehouse_damage":null,"lost_in_post":null,"other_logs":null,"out_stock_days":0,"lost_sales":0,"has_location":null,"update_date":"2026-04-27T07:18:14","atum_locations":[],"atum_stock_status":"instock","restock_status":false,"low_stock_amount":"","sales_update_date":"2026-01-30T01:26:14","calc_backorders":null,"_links":{"self":[{"href":"https:\/\/aromasentia.com\/da\/wp-json\/wp\/v2\/product\/201229","targetHints":{"allow":["GET"]}}],"collection":[{"href":"https:\/\/aromasentia.com\/da\/wp-json\/wp\/v2\/product"}],"about":[{"href":"https:\/\/aromasentia.com\/da\/wp-json\/wp\/v2\/types\/product"}],"replies":[{"embeddable":true,"href":"https:\/\/aromasentia.com\/da\/wp-json\/wp\/v2\/comments?post=201229"}],"version-history":[{"count":0,"href":"https:\/\/aromasentia.com\/da\/wp-json\/wp\/v2\/product\/201229\/revisions"}],"wp:featuredmedia":[{"embeddable":true,"href":"https:\/\/aromasentia.com\/da\/wp-json\/wp\/v2\/media\/268053"}],"wp:attachment":[{"href":"https:\/\/aromasentia.com\/da\/wp-json\/wp\/v2\/media?parent=201229"}],"wp:term":[{"taxonomy":"product_brand","embeddable":true,"href":"https:\/\/aromasentia.com\/da\/wp-json\/wp\/v2\/product_brand?post=201229"},{"taxonomy":"product_cat","embeddable":true,"href":"https:\/\/aromasentia.com\/da\/wp-json\/wp\/v2\/product_cat?post=201229"},{"taxonomy":"product_tag","embeddable":true,"href":"https:\/\/aromasentia.com\/da\/wp-json\/wp\/v2\/product_tag?post=201229"}],"curies":[{"name":"wp","href":"https:\/\/api.w.org\/{rel}","templated":true}]}}