{"id":201227,"date":"2025-03-20T15:14:21","date_gmt":"2025-03-20T15:14:21","guid":{"rendered":"https:\/\/aromasentia.com\/product\/tea-tree-50ml-essential-oil\/"},"modified":"2025-06-22T03:35:25","modified_gmt":"2025-06-22T03:35:25","slug":"tea-tree-aeterisk-olie-50ml","status":"publish","type":"product","link":"https:\/\/aromasentia.com\/da\/tea-tree-aeterisk-olie-50ml\/","title":{"rendered":"Tea Tree \u00c6terisk Olie 50ml"},"content":{"rendered":"<p><strong>Latinsk navn: Melaleuca Alternifolia.<br \/>Anvendt plantedel: Blade og kviste <br \/>Kilde: Australien <br \/>Ekstraktionsmetode: Dampdestillation<\/strong><\/p>\n<p>I tidlige tider blev bladene fra dette tr\u00e6 tilsyneladende brugt til at lave te, hvilket er grunden til navnet. Tea tree-\u00e6terisk olie er de koncentrerede flydende forbindelser, der dampdestilleres fra bladene fra tr\u00e6et Melaleuca alternifolia, som er hjemmeh\u00f8rende p\u00e5 den nord\u00f8stlige kyst af New South Wales, Australien. Olien h\u00e6vdes at have v\u00e6rdifulde antiseptiske og svampedr\u00e6bende egenskaber p\u00e5 grund af bestanddele kaldet terpenoider, og den bruges i dag i mange produkter til personlig pleje og medicin.<\/p>\n<p><strong>Tea tree-\u00e6terisk olie<\/strong> siges at v\u00e6re god til at lindre tilstoppethed, fork\u00f8lelse, hoste og influenza. Den er blevet brugt til at helbrede akne, svampeinfektioner, sk\u00e6l, vaginale infektioner, h\u00e6morider, fodsvamp og er menes at lindre \u00f8mme muskler og ledskader. N\u00e5r det tils\u00e6ttes badevandet, hj\u00e6lper det med at kontrollere bakterier. Tea tree-olie m\u00e5 ikke tages indvortes. Det bruges normalt kun til voksne og skal holdes v\u00e6k fra b\u00f8rn og k\u00e6ledyr. Brug det ikke, hvis du er gravid eller ammer.<\/p>\n<p>De australske aboriginere er kendt for at have brugt de knuste blade til at helbrede snits\u00e5r, forbr\u00e6ndinger, s\u00e5r og infektioner i hundredvis af \u00e5r. De inhalerede olierne fra de knuste blade for at lindre hoste og fork\u00f8lelse. De dryssede denne olie p\u00e5 s\u00e5r og p\u00e5f\u00f8rte et gr\u00f8domslag p\u00e5 den. De infuserede bladene og lavede te til at lindre ondt i halsen. Det var mellem 1920 og 1930, at den \u00e6teriske olie fra dette tr\u00e6 begyndte at blive kendt og brugt for sine antimikrobielle egenskaber i Europa.<\/p>\n","protected":false},"excerpt":{"rendered":"<p>Latinsk navn: Melaleuca Alternifolia.Anvendt plantedel: Blade og kviste Kilde: Australien Ekstraktionsmetode: Dampdestillation I tidlige tider blev bladene fra dette tr\u00e6 tilsyneladende brugt til at lave te, hvilket er grunden til navnet. Tea tree-\u00e6terisk olie er de koncentrerede flydende forbindelser, der dampdestilleres fra bladene fra tr\u00e6et Melaleuca alternifolia, som er hjemmeh\u00f8rende p\u00e5 den nord\u00f8stlige kyst af [&hellip;]<\/p>\n","protected":false},"featured_media":268035,"comment_status":"closed","ping_status":"open","template":"","meta":{"_angie_page":false},"product_brand":[27094],"product_cat":[7647,6153,25839,26865,25994],"product_tag":[],"class_list":{"0":"post-201227","1":"product","2":"type-product","3":"status-publish","4":"has-post-thumbnail","6":"product_brand-ancient-wisdom","7":"product_cat-aeteriske-olier","8":"product_cat-aromaterapi-og-rumdufte","9":"product_cat-dufte-aromaer","10":"product_cat-medicinsk-kamferagtig","11":"product_cat-tea-tree-tetrae","12":"pa_collection-50ml-essential-oil-da","13":"pa_made-in-australien","14":"pa_size-50ml","16":"first","17":"instock","18":"purchasable","19":"product-type-simple"},"supplier_id":null,"supplier_sku":"PrEO-02","barcode":null,"atum_controlled":true,"out_stock_date":null,"out_stock_threshold":null,"inheritable":false,"inbound_stock":null,"stock_on_hold":0,"sold_today":0,"sales_last_days":0,"reserved_stock":null,"customer_returns":null,"warehouse_damage":null,"lost_in_post":null,"other_logs":null,"out_stock_days":0,"lost_sales":0,"has_location":null,"update_date":"2026-05-08T05:16:51","atum_locations":[],"atum_stock_status":"instock","restock_status":false,"low_stock_amount":"","sales_update_date":"2026-01-30T01:26:15","calc_backorders":null,"_links":{"self":[{"href":"https:\/\/aromasentia.com\/da\/wp-json\/wp\/v2\/product\/201227","targetHints":{"allow":["GET"]}}],"collection":[{"href":"https:\/\/aromasentia.com\/da\/wp-json\/wp\/v2\/product"}],"about":[{"href":"https:\/\/aromasentia.com\/da\/wp-json\/wp\/v2\/types\/product"}],"replies":[{"embeddable":true,"href":"https:\/\/aromasentia.com\/da\/wp-json\/wp\/v2\/comments?post=201227"}],"version-history":[{"count":0,"href":"https:\/\/aromasentia.com\/da\/wp-json\/wp\/v2\/product\/201227\/revisions"}],"wp:featuredmedia":[{"embeddable":true,"href":"https:\/\/aromasentia.com\/da\/wp-json\/wp\/v2\/media\/268035"}],"wp:attachment":[{"href":"https:\/\/aromasentia.com\/da\/wp-json\/wp\/v2\/media?parent=201227"}],"wp:term":[{"taxonomy":"product_brand","embeddable":true,"href":"https:\/\/aromasentia.com\/da\/wp-json\/wp\/v2\/product_brand?post=201227"},{"taxonomy":"product_cat","embeddable":true,"href":"https:\/\/aromasentia.com\/da\/wp-json\/wp\/v2\/product_cat?post=201227"},{"taxonomy":"product_tag","embeddable":true,"href":"https:\/\/aromasentia.com\/da\/wp-json\/wp\/v2\/product_tag?post=201227"}],"curies":[{"name":"wp","href":"https:\/\/api.w.org\/{rel}","templated":true}]}}