{"id":201221,"date":"2025-03-20T15:14:41","date_gmt":"2025-03-20T15:14:41","guid":{"rendered":"https:\/\/aromasentia.com\/product\/clove-leaf-50ml-essential-oil\/"},"modified":"2025-06-22T03:35:21","modified_gmt":"2025-06-22T03:35:21","slug":"nellikeblad-aeterisk-olie-50ml","status":"publish","type":"product","link":"https:\/\/aromasentia.com\/da\/nellikeblad-aeterisk-olie-50ml\/","title":{"rendered":"Nellikeblad \u00c6terisk Olie 50ml"},"content":{"rendered":"<p><strong>Latinsk navn: Eugenia Caryophyllata<br \/>Anvendt plantedel: Blade<br \/>Kilde: Madagaskar<br \/>Ekstraktionsmetode: Dampdestillation<\/strong><\/p>\n<p>Nellikeolie udvindes normalt ved dampdestillation fra blade, stilk og knopper fra Eugenia caryophyllata-tr\u00e6et, som er hjemmeh\u00f8rende i Indonesien og Malacca-\u00f8erne. Dette er en potent olie med en varm, st\u00e6rk, krydret duft og skal bruges meget fortyndet og med stor forsigtighed i aromaterapi.<\/p>\n<p><strong>Nellikeolie<\/strong>kan bruges til at hele eller lindre akne, bl\u00e5 m\u00e6rker, snits\u00e5r og forbr\u00e6ndinger, bens\u00e5r og som smertestillende middel mod gigt og gigt. Det siges ogs\u00e5 at v\u00e6re godt for ford\u00f8jelsessystemet og hj\u00e6lpe med opkastning, diarr\u00e9, luft i maven, spasmer og parasitter. Det anses for v\u00e6rdifuldt til at lindre<br \/>luftvejsproblemer som bronkitis, astma og tuberkulose. I aromaterapi stimulerer denne \u00e6teriske olie sindet og fungerer som et elskovsmiddel. Det fjerner mental udmattelse og tr\u00e6thed og fremkalder s\u00f8vn hos personer med s\u00f8vnl\u00f8shed.<\/p>\n<p>Det menes, at oldtidens kinesiske medicin brugte nelliker til at behandle ford\u00f8jelsesbesv\u00e6r, diarr\u00e9, brok, fodsvamp og svampeinfektioner. Det har v\u00e6ret brugt til at behandle munds\u00e5r, tandpine og som et frisk \u00e5ndedr\u00e6t siden oldtiden i disse lande. Det var et af de f\u00f8rste krydderier, der blev handlet med. Arabiske handlende siges at have introduceret nelliker til Europa i Romerrigets tid.<\/p>\n","protected":false},"excerpt":{"rendered":"<p>Latinsk navn: Eugenia CaryophyllataAnvendt plantedel: BladeKilde: MadagaskarEkstraktionsmetode: Dampdestillation Nellikeolie udvindes normalt ved dampdestillation fra blade, stilk og knopper fra Eugenia caryophyllata-tr\u00e6et, som er hjemmeh\u00f8rende i Indonesien og Malacca-\u00f8erne. Dette er en potent olie med en varm, st\u00e6rk, krydret duft og skal bruges meget fortyndet og med stor forsigtighed i aromaterapi. Nellikeoliekan bruges til at hele [&hellip;]<\/p>\n","protected":false},"featured_media":268231,"comment_status":"closed","ping_status":"open","template":"","meta":{"_angie_page":false},"product_brand":[27094],"product_cat":[7647,6153,26816,25839,25938],"product_tag":[],"class_list":{"0":"post-201221","1":"product","2":"type-product","3":"status-publish","4":"has-post-thumbnail","6":"product_brand-ancient-wisdom","7":"product_cat-aeteriske-olier","8":"product_cat-aromaterapi-og-rumdufte","9":"product_cat-citrus","10":"product_cat-dufte-aromaer","11":"product_cat-nellikeblad","12":"pa_collection-50ml-essential-oil-da","13":"pa_made-in-indonesien","14":"pa_size-50ml","16":"first","17":"instock","18":"purchasable","19":"product-type-simple"},"supplier_id":null,"supplier_sku":"PrEO-22","barcode":null,"atum_controlled":true,"out_stock_date":null,"out_stock_threshold":null,"inheritable":false,"inbound_stock":0,"stock_on_hold":0,"sold_today":0,"sales_last_days":0,"reserved_stock":0,"customer_returns":0,"warehouse_damage":0,"lost_in_post":0,"other_logs":0,"out_stock_days":0,"lost_sales":0,"has_location":false,"update_date":"2026-05-08T05:16:51","atum_locations":[],"atum_stock_status":"instock","restock_status":false,"low_stock_amount":"","sales_update_date":"2025-09-05T00:18:02","calc_backorders":null,"_links":{"self":[{"href":"https:\/\/aromasentia.com\/da\/wp-json\/wp\/v2\/product\/201221","targetHints":{"allow":["GET"]}}],"collection":[{"href":"https:\/\/aromasentia.com\/da\/wp-json\/wp\/v2\/product"}],"about":[{"href":"https:\/\/aromasentia.com\/da\/wp-json\/wp\/v2\/types\/product"}],"replies":[{"embeddable":true,"href":"https:\/\/aromasentia.com\/da\/wp-json\/wp\/v2\/comments?post=201221"}],"version-history":[{"count":0,"href":"https:\/\/aromasentia.com\/da\/wp-json\/wp\/v2\/product\/201221\/revisions"}],"wp:featuredmedia":[{"embeddable":true,"href":"https:\/\/aromasentia.com\/da\/wp-json\/wp\/v2\/media\/268231"}],"wp:attachment":[{"href":"https:\/\/aromasentia.com\/da\/wp-json\/wp\/v2\/media?parent=201221"}],"wp:term":[{"taxonomy":"product_brand","embeddable":true,"href":"https:\/\/aromasentia.com\/da\/wp-json\/wp\/v2\/product_brand?post=201221"},{"taxonomy":"product_cat","embeddable":true,"href":"https:\/\/aromasentia.com\/da\/wp-json\/wp\/v2\/product_cat?post=201221"},{"taxonomy":"product_tag","embeddable":true,"href":"https:\/\/aromasentia.com\/da\/wp-json\/wp\/v2\/product_tag?post=201221"}],"curies":[{"name":"wp","href":"https:\/\/api.w.org\/{rel}","templated":true}]}}