{"id":201220,"date":"2025-03-20T15:14:41","date_gmt":"2025-03-20T15:14:41","guid":{"rendered":"https:\/\/aromasentia.com\/product\/cinnamon-50ml-essential-oil\/"},"modified":"2025-06-22T03:35:21","modified_gmt":"2025-06-22T03:35:21","slug":"kanel-aeterisk-olie-50ml","status":"publish","type":"product","link":"https:\/\/aromasentia.com\/da\/kanel-aeterisk-olie-50ml\/","title":{"rendered":"Kanel \u00c6terisk Olie 50ml"},"content":{"rendered":"<p><strong>Latinsk navn: Cinnamomum Zeylanicum<br \/>Anvendt plantedel: Blade og kviste<br \/>Kilde: Sri Lanka<br \/>Ekstraktionsmetode: Dampdestillation<\/strong><\/p>\n<p><strong>\u00c6terisk kanelolie<\/strong> udvindes ved dampdestillation fra Cinnamomum zeylanicum-tr\u00e6et, ogs\u00e5 kaldet Ceylon-kanel eller \u00e6gte kanel. Der findes to slags \u00e6teriske olier, der udvindes: en fra bladene, som er mildere, gul til lysebrun og oftest bruges i aromaterapi; og den anden fra barken, som er m\u00f8rkere brun og ikke almindeligvis foretrukket i aromaterapi.<\/p>\n<p>Kanelolie er beroligende med kraftige antiseptiske egenskaber. N\u00e5r den bruges i en oliebr\u00e6nder, siges den at hj\u00e6lpe mod fork\u00f8lelse og bronkitis og lindre depression. Den bruges til at hj\u00e6lpe med bronkitis, diarr\u00e9, kulderystelser, infektioner, influenza, gigt og gigt, n\u00e5r den bruges i badevand eller blandes i en massageolie. Den lindrer kvalme og opkastning. Det stimulerer kirtelsystemet og reducerer derfor menstruationssmerter. Undg\u00e5 bladolien under graviditet. Barkolien er meget st\u00e6rk og b\u00f8r kun bruges fortyndet under kyndig vejledning.<\/p>\n<p>Kaneltr\u00e6et er hjemmeh\u00f8rende p\u00e5 det indiske subkontinent og har i \u00e5rhundreder v\u00e6ret en vigtig handelsvare mellem Indien, Kina og Egypten. Kanelens kilde var et mysterium for den vestlige verden i lang tid. Historien siger, at k\u00e6mpe kanelfugle samlede kanelst\u00e6nger til deres reder fra et mystisk sted, hvor kaneltr\u00e6er voksede. Araberne narrede derefter fuglene og fik kanelen fra dem. Dette var troen op til 1310 i Byzans.<\/p>\n","protected":false},"excerpt":{"rendered":"<p>Latinsk navn: Cinnamomum ZeylanicumAnvendt plantedel: Blade og kvisteKilde: Sri LankaEkstraktionsmetode: Dampdestillation \u00c6terisk kanelolie udvindes ved dampdestillation fra Cinnamomum zeylanicum-tr\u00e6et, ogs\u00e5 kaldet Ceylon-kanel eller \u00e6gte kanel. Der findes to slags \u00e6teriske olier, der udvindes: en fra bladene, som er mildere, gul til lysebrun og oftest bruges i aromaterapi; og den anden fra barken, som er m\u00f8rkere [&hellip;]<\/p>\n","protected":false},"featured_media":268222,"comment_status":"closed","ping_status":"open","template":"","meta":{"_angie_page":false},"product_brand":[27094],"product_cat":[7647,6153,25839,25935,26886],"product_tag":[],"class_list":{"0":"post-201220","1":"product","2":"type-product","3":"status-publish","4":"has-post-thumbnail","6":"product_brand-ancient-wisdom","7":"product_cat-aeteriske-olier","8":"product_cat-aromaterapi-og-rumdufte","9":"product_cat-dufte-aromaer","10":"product_cat-kanel","11":"product_cat-krydret","12":"pa_collection-50ml-essential-oil-da","13":"pa_made-in-sri-lanka","14":"pa_size-50ml","16":"first","17":"instock","18":"purchasable","19":"product-type-simple"},"supplier_id":null,"supplier_sku":"PrEO-21","barcode":null,"atum_controlled":true,"out_stock_date":null,"out_stock_threshold":null,"inheritable":false,"inbound_stock":null,"stock_on_hold":0,"sold_today":0,"sales_last_days":0,"reserved_stock":null,"customer_returns":null,"warehouse_damage":null,"lost_in_post":null,"other_logs":null,"out_stock_days":0,"lost_sales":0,"has_location":null,"update_date":"2026-05-08T05:16:51","atum_locations":[],"atum_stock_status":"instock","restock_status":false,"low_stock_amount":"","sales_update_date":"2025-09-05T00:18:02","calc_backorders":null,"_links":{"self":[{"href":"https:\/\/aromasentia.com\/da\/wp-json\/wp\/v2\/product\/201220","targetHints":{"allow":["GET"]}}],"collection":[{"href":"https:\/\/aromasentia.com\/da\/wp-json\/wp\/v2\/product"}],"about":[{"href":"https:\/\/aromasentia.com\/da\/wp-json\/wp\/v2\/types\/product"}],"replies":[{"embeddable":true,"href":"https:\/\/aromasentia.com\/da\/wp-json\/wp\/v2\/comments?post=201220"}],"version-history":[{"count":0,"href":"https:\/\/aromasentia.com\/da\/wp-json\/wp\/v2\/product\/201220\/revisions"}],"wp:featuredmedia":[{"embeddable":true,"href":"https:\/\/aromasentia.com\/da\/wp-json\/wp\/v2\/media\/268222"}],"wp:attachment":[{"href":"https:\/\/aromasentia.com\/da\/wp-json\/wp\/v2\/media?parent=201220"}],"wp:term":[{"taxonomy":"product_brand","embeddable":true,"href":"https:\/\/aromasentia.com\/da\/wp-json\/wp\/v2\/product_brand?post=201220"},{"taxonomy":"product_cat","embeddable":true,"href":"https:\/\/aromasentia.com\/da\/wp-json\/wp\/v2\/product_cat?post=201220"},{"taxonomy":"product_tag","embeddable":true,"href":"https:\/\/aromasentia.com\/da\/wp-json\/wp\/v2\/product_tag?post=201220"}],"curies":[{"name":"wp","href":"https:\/\/api.w.org\/{rel}","templated":true}]}}