{"id":201219,"date":"2025-03-20T15:14:41","date_gmt":"2025-03-20T15:14:41","guid":{"rendered":"https:\/\/aromasentia.com\/product\/citronella-50ml-essential-oil\/"},"modified":"2025-06-22T03:35:20","modified_gmt":"2025-06-22T03:35:20","slug":"citronella-aeterisk-olie-50ml","status":"publish","type":"product","link":"https:\/\/aromasentia.com\/da\/citronella-aeterisk-olie-50ml\/","title":{"rendered":"Citronella \u00c6terisk Olie 50ml"},"content":{"rendered":"<p><strong>Latinsk navn: Cymbopogon Nardus<br \/>Anvendt plantedel: T\u00f8rret gr\u00e6s<br \/>Kilde: Java<br \/>Ekstraktionsmetode: Dampdestillation<\/strong><\/p>\n<p>Citronellaolie dampdestilleres fra blade og stilke fra planten Cymbopogon, is\u00e6r Cymbopogon nardus. <strong>Citronella \u00e6terisk olie<\/strong> er ber\u00f8mt som et plantebaseret insektmiddel, et biopesticid med en giftfri virkningsmekanisme, og har v\u00e6ret registreret til denne anvendelse i USA siden 1948. De vigtigste lande, der producerer denne olie, er Indonesien og Kina, som tilsammen producerer omkring 40% af verdens \u00e6teriske citronellaolie.<\/p>\n<p>Udover at v\u00e6re nyttig som insektmiddel til huden, er denne olie god til overdreven sved, fedtet hud og h\u00e5r og fungerer som en deodorant. Den siges at lindre smerter for\u00e5rsaget af gigt og gigt og modst\u00e5 influenza, fork\u00f8lelse og mindre infektioner. Olien er god for ford\u00f8jelsessystemet til at helbrede tyktarmsbet\u00e6ndelse, tarminfektioner og slippe af med tarmparasitter. Den lindrer menstruationssmerter og -smerter og fremskynder hjerterytmen. Brugt i en vaporizer er den kendt for at fordrive tr\u00e6thed, hovedpine og neuralgi og skabe en stemning af munterhed og optimisme. Undg\u00e5 brug under graviditet og hos b\u00f8rn under 3 \u00e5r. M\u00e5 ikke indtages indvortes.<\/p>\n<p><\/p>\n","protected":false},"excerpt":{"rendered":"<p>Latinsk navn: Cymbopogon NardusAnvendt plantedel: T\u00f8rret gr\u00e6sKilde: JavaEkstraktionsmetode: Dampdestillation Citronellaolie dampdestilleres fra blade og stilke fra planten Cymbopogon, is\u00e6r Cymbopogon nardus. Citronella \u00e6terisk olie er ber\u00f8mt som et plantebaseret insektmiddel, et biopesticid med en giftfri virkningsmekanisme, og har v\u00e6ret registreret til denne anvendelse i USA siden 1948. De vigtigste lande, der producerer denne olie, er [&hellip;]<\/p>\n","protected":false},"featured_media":268213,"comment_status":"closed","ping_status":"open","template":"","meta":{"_angie_page":false},"product_brand":[27094],"product_cat":[7647,6153,25936,26816,25839],"product_tag":[],"class_list":{"0":"post-201219","1":"product","2":"type-product","3":"status-publish","4":"has-post-thumbnail","6":"product_brand-ancient-wisdom","7":"product_cat-aeteriske-olier","8":"product_cat-aromaterapi-og-rumdufte","9":"product_cat-citronella","10":"product_cat-citrus","11":"product_cat-dufte-aromaer","12":"pa_collection-50ml-essential-oil-da","13":"pa_made-in-vietnam","14":"pa_size-50ml","16":"first","17":"instock","18":"purchasable","19":"product-type-simple"},"supplier_id":null,"supplier_sku":"PrEO-20","barcode":null,"atum_controlled":true,"out_stock_date":null,"out_stock_threshold":null,"inheritable":false,"inbound_stock":null,"stock_on_hold":0,"sold_today":0,"sales_last_days":0,"reserved_stock":null,"customer_returns":null,"warehouse_damage":null,"lost_in_post":null,"other_logs":null,"out_stock_days":0,"lost_sales":0,"has_location":null,"update_date":"2026-05-08T05:16:51","atum_locations":[],"atum_stock_status":"instock","restock_status":false,"low_stock_amount":"","sales_update_date":"2026-01-20T05:14:08","calc_backorders":null,"_links":{"self":[{"href":"https:\/\/aromasentia.com\/da\/wp-json\/wp\/v2\/product\/201219","targetHints":{"allow":["GET"]}}],"collection":[{"href":"https:\/\/aromasentia.com\/da\/wp-json\/wp\/v2\/product"}],"about":[{"href":"https:\/\/aromasentia.com\/da\/wp-json\/wp\/v2\/types\/product"}],"replies":[{"embeddable":true,"href":"https:\/\/aromasentia.com\/da\/wp-json\/wp\/v2\/comments?post=201219"}],"version-history":[{"count":0,"href":"https:\/\/aromasentia.com\/da\/wp-json\/wp\/v2\/product\/201219\/revisions"}],"wp:featuredmedia":[{"embeddable":true,"href":"https:\/\/aromasentia.com\/da\/wp-json\/wp\/v2\/media\/268213"}],"wp:attachment":[{"href":"https:\/\/aromasentia.com\/da\/wp-json\/wp\/v2\/media?parent=201219"}],"wp:term":[{"taxonomy":"product_brand","embeddable":true,"href":"https:\/\/aromasentia.com\/da\/wp-json\/wp\/v2\/product_brand?post=201219"},{"taxonomy":"product_cat","embeddable":true,"href":"https:\/\/aromasentia.com\/da\/wp-json\/wp\/v2\/product_cat?post=201219"},{"taxonomy":"product_tag","embeddable":true,"href":"https:\/\/aromasentia.com\/da\/wp-json\/wp\/v2\/product_tag?post=201219"}],"curies":[{"name":"wp","href":"https:\/\/api.w.org\/{rel}","templated":true}]}}