{"id":201218,"date":"2025-03-20T15:14:41","date_gmt":"2025-03-20T15:14:41","guid":{"rendered":"https:\/\/aromasentia.com\/product\/chamomile-pure-50ml-essential-oil\/"},"modified":"2025-06-22T03:35:20","modified_gmt":"2025-06-22T03:35:20","slug":"kamille-ren-aeterisk-olie-50ml","status":"publish","type":"product","link":"https:\/\/aromasentia.com\/da\/kamille-ren-aeterisk-olie-50ml\/","title":{"rendered":"Kamille (Ren) \u00c6terisk Olie 50ml"},"content":{"rendered":"<p><strong>Latinsk navn: Anthemis Nobilis<br \/>Anvendt plantedel: Blomster<br \/>Kilde: England<br \/>Ekstraktionsmetode: Dampdestillation<\/strong><\/p>\n<p>Romersk kamille giver en \u00e6terisk olie, der er lysebl\u00e5, n\u00e5r den er frisk. Den kan udvindes fra blomsten og de \u00f8vre dele af planten. Den har fremragende beroligende egenskaber og siges at lette irritation, ut\u00e5lmodighed og hj\u00e6lpe med PMS og andre menstruations- og overgangsalderproblemer. Romersk kamille er en stedsegr\u00f8n plante med en frisk \u00e6bleduft og dyrkes hovedsageligt i Frankrig, Belgien og \u00d8steuropa.<\/p>\n<p>Denne urt er fremragende til hudproblemer som akne, eksem, udsl\u00e6t, s\u00e5r, dermatitis, t\u00f8r\/kl\u00f8ende hud og enhver allergi. Den siges at v\u00e6re god til mavesmerter, galdebl\u00e6reproblemer og halsinfektioner og hj\u00e6lper med at lindre allergier, h\u00f8feber og astma. Denne olie er nyttig i fortyndede opl\u00f8sninger til at berolige b\u00f8rn, der lider af kolik, irritabilitet, diarr\u00e9 og tandfrembrud. I en fordamper lindrer den hovedpine, nerv\u00f8se klager og migr\u00e6ne. Selvom denne olie er sk\u00e5nsom nok til brug med b\u00f8rn og babyer, b\u00f8r du altid konsultere en ekspert, f\u00f8r du bruger den.<\/p>\n<p>Kamilleolie blev brugt til at balsamere lig. Hippokrates, den store gr\u00e6ske l\u00e6ge, siges at have brugt kamille som et urtemiddel. I mytologien er kamille en af de ni hellige urter, som Wodan, underverdenens gud, gav til d\u00f8delige for at forbedre deres liv.<\/p>\n","protected":false},"excerpt":{"rendered":"<p>Latinsk navn: Anthemis NobilisAnvendt plantedel: BlomsterKilde: EnglandEkstraktionsmetode: Dampdestillation Romersk kamille giver en \u00e6terisk olie, der er lysebl\u00e5, n\u00e5r den er frisk. Den kan udvindes fra blomsten og de \u00f8vre dele af planten. Den har fremragende beroligende egenskaber og siges at lette irritation, ut\u00e5lmodighed og hj\u00e6lpe med PMS og andre menstruations- og overgangsalderproblemer. Romersk kamille er [&hellip;]<\/p>\n","protected":false},"featured_media":268204,"comment_status":"closed","ping_status":"open","template":"","meta":{"_angie_page":false},"product_brand":[27094],"product_cat":[7647,6153,26830,25839,25934],"product_tag":[],"class_list":{"0":"post-201218","1":"product","2":"type-product","3":"status-publish","4":"has-post-thumbnail","6":"product_brand-ancient-wisdom","7":"product_cat-aeteriske-olier","8":"product_cat-aromaterapi-og-rumdufte","9":"product_cat-blomster","10":"product_cat-dufte-aromaer","11":"product_cat-romersk-kamille","12":"pa_collection-50ml-essential-oil-da","13":"pa_made-in-chile","14":"pa_size-50ml","16":"first","17":"instock","18":"purchasable","19":"product-type-simple"},"supplier_id":null,"supplier_sku":"PrEO-19","barcode":null,"atum_controlled":true,"out_stock_date":null,"out_stock_threshold":null,"inheritable":false,"inbound_stock":null,"stock_on_hold":0,"sold_today":0,"sales_last_days":0,"reserved_stock":null,"customer_returns":null,"warehouse_damage":null,"lost_in_post":null,"other_logs":null,"out_stock_days":0,"lost_sales":0,"has_location":null,"update_date":"2026-04-27T07:18:20","atum_locations":[],"atum_stock_status":"instock","restock_status":false,"low_stock_amount":"","sales_update_date":"2026-01-30T01:26:05","calc_backorders":null,"_links":{"self":[{"href":"https:\/\/aromasentia.com\/da\/wp-json\/wp\/v2\/product\/201218","targetHints":{"allow":["GET"]}}],"collection":[{"href":"https:\/\/aromasentia.com\/da\/wp-json\/wp\/v2\/product"}],"about":[{"href":"https:\/\/aromasentia.com\/da\/wp-json\/wp\/v2\/types\/product"}],"replies":[{"embeddable":true,"href":"https:\/\/aromasentia.com\/da\/wp-json\/wp\/v2\/comments?post=201218"}],"version-history":[{"count":0,"href":"https:\/\/aromasentia.com\/da\/wp-json\/wp\/v2\/product\/201218\/revisions"}],"wp:featuredmedia":[{"embeddable":true,"href":"https:\/\/aromasentia.com\/da\/wp-json\/wp\/v2\/media\/268204"}],"wp:attachment":[{"href":"https:\/\/aromasentia.com\/da\/wp-json\/wp\/v2\/media?parent=201218"}],"wp:term":[{"taxonomy":"product_brand","embeddable":true,"href":"https:\/\/aromasentia.com\/da\/wp-json\/wp\/v2\/product_brand?post=201218"},{"taxonomy":"product_cat","embeddable":true,"href":"https:\/\/aromasentia.com\/da\/wp-json\/wp\/v2\/product_cat?post=201218"},{"taxonomy":"product_tag","embeddable":true,"href":"https:\/\/aromasentia.com\/da\/wp-json\/wp\/v2\/product_tag?post=201218"}],"curies":[{"name":"wp","href":"https:\/\/api.w.org\/{rel}","templated":true}]}}