{"id":201216,"date":"2025-03-20T15:14:41","date_gmt":"2025-03-20T15:14:41","guid":{"rendered":"https:\/\/aromasentia.com\/product\/frankincense-dilute-50ml-essential-oil\/"},"modified":"2025-06-22T03:35:19","modified_gmt":"2025-06-22T03:35:19","slug":"roegelse-fortyndet-aeterisk-olie-50ml","status":"publish","type":"product","link":"https:\/\/aromasentia.com\/da\/roegelse-fortyndet-aeterisk-olie-50ml\/","title":{"rendered":"R\u00f8gelse (Fortyndet) \u00c6terisk Olie 50ml"},"content":{"rendered":"<p><strong>Latinsk navn: Boswellia Carterii<br \/>Anvendt plantedel: Harpiks<br \/>Kilde: Somalia<br \/>Ekstraktionsmetode: Dampdestillation<\/strong><\/p>\n<p><strong>5% fortynding i vindruekerneolie<\/strong><\/p>\n<p><strong>\u00c6terisk r\u00f8gelsesolie<\/strong> er dampdestilleret fra harpiksen fra Boswellia carterii-tr\u00e6et, der tilh\u00f8rer Burseraceae-familien, og er ogs\u00e5 kendt som Olibanum. Ordet stammer fra det franske franc, der betyder frodig, og var sammen med myrra den f\u00f8rste gummi, der blev brugt som r\u00f8gelse. Tr\u00e6et er oprindeligt fra Mellem\u00f8sten og siges at eksistere i naturlig bonsai-formation i dette t\u00f8rre land. R\u00f8gelse siges at symbolisere guddommelighed.<\/p>\n<p>Denne olie er den mest popul\u00e6re inden for aromaterapi p\u00e5 grund af dens beroligende egenskaber. Den siges at hj\u00e6lpe med at hele s\u00e5r og forebygge ar. Den bruges til at tone ansigtet, fjerne rynker og undg\u00e5 str\u00e6km\u00e6rker i kosmetiske produkter. \u00c6terisk olie af r\u00f8gelse er blevet brugt til at lindre angst, stress, astma, bronkitis, laryngitis og slem hoste. Det er en generel styrkende effekt p\u00e5 livmoderen, har en beroligende effekt under f\u00f8dslen og hj\u00e6lper med at lette kraftig menstruation. Det er mest nyttigt under meditation. Undg\u00e5 under graviditet.<\/p>\n<p>De gamle egyptere br\u00e6ndte r\u00f8gelse som hellig r\u00f8gelse og brugte det som en ansigtsmaske. De malede den br\u00e6ndte harpiks til et pulver kaldet kohl, der blev brugt til at fremh\u00e6ve \u00f8jnene. Kohl-forede \u00f8jne ses almindeligvis i egyptisk kunst. Den tidligste registrering af brugen af r\u00f8gelse blev fundet i en gravindskrift tilh\u00f8rende den egyptiske dronning Hatshepsut fra det 15. \u00e5rhundrede f.Kr. Det blev brugt til at desinfektion af syge og forvise onde \u00e5nder.<\/p>\n","protected":false},"excerpt":{"rendered":"<p>Latinsk navn: Boswellia CarteriiAnvendt plantedel: HarpiksKilde: SomaliaEkstraktionsmetode: Dampdestillation 5% fortynding i vindruekerneolie \u00c6terisk r\u00f8gelsesolie er dampdestilleret fra harpiksen fra Boswellia carterii-tr\u00e6et, der tilh\u00f8rer Burseraceae-familien, og er ogs\u00e5 kendt som Olibanum. Ordet stammer fra det franske franc, der betyder frodig, og var sammen med myrra den f\u00f8rste gummi, der blev brugt som r\u00f8gelse. Tr\u00e6et er oprindeligt [&hellip;]<\/p>\n","protected":false},"featured_media":268186,"comment_status":"closed","ping_status":"open","template":"","meta":{"_angie_page":false},"product_brand":[27094],"product_cat":[7647,6153,25839,26879,25947],"product_tag":[],"class_list":{"0":"post-201216","1":"product","2":"type-product","3":"status-publish","4":"has-post-thumbnail","6":"product_brand-ancient-wisdom","7":"product_cat-aeteriske-olier","8":"product_cat-aromaterapi-og-rumdufte","9":"product_cat-dufte-aromaer","10":"product_cat-harpiksagtig-balsamisk","11":"product_cat-rogelse","12":"pa_collection-50ml-essential-oil-da","13":"pa_made-in-somalia","14":"pa_size-50ml","16":"first","17":"instock","18":"purchasable","19":"product-type-simple"},"supplier_id":null,"supplier_sku":"PrEO-17","barcode":null,"atum_controlled":true,"out_stock_date":null,"out_stock_threshold":null,"inheritable":false,"inbound_stock":null,"stock_on_hold":0,"sold_today":0,"sales_last_days":0,"reserved_stock":null,"customer_returns":null,"warehouse_damage":null,"lost_in_post":null,"other_logs":null,"out_stock_days":0,"lost_sales":0,"has_location":null,"update_date":"2026-04-27T07:18:20","atum_locations":[],"atum_stock_status":"instock","restock_status":false,"low_stock_amount":"","sales_update_date":"2025-09-05T00:18:02","calc_backorders":null,"_links":{"self":[{"href":"https:\/\/aromasentia.com\/da\/wp-json\/wp\/v2\/product\/201216","targetHints":{"allow":["GET"]}}],"collection":[{"href":"https:\/\/aromasentia.com\/da\/wp-json\/wp\/v2\/product"}],"about":[{"href":"https:\/\/aromasentia.com\/da\/wp-json\/wp\/v2\/types\/product"}],"replies":[{"embeddable":true,"href":"https:\/\/aromasentia.com\/da\/wp-json\/wp\/v2\/comments?post=201216"}],"version-history":[{"count":0,"href":"https:\/\/aromasentia.com\/da\/wp-json\/wp\/v2\/product\/201216\/revisions"}],"wp:featuredmedia":[{"embeddable":true,"href":"https:\/\/aromasentia.com\/da\/wp-json\/wp\/v2\/media\/268186"}],"wp:attachment":[{"href":"https:\/\/aromasentia.com\/da\/wp-json\/wp\/v2\/media?parent=201216"}],"wp:term":[{"taxonomy":"product_brand","embeddable":true,"href":"https:\/\/aromasentia.com\/da\/wp-json\/wp\/v2\/product_brand?post=201216"},{"taxonomy":"product_cat","embeddable":true,"href":"https:\/\/aromasentia.com\/da\/wp-json\/wp\/v2\/product_cat?post=201216"},{"taxonomy":"product_tag","embeddable":true,"href":"https:\/\/aromasentia.com\/da\/wp-json\/wp\/v2\/product_tag?post=201216"}],"curies":[{"name":"wp","href":"https:\/\/api.w.org\/{rel}","templated":true}]}}