{"id":201214,"date":"2025-03-20T15:14:41","date_gmt":"2025-03-20T15:14:41","guid":{"rendered":"https:\/\/aromasentia.com\/product\/blackpepper-50ml-essential-oil\/"},"modified":"2025-06-22T03:35:18","modified_gmt":"2025-06-22T03:35:18","slug":"sort-peber-aeterisk-olie-50ml","status":"publish","type":"product","link":"https:\/\/aromasentia.com\/da\/sort-peber-aeterisk-olie-50ml\/","title":{"rendered":"Sort Peber \u00c6terisk Olie 50ml"},"content":{"rendered":"<p><strong>Latinsk navn: Piper Nigrum<br \/>Anvendt plantedel: Peberkorn<br \/>Kilde: Indien<br \/>Ekstraktionsmetode: Dampdestillation<\/strong><\/p>\n<p><strong>Sort peber \u00e6terisk olie<\/strong>er en multifunktionel olie, der har en r\u00e6kke anvendelser og fordele. Denne \u00e6teriske olie har et h\u00f8jt indhold af monoterpener og sesquiterpener, som er naturlige kemikalier kendt for deres antioxidantaktivitet og deres evne til at underst\u00f8tte immunsystemet, n\u00e5r der er mest brug for det. En af sort peber \u00e6terisk olies unikke egenskaber er dens evne til at give varme fornemmelser, n\u00e5r den p\u00e5f\u00f8res topisk. Denne faktor g\u00f8r den til en perfekt olie at bruge i en afslappende massageblanding.<\/p>\n<p>Har du brug for en god m\u00e5de at berolige u\u00f8nskede nerver p\u00e5? Sort peber \u00e6terisk olie er en fantastisk m\u00e5de at lindre angstf\u00f8lelser p\u00e5. N\u00e5r den bruges aromatisk, kan sort peber \u00e6terisk olie hj\u00e6lpe med at berolige stramme f\u00f8lelser.<\/p>\n","protected":false},"excerpt":{"rendered":"<p>Latinsk navn: Piper NigrumAnvendt plantedel: PeberkornKilde: IndienEkstraktionsmetode: Dampdestillation Sort peber \u00e6terisk olieer en multifunktionel olie, der har en r\u00e6kke anvendelser og fordele. Denne \u00e6teriske olie har et h\u00f8jt indhold af monoterpener og sesquiterpener, som er naturlige kemikalier kendt for deres antioxidantaktivitet og deres evne til at underst\u00f8tte immunsystemet, n\u00e5r der er mest brug for det. [&hellip;]<\/p>\n","protected":false},"featured_media":268168,"comment_status":"closed","ping_status":"open","template":"","meta":{"_angie_page":false},"product_brand":[27094],"product_cat":[7647,6153,25839,26886,25929],"product_tag":[],"class_list":{"0":"post-201214","1":"product","2":"type-product","3":"status-publish","4":"has-post-thumbnail","6":"product_brand-ancient-wisdom","7":"product_cat-aeteriske-olier","8":"product_cat-aromaterapi-og-rumdufte","9":"product_cat-dufte-aromaer","10":"product_cat-krydret","11":"product_cat-sort-peber","12":"pa_collection-50ml-essential-oil-da","13":"pa_made-in-indien","14":"pa_size-50ml","16":"first","17":"instock","18":"purchasable","19":"product-type-simple"},"supplier_id":null,"supplier_sku":"PrEO-15","barcode":null,"atum_controlled":true,"out_stock_date":null,"out_stock_threshold":null,"inheritable":false,"inbound_stock":null,"stock_on_hold":0,"sold_today":0,"sales_last_days":0,"reserved_stock":null,"customer_returns":null,"warehouse_damage":null,"lost_in_post":null,"other_logs":null,"out_stock_days":0,"lost_sales":0,"has_location":null,"update_date":"2026-04-29T01:07:01","atum_locations":[],"atum_stock_status":"instock","restock_status":false,"low_stock_amount":"","sales_update_date":"2025-09-05T00:18:00","calc_backorders":null,"_links":{"self":[{"href":"https:\/\/aromasentia.com\/da\/wp-json\/wp\/v2\/product\/201214","targetHints":{"allow":["GET"]}}],"collection":[{"href":"https:\/\/aromasentia.com\/da\/wp-json\/wp\/v2\/product"}],"about":[{"href":"https:\/\/aromasentia.com\/da\/wp-json\/wp\/v2\/types\/product"}],"replies":[{"embeddable":true,"href":"https:\/\/aromasentia.com\/da\/wp-json\/wp\/v2\/comments?post=201214"}],"version-history":[{"count":0,"href":"https:\/\/aromasentia.com\/da\/wp-json\/wp\/v2\/product\/201214\/revisions"}],"wp:featuredmedia":[{"embeddable":true,"href":"https:\/\/aromasentia.com\/da\/wp-json\/wp\/v2\/media\/268168"}],"wp:attachment":[{"href":"https:\/\/aromasentia.com\/da\/wp-json\/wp\/v2\/media?parent=201214"}],"wp:term":[{"taxonomy":"product_brand","embeddable":true,"href":"https:\/\/aromasentia.com\/da\/wp-json\/wp\/v2\/product_brand?post=201214"},{"taxonomy":"product_cat","embeddable":true,"href":"https:\/\/aromasentia.com\/da\/wp-json\/wp\/v2\/product_cat?post=201214"},{"taxonomy":"product_tag","embeddable":true,"href":"https:\/\/aromasentia.com\/da\/wp-json\/wp\/v2\/product_tag?post=201214"}],"curies":[{"name":"wp","href":"https:\/\/api.w.org\/{rel}","templated":true}]}}