{"id":201211,"date":"2025-03-20T15:15:03","date_gmt":"2025-03-20T15:15:03","guid":{"rendered":"https:\/\/aromasentia.com\/product\/myrrh-50ml-essential-oil\/"},"modified":"2025-06-22T03:35:17","modified_gmt":"2025-06-22T03:35:17","slug":"myrra-aeterisk-olie-50ml","status":"publish","type":"product","link":"https:\/\/aromasentia.com\/da\/myrra-aeterisk-olie-50ml\/","title":{"rendered":"myrra \u00c6terisk Olie 50ml"},"content":{"rendered":"<p><strong>Latinsk navn: Commiphora Myrrha<br \/>Anvendt plantedel: Harpiks<br \/>Kilde: Somalia<br \/>Ekstraktionsmetode: Dampdestillation<\/strong><\/p>\n<p>Myrra har v\u00e6ret brugt siden oldtiden som parfume og r\u00f8gelse til medicinske og hellige form\u00e5l. <strong>Myrra \u00e6terisk olie<\/strong> er en fast bestanddel af aromaterapi og menes at lindre hoste og fork\u00f8lelse, lindre ford\u00f8jelsesbesv\u00e6r og styrke immuniteten.<\/p>\n<p>N\u00e5r myrra bruges i aromaterapi, siges den at hj\u00e6lpe med at behandle eller forebygge f\u00f8lgende helbredsproblemer som fork\u00f8lelse, hoste, s\u00f8vnl\u00f8shed eller ondt i halsen.<\/p>\n<p>Derudover siges myrra \u00e6terisk olie at reducere inflammation, stimulere immunsystemet, lindre smerter og fremme s\u00e5rheling.<\/p>\n<p>Nogle gange brugt som ingrediens i hudplejeprodukter, siges myrra \u00e6terisk olie ogs\u00e5 at reducere forekomsten af rynker.<\/p>\n","protected":false},"excerpt":{"rendered":"<p>Latinsk navn: Commiphora MyrrhaAnvendt plantedel: HarpiksKilde: SomaliaEkstraktionsmetode: Dampdestillation Myrra har v\u00e6ret brugt siden oldtiden som parfume og r\u00f8gelse til medicinske og hellige form\u00e5l. Myrra \u00e6terisk olie er en fast bestanddel af aromaterapi og menes at lindre hoste og fork\u00f8lelse, lindre ford\u00f8jelsesbesv\u00e6r og styrke immuniteten. N\u00e5r myrra bruges i aromaterapi, siges den at hj\u00e6lpe med at [&hellip;]<\/p>\n","protected":false},"featured_media":268375,"comment_status":"closed","ping_status":"open","template":"","meta":{"_angie_page":false},"product_brand":[27094],"product_cat":[7647,6153,25839,26879,25968],"product_tag":[],"class_list":{"0":"post-201211","1":"product","2":"type-product","3":"status-publish","4":"has-post-thumbnail","6":"product_brand-ancient-wisdom","7":"product_cat-aeteriske-olier","8":"product_cat-aromaterapi-og-rumdufte","9":"product_cat-dufte-aromaer","10":"product_cat-harpiksagtig-balsamisk","11":"product_cat-myrrh","12":"pa_collection-50ml-essential-oil-da","13":"pa_made-in-somalia","14":"pa_size-50ml","16":"first","17":"instock","18":"purchasable","19":"product-type-simple"},"supplier_id":null,"supplier_sku":"PrEO-40","barcode":null,"atum_controlled":true,"out_stock_date":null,"out_stock_threshold":null,"inheritable":false,"inbound_stock":0,"stock_on_hold":0,"sold_today":0,"sales_last_days":0,"reserved_stock":0,"customer_returns":0,"warehouse_damage":0,"lost_in_post":0,"other_logs":0,"out_stock_days":0,"lost_sales":0,"has_location":false,"update_date":"2026-04-27T07:18:25","atum_locations":[],"atum_stock_status":"instock","restock_status":false,"low_stock_amount":"","sales_update_date":"2026-01-30T01:24:54","calc_backorders":null,"_links":{"self":[{"href":"https:\/\/aromasentia.com\/da\/wp-json\/wp\/v2\/product\/201211","targetHints":{"allow":["GET"]}}],"collection":[{"href":"https:\/\/aromasentia.com\/da\/wp-json\/wp\/v2\/product"}],"about":[{"href":"https:\/\/aromasentia.com\/da\/wp-json\/wp\/v2\/types\/product"}],"replies":[{"embeddable":true,"href":"https:\/\/aromasentia.com\/da\/wp-json\/wp\/v2\/comments?post=201211"}],"version-history":[{"count":0,"href":"https:\/\/aromasentia.com\/da\/wp-json\/wp\/v2\/product\/201211\/revisions"}],"wp:featuredmedia":[{"embeddable":true,"href":"https:\/\/aromasentia.com\/da\/wp-json\/wp\/v2\/media\/268375"}],"wp:attachment":[{"href":"https:\/\/aromasentia.com\/da\/wp-json\/wp\/v2\/media?parent=201211"}],"wp:term":[{"taxonomy":"product_brand","embeddable":true,"href":"https:\/\/aromasentia.com\/da\/wp-json\/wp\/v2\/product_brand?post=201211"},{"taxonomy":"product_cat","embeddable":true,"href":"https:\/\/aromasentia.com\/da\/wp-json\/wp\/v2\/product_cat?post=201211"},{"taxonomy":"product_tag","embeddable":true,"href":"https:\/\/aromasentia.com\/da\/wp-json\/wp\/v2\/product_tag?post=201211"}],"curies":[{"name":"wp","href":"https:\/\/api.w.org\/{rel}","templated":true}]}}