{"id":201207,"date":"2025-03-20T15:15:03","date_gmt":"2025-03-20T15:15:03","guid":{"rendered":"https:\/\/aromasentia.com\/product\/orange-50ml-essential-oil\/"},"modified":"2025-06-22T03:35:15","modified_gmt":"2025-06-22T03:35:15","slug":"orange-aeterisk-olie-50ml","status":"publish","type":"product","link":"https:\/\/aromasentia.com\/da\/orange-aeterisk-olie-50ml\/","title":{"rendered":"Orange \u00c6terisk Olie 50ml"},"content":{"rendered":"<p><strong>Latinsk navn: Citrus Sinensis<br \/>Anvendt plantedel: Frugtskal<br \/>Kilde: Brasilien<br \/>Ekstraktionsmetode: Kold ekspression<\/strong><\/p>\n<p>Appelsinolies evne til naturligt at forbedre immuniteten og reducere adskillige symptomer p\u00e5 adskillige lidelser har givet den traditionelle medicinske anvendelser til behandling af akne, kronisk stress og andre helbredsproblemer.<\/p>\n<p>Appelsin \u00e6terisk olies behagelige duft har en munter og opl\u00f8ftende, men samtidig afslappende og beroligende effekt, der hj\u00e6lper med at reducere pulsen. Den kan ikke kun skabe et varmt milj\u00f8, men kan ogs\u00e5 stimulere immunsystemets styrke og modstandsdygtighed og eliminere luftb\u00e5rne bakterier.<\/p>\n<p>Anvendt i en massage er <strong>Appelsin \u00e6terisk olie<\/strong> kendt for at \u00f8ge blodgennemstr\u00f8mningen. Dette er kendt for at lindre ubehag forbundet med inflammation, hovedpine, menstruation og lav libido.<\/p>\n<p>Appelsin \u00e6terisk olie reducerer tilf\u00e6lde af smertefulde og refleksive muskelsammentr\u00e6kninger. Det bruges traditionelt i massagebehandlinger til at lindre stress, mavesmerter, diarr\u00e9, forstoppelse, ford\u00f8jelsesbesv\u00e6r eller d\u00e5rlig ford\u00f8jelse samt tilstoppet n\u00e6se.<\/p>\n","protected":false},"excerpt":{"rendered":"<p>Latinsk navn: Citrus SinensisAnvendt plantedel: FrugtskalKilde: BrasilienEkstraktionsmetode: Kold ekspression Appelsinolies evne til naturligt at forbedre immuniteten og reducere adskillige symptomer p\u00e5 adskillige lidelser har givet den traditionelle medicinske anvendelser til behandling af akne, kronisk stress og andre helbredsproblemer. Appelsin \u00e6terisk olies behagelige duft har en munter og opl\u00f8ftende, men samtidig afslappende og beroligende effekt, der [&hellip;]<\/p>\n","protected":false},"featured_media":268339,"comment_status":"closed","ping_status":"open","template":"","meta":{"_angie_page":false},"product_brand":[27094],"product_cat":[7647,25972,6153,26816,25839],"product_tag":[],"class_list":{"0":"post-201207","1":"product","2":"type-product","3":"status-publish","4":"has-post-thumbnail","6":"product_brand-ancient-wisdom","7":"product_cat-aeteriske-olier","8":"product_cat-appelsin","9":"product_cat-aromaterapi-og-rumdufte","10":"product_cat-citrus","11":"product_cat-dufte-aromaer","12":"pa_collection-50ml-essential-oil-da","13":"pa_made-in-brasilien","14":"pa_size-50ml","16":"first","17":"instock","18":"purchasable","19":"product-type-simple"},"supplier_id":null,"supplier_sku":"PrEO-35","barcode":null,"atum_controlled":true,"out_stock_date":null,"out_stock_threshold":null,"inheritable":false,"inbound_stock":null,"stock_on_hold":0,"sold_today":0,"sales_last_days":0,"reserved_stock":null,"customer_returns":null,"warehouse_damage":null,"lost_in_post":null,"other_logs":null,"out_stock_days":0,"lost_sales":0,"has_location":null,"update_date":"2026-04-27T07:18:25","atum_locations":[],"atum_stock_status":"instock","restock_status":false,"low_stock_amount":"","sales_update_date":"2026-01-30T01:26:15","calc_backorders":null,"_links":{"self":[{"href":"https:\/\/aromasentia.com\/da\/wp-json\/wp\/v2\/product\/201207","targetHints":{"allow":["GET"]}}],"collection":[{"href":"https:\/\/aromasentia.com\/da\/wp-json\/wp\/v2\/product"}],"about":[{"href":"https:\/\/aromasentia.com\/da\/wp-json\/wp\/v2\/types\/product"}],"replies":[{"embeddable":true,"href":"https:\/\/aromasentia.com\/da\/wp-json\/wp\/v2\/comments?post=201207"}],"version-history":[{"count":0,"href":"https:\/\/aromasentia.com\/da\/wp-json\/wp\/v2\/product\/201207\/revisions"}],"wp:featuredmedia":[{"embeddable":true,"href":"https:\/\/aromasentia.com\/da\/wp-json\/wp\/v2\/media\/268339"}],"wp:attachment":[{"href":"https:\/\/aromasentia.com\/da\/wp-json\/wp\/v2\/media?parent=201207"}],"wp:term":[{"taxonomy":"product_brand","embeddable":true,"href":"https:\/\/aromasentia.com\/da\/wp-json\/wp\/v2\/product_brand?post=201207"},{"taxonomy":"product_cat","embeddable":true,"href":"https:\/\/aromasentia.com\/da\/wp-json\/wp\/v2\/product_cat?post=201207"},{"taxonomy":"product_tag","embeddable":true,"href":"https:\/\/aromasentia.com\/da\/wp-json\/wp\/v2\/product_tag?post=201207"}],"curies":[{"name":"wp","href":"https:\/\/api.w.org\/{rel}","templated":true}]}}