{"id":201205,"date":"2025-03-20T15:15:03","date_gmt":"2025-03-20T15:15:03","guid":{"rendered":"https:\/\/aromasentia.com\/product\/neroli-dilute-50ml-essential-oil\/"},"modified":"2025-06-22T03:35:15","modified_gmt":"2025-06-22T03:35:15","slug":"neroli-fortyndet-aeterisk-olie-50ml","status":"publish","type":"product","link":"https:\/\/aromasentia.com\/da\/neroli-fortyndet-aeterisk-olie-50ml\/","title":{"rendered":"Neroli Fortyndet \u00c6terisk Olie 50ml"},"content":{"rendered":"<p><strong>Latinsk navn: Citrus Aurantium<br \/>Anvendt plantedel: Blomst<br \/>Kilde: Tunesien<br \/>Ekstraktionsmetode: Dampdestillation<\/strong><\/p>\n<p><strong>5% fortynding i vindruekerneolie<\/strong><\/p>\n<p>Neroliolie produceres af blomsterne fra bitterappelsintr\u00e6et (Citrus aurantium var. amara), ogs\u00e5 kendt som Neroli bigarade, og dufter ligesom bergamot. Blomsterne samles i h\u00e5nden, og olien produceres ved vanddestillation, da blomsterne er for skr\u00f8belige til dampdestillation. Dette er en af de mest popul\u00e6re \u00e6teriske olier p\u00e5 grund af dens vidunderlige duft s\u00e5vel som dens terapeutiske egenskaber.<\/p>\n<p><strong>Neroli \u00e6terisk olie<\/strong>er meget beroligende og siges at lindre kronisk angst, depression, frygt, chok og stress. Det menes ogs\u00e5 at berolige tarmspasmer, colitis og diarr\u00e9. P\u00e5 grund af dens beroligende egenskaber er den god til s\u00f8vnl\u00f8shed, personer med hjertebanken, neuralgi og svimmelhed. Det er godt at varme lidt af olien op i en oliebr\u00e6nder p\u00e5 et rekonvalescentv\u00e6relse. P\u00e5 huden siges neroliolie at hj\u00e6lpe med at regenerere hudceller og v\u00e6re nyttig til at forhindre grimt arv\u00e6v, fremme glattere hud, bek\u00e6mpe str\u00e6km\u00e6rker og brudte blodkar.<\/p>\n<p>Neroliolie menes at have v\u00e6ret brugt af romerne. I 1680 brugte Anna Maria Orsini, prinsesse af Nerola, essensen af det bittere appelsintr\u00e6 til at parfume sine handsker og sit bad og skabte derved en moderigtig ny duft. Fra dette tidspunkt blev den \u00e6teriske olie kendt som Neroli efter hende. Olien er dyr at producere, og der tages stor omhu, da blomsterne skal plukkes, lige n\u00e5r de blomstrer.<\/p>\n","protected":false},"excerpt":{"rendered":"<p>Latinsk navn: Citrus AurantiumAnvendt plantedel: BlomstKilde: TunesienEkstraktionsmetode: Dampdestillation 5% fortynding i vindruekerneolie Neroliolie produceres af blomsterne fra bitterappelsintr\u00e6et (Citrus aurantium var. amara), ogs\u00e5 kendt som Neroli bigarade, og dufter ligesom bergamot. Blomsterne samles i h\u00e5nden, og olien produceres ved vanddestillation, da blomsterne er for skr\u00f8belige til dampdestillation. Dette er en af de mest popul\u00e6re \u00e6teriske [&hellip;]<\/p>\n","protected":false},"featured_media":268321,"comment_status":"closed","ping_status":"open","template":"","meta":{"_angie_page":false},"product_brand":[27094],"product_cat":[7647,6153,26830,25839,25969],"product_tag":[],"class_list":{"0":"post-201205","1":"product","2":"type-product","3":"status-publish","4":"has-post-thumbnail","6":"product_brand-ancient-wisdom","7":"product_cat-aeteriske-olier","8":"product_cat-aromaterapi-og-rumdufte","9":"product_cat-blomster","10":"product_cat-dufte-aromaer","11":"product_cat-neroli","12":"pa_collection-50ml-essential-oil-da","13":"pa_made-in-tunesien","14":"pa_size-50ml","16":"first","17":"instock","18":"purchasable","19":"product-type-simple"},"supplier_id":null,"supplier_sku":"PrEO-32","barcode":null,"atum_controlled":true,"out_stock_date":null,"out_stock_threshold":null,"inheritable":false,"inbound_stock":null,"stock_on_hold":0,"sold_today":0,"sales_last_days":0,"reserved_stock":null,"customer_returns":null,"warehouse_damage":null,"lost_in_post":null,"other_logs":null,"out_stock_days":0,"lost_sales":0,"has_location":null,"update_date":"2026-04-27T07:18:25","atum_locations":[],"atum_stock_status":"instock","restock_status":false,"low_stock_amount":"","sales_update_date":"2026-02-06T00:02:21","calc_backorders":null,"_links":{"self":[{"href":"https:\/\/aromasentia.com\/da\/wp-json\/wp\/v2\/product\/201205","targetHints":{"allow":["GET"]}}],"collection":[{"href":"https:\/\/aromasentia.com\/da\/wp-json\/wp\/v2\/product"}],"about":[{"href":"https:\/\/aromasentia.com\/da\/wp-json\/wp\/v2\/types\/product"}],"replies":[{"embeddable":true,"href":"https:\/\/aromasentia.com\/da\/wp-json\/wp\/v2\/comments?post=201205"}],"version-history":[{"count":0,"href":"https:\/\/aromasentia.com\/da\/wp-json\/wp\/v2\/product\/201205\/revisions"}],"wp:featuredmedia":[{"embeddable":true,"href":"https:\/\/aromasentia.com\/da\/wp-json\/wp\/v2\/media\/268321"}],"wp:attachment":[{"href":"https:\/\/aromasentia.com\/da\/wp-json\/wp\/v2\/media?parent=201205"}],"wp:term":[{"taxonomy":"product_brand","embeddable":true,"href":"https:\/\/aromasentia.com\/da\/wp-json\/wp\/v2\/product_brand?post=201205"},{"taxonomy":"product_cat","embeddable":true,"href":"https:\/\/aromasentia.com\/da\/wp-json\/wp\/v2\/product_cat?post=201205"},{"taxonomy":"product_tag","embeddable":true,"href":"https:\/\/aromasentia.com\/da\/wp-json\/wp\/v2\/product_tag?post=201205"}],"curies":[{"name":"wp","href":"https:\/\/api.w.org\/{rel}","templated":true}]}}