{"id":201204,"date":"2025-03-20T15:15:03","date_gmt":"2025-03-20T15:15:03","guid":{"rendered":"https:\/\/aromasentia.com\/product\/marjoram-50ml-essential-oil\/"},"modified":"2025-06-22T03:35:14","modified_gmt":"2025-06-22T03:35:14","slug":"merian-aeterisk-olie-50ml","status":"publish","type":"product","link":"https:\/\/aromasentia.com\/da\/merian-aeterisk-olie-50ml\/","title":{"rendered":"merian \u00c6terisk Olie 50ml"},"content":{"rendered":"<p><strong>Latinsk navn: Thymus Mastichina<br \/>Anvendt plantedel: Blade og blomstrende toppe<br \/>Kilde: Spanien<br \/>Ekstraktionsmetode: Dampdestillation<\/strong><\/p>\n<p><strong>\u00c6terisk merianolie<\/strong> er dampdestilleret fra Thymus mastichina-planten, som har en h\u00e5ret stilk, ovale blade og sm\u00e5 hvidlige blomster i klaser. Hele planten udstr\u00e5ler en st\u00e6rk aroma. Denne plante er faktisk vildtvoksende timian, men er kendt som spansk vild merian. Den tilh\u00f8rer lamiaceae-familien i Spanien og er ikke det samme som s\u00f8d eller fransk merian; det er heller ikke oregano, som ogs\u00e5 kaldes vild merian.<\/p>\n<p>Denne olie siges at v\u00e6re mere effektiv end s\u00f8d merian, n\u00e5r den bruges som et sliml\u00f8sende middel mod luftvejsinfektioner og spasmer, da den har antiseptiske egenskaber for de \u00f8vre luftveje, men ikke er et muskelafslappende middel eller et beroligende middel, som s\u00f8d merian er. Spansk merianolie bruges almindeligvis i aromaterapi og blandes godt med lavendel- og bergamotolie for at skabe et afslappende milj\u00f8. N\u00e5r denne urt bruges i en oliebr\u00e6nder eller i en massageolie, siges den at berolige nerverne og bek\u00e6mpe ensomhed og afvisning. Den hj\u00e6lper ogs\u00e5 ford\u00f8jelsen.<\/p>\n<p>Gamle gr\u00e6kere og romere kronede brudepar med kranse af merian for at symbolisere k\u00e6rlighed, \u00e6re og lykke. Meriante med honning blev brugt af sangere til at bevare deres stemmer.<\/p>\n","protected":false},"excerpt":{"rendered":"<p>Latinsk navn: Thymus MastichinaAnvendt plantedel: Blade og blomstrende toppeKilde: SpanienEkstraktionsmetode: Dampdestillation \u00c6terisk merianolie er dampdestilleret fra Thymus mastichina-planten, som har en h\u00e5ret stilk, ovale blade og sm\u00e5 hvidlige blomster i klaser. Hele planten udstr\u00e5ler en st\u00e6rk aroma. Denne plante er faktisk vildtvoksende timian, men er kendt som spansk vild merian. Den tilh\u00f8rer lamiaceae-familien i Spanien [&hellip;]<\/p>\n","protected":false},"featured_media":268312,"comment_status":"closed","ping_status":"open","template":"","meta":[],"product_brand":[27094],"product_cat":[7647,6153,25839,25964,26858],"product_tag":[],"class_list":{"0":"post-201204","1":"product","2":"type-product","3":"status-publish","4":"has-post-thumbnail","6":"product_brand-ancient-wisdom","7":"product_cat-aeteriske-olier","8":"product_cat-aromaterapi-og-rumdufte","9":"product_cat-dufte-aromaer","10":"product_cat-spansk-merian","11":"product_cat-urte-aromatisk","12":"pa_collection-50ml-essential-oil-da","13":"pa_made-in-spanien","14":"pa_size-50ml","16":"first","17":"instock","18":"purchasable","19":"product-type-simple"},"supplier_id":null,"supplier_sku":"PrEO-31","barcode":null,"atum_controlled":true,"out_stock_date":null,"out_stock_threshold":null,"inheritable":false,"inbound_stock":0,"stock_on_hold":0,"sold_today":0,"sales_last_days":0,"reserved_stock":0,"customer_returns":0,"warehouse_damage":0,"lost_in_post":0,"other_logs":0,"out_stock_days":0,"lost_sales":0,"has_location":false,"update_date":"2026-02-04T09:17:53","atum_locations":[],"atum_stock_status":"instock","restock_status":false,"low_stock_amount":"","sales_update_date":"2026-01-20T05:13:35","calc_backorders":null,"_links":{"self":[{"href":"https:\/\/aromasentia.com\/da\/wp-json\/wp\/v2\/product\/201204","targetHints":{"allow":["GET"]}}],"collection":[{"href":"https:\/\/aromasentia.com\/da\/wp-json\/wp\/v2\/product"}],"about":[{"href":"https:\/\/aromasentia.com\/da\/wp-json\/wp\/v2\/types\/product"}],"replies":[{"embeddable":true,"href":"https:\/\/aromasentia.com\/da\/wp-json\/wp\/v2\/comments?post=201204"}],"version-history":[{"count":0,"href":"https:\/\/aromasentia.com\/da\/wp-json\/wp\/v2\/product\/201204\/revisions"}],"wp:featuredmedia":[{"embeddable":true,"href":"https:\/\/aromasentia.com\/da\/wp-json\/wp\/v2\/media\/268312"}],"wp:attachment":[{"href":"https:\/\/aromasentia.com\/da\/wp-json\/wp\/v2\/media?parent=201204"}],"wp:term":[{"taxonomy":"product_brand","embeddable":true,"href":"https:\/\/aromasentia.com\/da\/wp-json\/wp\/v2\/product_brand?post=201204"},{"taxonomy":"product_cat","embeddable":true,"href":"https:\/\/aromasentia.com\/da\/wp-json\/wp\/v2\/product_cat?post=201204"},{"taxonomy":"product_tag","embeddable":true,"href":"https:\/\/aromasentia.com\/da\/wp-json\/wp\/v2\/product_tag?post=201204"}],"curies":[{"name":"wp","href":"https:\/\/api.w.org\/{rel}","templated":true}]}}