{"id":201203,"date":"2025-03-20T15:15:03","date_gmt":"2025-03-20T15:15:03","guid":{"rendered":"https:\/\/aromasentia.com\/product\/mandarin-50ml-essential-oil\/"},"modified":"2025-06-22T03:35:14","modified_gmt":"2025-06-22T03:35:14","slug":"mandarin-aeterisk-olie-50ml-2","status":"publish","type":"product","link":"https:\/\/aromasentia.com\/da\/mandarin-aeterisk-olie-50ml-2\/","title":{"rendered":"Mandarin \u00c6terisk Olie 50ml"},"content":{"rendered":"<p><strong>Latinsk navn: Citrus Reticulata<br \/>Anvendt plantedel: Frugtskal<br \/>Kilde: Argentina<br \/>Ekstraktionsmetode: Koldpressning<\/strong><\/p>\n<p><strong>Mandarin \u00e6terisk olie<\/strong>udvindes fra Citrus Reticulata ved kold komprimering af skr\u00e6llen. Mandarin petitgrain olie ekstraheres ogs\u00e5 i sm\u00e5 m\u00e6ngder ved dampdestillation af blade og kviste. Olien er gylden gul-orange og har aromaen af en frisk appelsin. En hel gruppe af citrusfrugter falder ind under mandarin-appelsiner, herunder Satsuma, Clementine, Dancy, Honey, Pixie og tangeriner.<\/p>\n<p>Denne olie er meget mild og siges derfor at blive brugt til behandling af selv b\u00f8rn og gravide kvinder, en af de f\u00e5 olier, der bruges p\u00e5 denne m\u00e5de. Med sin styrkende og stimulerende effekt p\u00e5 b\u00e5de mave og lever er den nyttig mod ford\u00f8jelsesproblemer. Mandarinolie er ogs\u00e5 nyttig til behandling af akne, fedtet hud og bumser. Den formodes ogs\u00e5 at hj\u00e6lpe med at lindre problemer som v\u00e6skeretention og fedme. Olien, fortyndet omkring 1-2% i en b\u00e6reolie, masseres blidt p\u00e5 et barns mave for at lindre mavesmerter. Et par dr\u00e5ber i badet beroliger hyperaktive b\u00f8rn. Brugt i en oliebr\u00e6nder fordriver det depression og lindrer angst.<\/p>\n<p>Mandarinerne kaldes dette, fordi de traditionelt blev tilbudt som gaver til Kinas mandariner. I Frankrig betragtes mandarin som et sikkert middel til behandling af ford\u00f8jelsesbesv\u00e6r hos b\u00f8rn og for \u00e6ldre, da det hj\u00e6lper med at styrke ford\u00f8jelsessystemet og leveren.<\/p>\n","protected":false},"excerpt":{"rendered":"<p>Latinsk navn: Citrus ReticulataAnvendt plantedel: FrugtskalKilde: ArgentinaEkstraktionsmetode: Koldpressning Mandarin \u00e6terisk olieudvindes fra Citrus Reticulata ved kold komprimering af skr\u00e6llen. Mandarin petitgrain olie ekstraheres ogs\u00e5 i sm\u00e5 m\u00e6ngder ved dampdestillation af blade og kviste. Olien er gylden gul-orange og har aromaen af en frisk appelsin. En hel gruppe af citrusfrugter falder ind under mandarin-appelsiner, herunder Satsuma, [&hellip;]<\/p>\n","protected":false},"featured_media":268303,"comment_status":"closed","ping_status":"open","template":"","meta":{"_angie_page":false},"product_brand":[27094],"product_cat":[7647,6153,26816,25839,25963],"product_tag":[],"class_list":{"0":"post-201203","1":"product","2":"type-product","3":"status-publish","4":"has-post-thumbnail","6":"product_brand-ancient-wisdom","7":"product_cat-aeteriske-olier","8":"product_cat-aromaterapi-og-rumdufte","9":"product_cat-citrus","10":"product_cat-dufte-aromaer","11":"product_cat-mandarin","12":"pa_collection-50ml-essential-oil-da","13":"pa_made-in-argentina","14":"pa_size-50ml","16":"first","17":"instock","18":"purchasable","19":"product-type-simple"},"supplier_id":null,"supplier_sku":"PrEO-30","barcode":null,"atum_controlled":true,"out_stock_date":null,"out_stock_threshold":null,"inheritable":false,"inbound_stock":0,"stock_on_hold":0,"sold_today":0,"sales_last_days":0,"reserved_stock":0,"customer_returns":0,"warehouse_damage":0,"lost_in_post":0,"other_logs":0,"out_stock_days":0,"lost_sales":0,"has_location":false,"update_date":"2026-05-08T05:16:51","atum_locations":[],"atum_stock_status":"instock","restock_status":false,"low_stock_amount":"","sales_update_date":"2025-09-05T00:18:05","calc_backorders":null,"_links":{"self":[{"href":"https:\/\/aromasentia.com\/da\/wp-json\/wp\/v2\/product\/201203","targetHints":{"allow":["GET"]}}],"collection":[{"href":"https:\/\/aromasentia.com\/da\/wp-json\/wp\/v2\/product"}],"about":[{"href":"https:\/\/aromasentia.com\/da\/wp-json\/wp\/v2\/types\/product"}],"replies":[{"embeddable":true,"href":"https:\/\/aromasentia.com\/da\/wp-json\/wp\/v2\/comments?post=201203"}],"version-history":[{"count":0,"href":"https:\/\/aromasentia.com\/da\/wp-json\/wp\/v2\/product\/201203\/revisions"}],"wp:featuredmedia":[{"embeddable":true,"href":"https:\/\/aromasentia.com\/da\/wp-json\/wp\/v2\/media\/268303"}],"wp:attachment":[{"href":"https:\/\/aromasentia.com\/da\/wp-json\/wp\/v2\/media?parent=201203"}],"wp:term":[{"taxonomy":"product_brand","embeddable":true,"href":"https:\/\/aromasentia.com\/da\/wp-json\/wp\/v2\/product_brand?post=201203"},{"taxonomy":"product_cat","embeddable":true,"href":"https:\/\/aromasentia.com\/da\/wp-json\/wp\/v2\/product_cat?post=201203"},{"taxonomy":"product_tag","embeddable":true,"href":"https:\/\/aromasentia.com\/da\/wp-json\/wp\/v2\/product_tag?post=201203"}],"curies":[{"name":"wp","href":"https:\/\/api.w.org\/{rel}","templated":true}]}}